{"id":17707,"date":"2021-04-12T12:14:41","date_gmt":"2021-04-12T12:14:41","guid":{"rendered":"https:\/\/dankpluguk.com\/?page_id=17707"},"modified":"2021-05-03T14:11:45","modified_gmt":"2021-05-03T14:11:45","slug":"how-to-order-weed-online","status":"publish","type":"page","link":"https:\/\/dankplugeu.com\/de\/wie-man-gras-online-bestellt\/","title":{"rendered":"Wie bestellt man Weed online?"},"content":{"rendered":"<div  class=\"vc_row wpb_row vc_row-fluid vc_column-gap-default ts-row-wide\"  ><div class=\"wpb_column vc_column_container vc_col-sm-12\">\n\t<div class=\"wpb_wrapper\">\n\t\n\t<div class=\"wpb_text_column wpb_content_element\" >\n\t\t<div class=\"wpb_wrapper\">\n\t\t\t<p>Wie bestellt man Weed online? Wenn Sie zum ersten Mal einkaufen, stellen Sie sich wahrscheinlich diese Frage: Wie kann man Weed online kaufen? Auf <a href=\"https:\/\/dankplugeu.com\/de\/\">DankPlugEU<\/a>In 3 Schritten zeigen wir Ihnen, wie Sie schnell und einfach Cannabis online bestellen k\u00f6nnen. Au\u00dferdem k\u00f6nnen Sie die besten Haschischsorten zu guten Preisen erhalten, der Versand ist zu 100% garantiert.<\/p>\n<p><strong>1. Schritt:<\/strong> Klicken Sie auf die Schaltfl\u00e4che Shop, um unser Men\u00fc zu sehen und w\u00e4hlen Sie Ihre Marihuana-Kategorie zwischen St\u00e4mmen, Konzentraten, Esswaren, <a href=\"https:\/\/en.wikipedia.org\/wiki\/Cannabis_(drug)\">\u00d6le<\/a>, Moonrock und Haschisch. F\u00fcgen Sie dann Ihre Produkte zu Ihrem Warenkorb hinzu, indem Sie auf die Schaltfl\u00e4che \"In den Warenkorb\" klicken.<\/p>\n<p><strong>2. Schritt:<\/strong> Wenn Sie Ihre Produkte in den Warenkorb gelegt haben, klicken Sie auf das \"Warenkorb-Symbol\" am oberen Rand Ihres Bildschirms und Sie werden automatisch zur Zahlungsseite weitergeleitet.<\/p>\n<p><strong>3. Schritt:<\/strong> Sobald Sie auf der Zahlungsseite sind, m\u00fcssen Sie nur noch Ihre Zahlungsmethode ausw\u00e4hlen und mit dem Paket fortfahren.<\/p>\n\n\t\t<\/div>\n\t<\/div>\n\t<\/div>\n<\/div><\/div>","protected":false},"excerpt":{"rendered":"How to Order Weed Online, First time purchasing, you probably ask yourself this question: how to buy Weed online? At DankPlugEU, order weed online is very simple; In 3 steps, we will show you how to mail order cannabis online quickly and easily also you can get the best hash strains for good prices shipping [...]","protected":false},"author":1,"featured_media":0,"parent":0,"menu_order":0,"comment_status":"closed","ping_status":"closed","template":"","meta":{"_joinchat":[],"footnotes":""},"class_list":["post-17707","page","type-page","status-publish","hentry"],"yoast_head":"<!-- This site is optimized with the Yoast SEO plugin v26.3 - https:\/\/yoast.com\/wordpress\/plugins\/seo\/ -->\n<title>How to Order Weed Online UK - Order weed online uk - Order cannabis uk<\/title>\n<meta name=\"description\" content=\"Looking that how to order weed online UK? DankPlugEU has delivered the best marijuana products to your door with Potlala, the #1 trusted online weed store in Europe. Weed for sale near me.\" \/>\n<meta name=\"robots\" content=\"index, follow, max-snippet:-1, max-image-preview:large, max-video-preview:-1\" \/>\n<link rel=\"canonical\" href=\"https:\/\/dankplugeu.com\/de\/wie-man-gras-online-bestellt\/\" \/>\n<meta property=\"og:locale\" content=\"de_DE\" \/>\n<meta property=\"og:type\" content=\"article\" \/>\n<meta property=\"og:title\" content=\"How to Order Weed Online UK - Order weed online uk - Order cannabis uk\" \/>\n<meta property=\"og:description\" content=\"Looking that how to order weed online UK? DankPlugEU has delivered the best marijuana products to your door with Potlala, the #1 trusted online weed store in Europe. Weed for sale near me.\" \/>\n<meta property=\"og:url\" content=\"https:\/\/dankplugeu.com\/de\/wie-man-gras-online-bestellt\/\" \/>\n<meta property=\"og:site_name\" content=\"DankPlugEU\" \/>\n<meta property=\"article:modified_time\" content=\"2021-05-03T14:11:45+00:00\" \/>\n<meta name=\"twitter:card\" content=\"summary_large_image\" \/>\n<meta name=\"twitter:label1\" content=\"Gesch\u00e4tzte Lesezeit\" \/>\n\t<meta name=\"twitter:data1\" content=\"1 minute\" \/>\n<script type=\"application\/ld+json\" class=\"yoast-schema-graph\">{\"@context\":\"https:\/\/schema.org\",\"@graph\":[{\"@type\":\"WebPage\",\"@id\":\"https:\/\/dankplugeu.com\/how-to-order-weed-online\/\",\"url\":\"https:\/\/dankplugeu.com\/how-to-order-weed-online\/\",\"name\":\"How to Order Weed Online UK - Order weed online uk - Order cannabis uk\",\"isPartOf\":{\"@id\":\"https:\/\/dankplugeu.com\/#website\"},\"datePublished\":\"2021-04-12T12:14:41+00:00\",\"dateModified\":\"2021-05-03T14:11:45+00:00\",\"description\":\"Looking that how to order weed online UK? DankPlugEU has delivered the best marijuana products to your door with Potlala, the #1 trusted online weed store in Europe. Weed for sale near me.\",\"breadcrumb\":{\"@id\":\"https:\/\/dankplugeu.com\/how-to-order-weed-online\/#breadcrumb\"},\"inLanguage\":\"de-DE\",\"potentialAction\":[{\"@type\":\"ReadAction\",\"target\":[\"https:\/\/dankplugeu.com\/how-to-order-weed-online\/\"]}]},{\"@type\":\"BreadcrumbList\",\"@id\":\"https:\/\/dankplugeu.com\/how-to-order-weed-online\/#breadcrumb\",\"itemListElement\":[{\"@type\":\"ListItem\",\"position\":1,\"name\":\"Home\",\"item\":\"https:\/\/dankplugeu.com\/\"},{\"@type\":\"ListItem\",\"position\":2,\"name\":\"How to Order Weed Online?\"}]},{\"@type\":\"WebSite\",\"@id\":\"https:\/\/dankplugeu.com\/#website\",\"url\":\"https:\/\/dankplugeu.com\/\",\"name\":\"DankPlugEU\",\"description\":\"Order Weed online\",\"publisher\":{\"@id\":\"https:\/\/dankplugeu.com\/#organization\"},\"potentialAction\":[{\"@type\":\"SearchAction\",\"target\":{\"@type\":\"EntryPoint\",\"urlTemplate\":\"https:\/\/dankplugeu.com\/?s={search_term_string}\"},\"query-input\":{\"@type\":\"PropertyValueSpecification\",\"valueRequired\":true,\"valueName\":\"search_term_string\"}}],\"inLanguage\":\"de-DE\"},{\"@type\":\"Organization\",\"@id\":\"https:\/\/dankplugeu.com\/#organization\",\"name\":\"DankPlugEU\",\"url\":\"https:\/\/dankplugeu.com\/\",\"logo\":{\"@type\":\"ImageObject\",\"inLanguage\":\"de-DE\",\"@id\":\"https:\/\/dankplugeu.com\/#\/schema\/logo\/image\/\",\"url\":\"https:\/\/dankplugeu.com\/wp-content\/uploads\/2021\/04\/dankplugeu-logo.png\",\"contentUrl\":\"https:\/\/dankplugeu.com\/wp-content\/uploads\/2021\/04\/dankplugeu-logo.png\",\"width\":864,\"height\":216,\"caption\":\"DankPlugEU\"},\"image\":{\"@id\":\"https:\/\/dankplugeu.com\/#\/schema\/logo\/image\/\"}}]}<\/script>\n<!-- \/ Yoast SEO plugin. -->","yoast_head_json":{"title":"How to Order Weed Online UK - Order weed online uk - Order cannabis uk","description":"Looking that how to order weed online UK? DankPlugEU has delivered the best marijuana products to your door with Potlala, the #1 trusted online weed store in Europe. Weed for sale near me.","robots":{"index":"index","follow":"follow","max-snippet":"max-snippet:-1","max-image-preview":"max-image-preview:large","max-video-preview":"max-video-preview:-1"},"canonical":"https:\/\/dankplugeu.com\/de\/wie-man-gras-online-bestellt\/","og_locale":"de_DE","og_type":"article","og_title":"How to Order Weed Online UK - Order weed online uk - Order cannabis uk","og_description":"Looking that how to order weed online UK? DankPlugEU has delivered the best marijuana products to your door with Potlala, the #1 trusted online weed store in Europe. Weed for sale near me.","og_url":"https:\/\/dankplugeu.com\/de\/wie-man-gras-online-bestellt\/","og_site_name":"DankPlugEU","article_modified_time":"2021-05-03T14:11:45+00:00","twitter_card":"summary_large_image","twitter_misc":{"Gesch\u00e4tzte Lesezeit":"1 minute"},"schema":{"@context":"https:\/\/schema.org","@graph":[{"@type":"WebPage","@id":"https:\/\/dankplugeu.com\/how-to-order-weed-online\/","url":"https:\/\/dankplugeu.com\/how-to-order-weed-online\/","name":"How to Order Weed Online UK - Order weed online uk - Order cannabis uk","isPartOf":{"@id":"https:\/\/dankplugeu.com\/#website"},"datePublished":"2021-04-12T12:14:41+00:00","dateModified":"2021-05-03T14:11:45+00:00","description":"Looking that how to order weed online UK? DankPlugEU has delivered the best marijuana products to your door with Potlala, the #1 trusted online weed store in Europe. Weed for sale near me.","breadcrumb":{"@id":"https:\/\/dankplugeu.com\/how-to-order-weed-online\/#breadcrumb"},"inLanguage":"de-DE","potentialAction":[{"@type":"ReadAction","target":["https:\/\/dankplugeu.com\/how-to-order-weed-online\/"]}]},{"@type":"BreadcrumbList","@id":"https:\/\/dankplugeu.com\/how-to-order-weed-online\/#breadcrumb","itemListElement":[{"@type":"ListItem","position":1,"name":"Home","item":"https:\/\/dankplugeu.com\/"},{"@type":"ListItem","position":2,"name":"How to Order Weed Online?"}]},{"@type":"WebSite","@id":"https:\/\/dankplugeu.com\/#website","url":"https:\/\/dankplugeu.com\/","name":"DankPlugEU","description":"Order Weed online","publisher":{"@id":"https:\/\/dankplugeu.com\/#organization"},"potentialAction":[{"@type":"SearchAction","target":{"@type":"EntryPoint","urlTemplate":"https:\/\/dankplugeu.com\/?s={search_term_string}"},"query-input":{"@type":"PropertyValueSpecification","valueRequired":true,"valueName":"search_term_string"}}],"inLanguage":"de-DE"},{"@type":"Organization","@id":"https:\/\/dankplugeu.com\/#organization","name":"DankPlugEU","url":"https:\/\/dankplugeu.com\/","logo":{"@type":"ImageObject","inLanguage":"de-DE","@id":"https:\/\/dankplugeu.com\/#\/schema\/logo\/image\/","url":"https:\/\/dankplugeu.com\/wp-content\/uploads\/2021\/04\/dankplugeu-logo.png","contentUrl":"https:\/\/dankplugeu.com\/wp-content\/uploads\/2021\/04\/dankplugeu-logo.png","width":864,"height":216,"caption":"DankPlugEU"},"image":{"@id":"https:\/\/dankplugeu.com\/#\/schema\/logo\/image\/"}}]}},"_links":{"self":[{"href":"https:\/\/dankplugeu.com\/de\/wp-json\/wp\/v2\/pages\/17707","targetHints":{"allow":["GET"]}}],"collection":[{"href":"https:\/\/dankplugeu.com\/de\/wp-json\/wp\/v2\/pages"}],"about":[{"href":"https:\/\/dankplugeu.com\/de\/wp-json\/wp\/v2\/types\/page"}],"author":[{"embeddable":true,"href":"https:\/\/dankplugeu.com\/de\/wp-json\/wp\/v2\/users\/1"}],"replies":[{"embeddable":true,"href":"https:\/\/dankplugeu.com\/de\/wp-json\/wp\/v2\/comments?post=17707"}],"version-history":[{"count":4,"href":"https:\/\/dankplugeu.com\/de\/wp-json\/wp\/v2\/pages\/17707\/revisions"}],"predecessor-version":[{"id":18426,"href":"https:\/\/dankplugeu.com\/de\/wp-json\/wp\/v2\/pages\/17707\/revisions\/18426"}],"wp:attachment":[{"href":"https:\/\/dankplugeu.com\/de\/wp-json\/wp\/v2\/media?parent=17707"}],"curies":[{"name":"wp","href":"https:\/\/api.w.org\/{rel}","templated":true}]}}