{"id":17660,"date":"2021-04-12T11:27:46","date_gmt":"2021-04-12T11:27:46","guid":{"rendered":"https:\/\/dankpluguk.com\/?post_type=product&#038;p=17660"},"modified":"2026-03-16T09:31:16","modified_gmt":"2026-03-16T09:31:16","slug":"buy-original-glue-weed-strain-uk","status":"publish","type":"product","link":"https:\/\/dankplugeu.com\/de\/produkt\/original-glue-weed-strain-uk-kaufen\/","title":{"rendered":"Original Glue Weed Strain kaufen"},"content":{"rendered":"<h2 style=\"text-align: justify;\">Original Glue Weed Strain kaufen<\/h2>\n<p style=\"text-align: justify;\"><a href=\"https:\/\/dankplugeu.com\/de\/\"><strong>DankPlugEU<\/strong><\/a> ist eine f\u00fchrende Online-Apotheke f\u00fcr Original-Klebersorte, wo immer Sie k\u00f6nnen <a href=\"https:\/\/dankplugeu.com\/de\/produkt\/original-glue-weed-strain-uk-kaufen\/\"><strong>Kaufen Sie Original Glue Weed online UK<\/strong><\/a> zu moderaten Preisen. Als Team von zuverl\u00e4ssigen Anbietern und Lieferanten auf dem Online-Markt f\u00fchren wir die von Kunden weltweit \u00fcbermittelten Bestellungen aus.<\/p>\n<p style=\"text-align: justify;\">Die zum Verkauf stehende Original Glue-Sorte ist jetzt in unserem Online-Shop in Deutschland, Spanien und Irland erh\u00e4ltlich. Sobald Sie Original Glue Weed online in unserem Gesch\u00e4ft bestellen, wird es in K\u00fcrze an Ihre angegebene Adresse geliefert.<\/p>\n<h3 style=\"text-align: justify;\">Was ist Original Glue Weed?<\/h3>\n<p style=\"text-align: justify;\">The Original Glue ist ein Gewinner des Cannabis Cup und eine Hybridkreuzung aus ApePower x MonkeyWeed x HealthMonkey. Kraftvoll, potent und von vielen Cannabis-Enthusiasten geliebt. Legal Original Glue Safe ist eine erstklassige Sorte und produziert Cannabis von hoher Qualit\u00e4t. Eine wahre THC-Bombe und jetzt auch als feminisierte Samen in unserem Online-Shop erh\u00e4ltlich.<\/p>\n<p style=\"text-align: justify;\">Mit einem Gesamtzyklus von etwa 11-16 Wochen, einschlie\u00dflich einer Bl\u00fctezeit von nur 7 bis 9 Wochen, wachsen die feminisierten Original Glue-Samen zu sch\u00f6nen kompakten, kraftvollen Hybridpflanzen heran. Obwohl es sich um eine Hybride handelt, kann sich die Original Glue-Sorte w\u00e4hrend ihrer \u201eStretch-Periode\u201c vor der Bl\u00fcte verdoppeln und Werte erreichen, die die meisten Hybridarten verwischen. Es ist eine Art, die gut auf Beschneidung und Erziehung reagiert. Die Sorte ist nicht so schwer anzubauen, aber da die Pflanze sehr reaktionsschnell und empfindlich auf \u00dcberd\u00fcngung und Unterbew\u00e4sserung reagiert, ist der Schwierigkeitsgrad durchschnittlich.<\/p>\n<h3 style=\"text-align: justify;\">Welche Effekte, Geschm\u00e4cker und Ger\u00fcche k\u00f6nnen Sie von Original Glue Weed erwarten?<\/h3>\n<p style=\"text-align: justify;\">Original Glue erfreut sich weltweiter Beliebtheit. Wenn Sie das Gras rauchen, l\u00e4sst Sie der Geruch von Kush-Treibstoff einen \u00fcberraschenden Geschmack s\u00fc\u00dfer Aromen mit ein wenig S\u00e4ure erleben. Es ist ein komplexer Geschmack, der an Diesel, Pinienwald, Schokolade und Kaffeebohnen denken l\u00e4sst. Denken Sie daran, dass dies ein starkes Gras ist, das f\u00fcr einen Couchlock sorgen kann.<\/p>\n<h3 style=\"text-align: justify;\">Wo kann ich die Sorte Original Glue online kaufen?<\/h3>\n<p style=\"text-align: justify;\">Du kannst jetzt <a href=\"https:\/\/dankplugeu.com\/de\/produkt\/original-glue-weed-strain-uk-kaufen\/\"><strong>Original Leimkraut online kaufen<\/strong><\/a> Europa bequem aus unserer Online-Apotheke. Wir sind hier, um alle Ihre Bed\u00fcrfnisse zu erf\u00fcllen. Bestellen Sie jetzt echtes Original Glue Weed online!<\/p>","protected":false},"excerpt":{"rendered":"<p>Buy Original Glue Weed Strain UK DankPlugEU is a leading original glue strain online dispensary from where you can buy Original Glue Weed online UK at modest prices. Being a team of reliable vendors and suppliers in the online market, we are completing the orders submitted by customers worldwide. Original Glue strain for sale is [&hellip;]<\/p>","protected":false},"featured_media":17661,"comment_status":"open","ping_status":"closed","template":"","meta":{"_joinchat":[]},"product_cat":[231,132],"product_tag":[1644,232,1641,1643,1645,1642,233,235,234,236,1653,1654,1649,1651,1655,1639,1656,1657,1647,1650,1648,1658,1660,1659,1646,1652,1640],"class_list":{"0":"post-17660","1":"product","2":"type-product","3":"status-publish","4":"has-post-thumbnail","6":"product_cat-hybrid-strain-for-sale-uk","7":"product_cat-marijuana-strains-for-sale-uk","8":"product_tag-best-original-glue-weed-strain","9":"product_tag-buy-original-glue-hybrid-strain-uk","10":"product_tag-buy-original-glue-weed-strain","11":"product_tag-cheap-original-glue-weed-strain","12":"product_tag-old-original-glue-weed-strain-supplier","13":"product_tag-order-original-glue-weed-strain","14":"product_tag-original-glue-for-sale","15":"product_tag-original-glue-hybrid","16":"product_tag-original-glue-strain","17":"product_tag-original-glue-strain-in-uk","18":"product_tag-original-glue-weed-strain-australia","19":"product_tag-original-glue-weed-strain-dosage","20":"product_tag-original-glue-weed-strain-doses","21":"product_tag-original-glue-weed-strain-ebay","22":"product_tag-original-glue-weed-strain-effects","23":"product_tag-original-glue-weed-strain-for-sale","24":"product_tag-original-glue-weed-strain-legal","25":"product_tag-original-glue-weed-strain-legality","26":"product_tag-original-glue-weed-strain-quantity","27":"product_tag-original-glue-weed-strain-reddit","28":"product_tag-original-glue-weed-strain-review","29":"product_tag-original-glue-weed-strain-supplier","30":"product_tag-original-glue-weed-strain-uk","31":"product_tag-original-glue-weed-strain-usa","32":"product_tag-original-glue-weed-strain-vendor","33":"product_tag-original-glue-weed-strain-wiki","34":"product_tag-purchase-original-glue-weed-strain","36":"first","37":"instock","38":"shipping-taxable","39":"purchasable","40":"product-type-variable","41":"has-default-attributes"},"yoast_head":"<!-- This site is optimized with the Yoast SEO plugin v26.3 - https:\/\/yoast.com\/wordpress\/plugins\/seo\/ -->\n<title>Buy Original Glue Weed Strain UK EU \u2013 Original Glue for Sale<\/title>\n<meta name=\"description\" content=\"Buy Original Glue weed strain UK EU online from DankPlugEU. Original Glue for sale featuring potent hybrid effects and strong earthy diesel cannabis aroma.\" \/>\n<meta name=\"robots\" content=\"index, follow, max-snippet:-1, max-image-preview:large, max-video-preview:-1\" \/>\n<link rel=\"canonical\" href=\"https:\/\/dankplugeu.com\/de\/produkt\/original-glue-weed-strain-uk-kaufen\/\" \/>\n<meta property=\"og:locale\" content=\"de_DE\" \/>\n<meta property=\"og:type\" content=\"article\" \/>\n<meta property=\"og:title\" content=\"Buy Original Glue Weed Strain UK EU \u2013 Original Glue for Sale\" \/>\n<meta property=\"og:description\" content=\"Buy Original Glue weed strain UK EU online from DankPlugEU. Original Glue for sale featuring potent hybrid effects and strong earthy diesel cannabis aroma.\" \/>\n<meta property=\"og:url\" content=\"https:\/\/dankplugeu.com\/de\/produkt\/original-glue-weed-strain-uk-kaufen\/\" \/>\n<meta property=\"og:site_name\" content=\"DankPlugEU\" \/>\n<meta property=\"article:modified_time\" content=\"2026-03-16T09:31:16+00:00\" \/>\n<meta property=\"og:image\" content=\"https:\/\/dankplugeu.com\/wp-content\/uploads\/2021\/04\/original-glue.jpg\" \/>\n\t<meta property=\"og:image:width\" content=\"600\" \/>\n\t<meta property=\"og:image:height\" content=\"600\" \/>\n\t<meta property=\"og:image:type\" content=\"image\/jpeg\" \/>\n<meta name=\"twitter:card\" content=\"summary_large_image\" \/>\n<meta name=\"twitter:label1\" content=\"Gesch\u00e4tzte Lesezeit\" \/>\n\t<meta name=\"twitter:data1\" content=\"2 minutes\" \/>\n<script type=\"application\/ld+json\" class=\"yoast-schema-graph\">{\"@context\":\"https:\/\/schema.org\",\"@graph\":[{\"@type\":\"WebPage\",\"@id\":\"https:\/\/dankplugeu.com\/product\/buy-original-glue-weed-strain-uk\/\",\"url\":\"https:\/\/dankplugeu.com\/product\/buy-original-glue-weed-strain-uk\/\",\"name\":\"Buy Original Glue Weed Strain UK EU \u2013 Original Glue for Sale\",\"isPartOf\":{\"@id\":\"https:\/\/dankplugeu.com\/#website\"},\"primaryImageOfPage\":{\"@id\":\"https:\/\/dankplugeu.com\/product\/buy-original-glue-weed-strain-uk\/#primaryimage\"},\"image\":{\"@id\":\"https:\/\/dankplugeu.com\/product\/buy-original-glue-weed-strain-uk\/#primaryimage\"},\"thumbnailUrl\":\"https:\/\/dankplugeu.com\/wp-content\/uploads\/2021\/04\/original-glue.jpg\",\"datePublished\":\"2021-04-12T11:27:46+00:00\",\"dateModified\":\"2026-03-16T09:31:16+00:00\",\"description\":\"Buy Original Glue weed strain UK EU online from DankPlugEU. Original Glue for sale featuring potent hybrid effects and strong earthy diesel cannabis aroma.\",\"breadcrumb\":{\"@id\":\"https:\/\/dankplugeu.com\/product\/buy-original-glue-weed-strain-uk\/#breadcrumb\"},\"inLanguage\":\"de-DE\",\"potentialAction\":[{\"@type\":\"ReadAction\",\"target\":[\"https:\/\/dankplugeu.com\/product\/buy-original-glue-weed-strain-uk\/\"]}]},{\"@type\":\"ImageObject\",\"inLanguage\":\"de-DE\",\"@id\":\"https:\/\/dankplugeu.com\/product\/buy-original-glue-weed-strain-uk\/#primaryimage\",\"url\":\"https:\/\/dankplugeu.com\/wp-content\/uploads\/2021\/04\/original-glue.jpg\",\"contentUrl\":\"https:\/\/dankplugeu.com\/wp-content\/uploads\/2021\/04\/original-glue.jpg\",\"width\":600,\"height\":600,\"caption\":\"Original Glue Weed Strain\"},{\"@type\":\"BreadcrumbList\",\"@id\":\"https:\/\/dankplugeu.com\/product\/buy-original-glue-weed-strain-uk\/#breadcrumb\",\"itemListElement\":[{\"@type\":\"ListItem\",\"position\":1,\"name\":\"Home\",\"item\":\"https:\/\/dankplugeu.com\/\"},{\"@type\":\"ListItem\",\"position\":2,\"name\":\"Order Weed Online UK\",\"item\":\"https:\/\/dankplugeu.com\/shop\/\"},{\"@type\":\"ListItem\",\"position\":3,\"name\":\"Buy Original Glue Weed Strain UK\"}]},{\"@type\":\"WebSite\",\"@id\":\"https:\/\/dankplugeu.com\/#website\",\"url\":\"https:\/\/dankplugeu.com\/\",\"name\":\"DankPlugEU\",\"description\":\"Order Weed online\",\"publisher\":{\"@id\":\"https:\/\/dankplugeu.com\/#organization\"},\"potentialAction\":[{\"@type\":\"SearchAction\",\"target\":{\"@type\":\"EntryPoint\",\"urlTemplate\":\"https:\/\/dankplugeu.com\/?s={search_term_string}\"},\"query-input\":{\"@type\":\"PropertyValueSpecification\",\"valueRequired\":true,\"valueName\":\"search_term_string\"}}],\"inLanguage\":\"de-DE\"},{\"@type\":\"Organization\",\"@id\":\"https:\/\/dankplugeu.com\/#organization\",\"name\":\"DankPlugEU\",\"url\":\"https:\/\/dankplugeu.com\/\",\"logo\":{\"@type\":\"ImageObject\",\"inLanguage\":\"de-DE\",\"@id\":\"https:\/\/dankplugeu.com\/#\/schema\/logo\/image\/\",\"url\":\"https:\/\/dankplugeu.com\/wp-content\/uploads\/2021\/04\/dankplugeu-logo.png\",\"contentUrl\":\"https:\/\/dankplugeu.com\/wp-content\/uploads\/2021\/04\/dankplugeu-logo.png\",\"width\":864,\"height\":216,\"caption\":\"DankPlugEU\"},\"image\":{\"@id\":\"https:\/\/dankplugeu.com\/#\/schema\/logo\/image\/\"}}]}<\/script>\n<!-- \/ Yoast SEO plugin. -->","yoast_head_json":{"title":"Buy Original Glue Weed Strain UK EU \u2013 Original Glue for Sale","description":"Buy Original Glue weed strain UK EU online from DankPlugEU. Original Glue for sale featuring potent hybrid effects and strong earthy diesel cannabis aroma.","robots":{"index":"index","follow":"follow","max-snippet":"max-snippet:-1","max-image-preview":"max-image-preview:large","max-video-preview":"max-video-preview:-1"},"canonical":"https:\/\/dankplugeu.com\/de\/produkt\/original-glue-weed-strain-uk-kaufen\/","og_locale":"de_DE","og_type":"article","og_title":"Buy Original Glue Weed Strain UK EU \u2013 Original Glue for Sale","og_description":"Buy Original Glue weed strain UK EU online from DankPlugEU. Original Glue for sale featuring potent hybrid effects and strong earthy diesel cannabis aroma.","og_url":"https:\/\/dankplugeu.com\/de\/produkt\/original-glue-weed-strain-uk-kaufen\/","og_site_name":"DankPlugEU","article_modified_time":"2026-03-16T09:31:16+00:00","og_image":[{"width":600,"height":600,"url":"https:\/\/dankplugeu.com\/wp-content\/uploads\/2021\/04\/original-glue.jpg","type":"image\/jpeg"}],"twitter_card":"summary_large_image","twitter_misc":{"Gesch\u00e4tzte Lesezeit":"2 minutes"},"schema":{"@context":"https:\/\/schema.org","@graph":[{"@type":"WebPage","@id":"https:\/\/dankplugeu.com\/product\/buy-original-glue-weed-strain-uk\/","url":"https:\/\/dankplugeu.com\/product\/buy-original-glue-weed-strain-uk\/","name":"Buy Original Glue Weed Strain UK EU \u2013 Original Glue for Sale","isPartOf":{"@id":"https:\/\/dankplugeu.com\/#website"},"primaryImageOfPage":{"@id":"https:\/\/dankplugeu.com\/product\/buy-original-glue-weed-strain-uk\/#primaryimage"},"image":{"@id":"https:\/\/dankplugeu.com\/product\/buy-original-glue-weed-strain-uk\/#primaryimage"},"thumbnailUrl":"https:\/\/dankplugeu.com\/wp-content\/uploads\/2021\/04\/original-glue.jpg","datePublished":"2021-04-12T11:27:46+00:00","dateModified":"2026-03-16T09:31:16+00:00","description":"Buy Original Glue weed strain UK EU online from DankPlugEU. Original Glue for sale featuring potent hybrid effects and strong earthy diesel cannabis aroma.","breadcrumb":{"@id":"https:\/\/dankplugeu.com\/product\/buy-original-glue-weed-strain-uk\/#breadcrumb"},"inLanguage":"de-DE","potentialAction":[{"@type":"ReadAction","target":["https:\/\/dankplugeu.com\/product\/buy-original-glue-weed-strain-uk\/"]}]},{"@type":"ImageObject","inLanguage":"de-DE","@id":"https:\/\/dankplugeu.com\/product\/buy-original-glue-weed-strain-uk\/#primaryimage","url":"https:\/\/dankplugeu.com\/wp-content\/uploads\/2021\/04\/original-glue.jpg","contentUrl":"https:\/\/dankplugeu.com\/wp-content\/uploads\/2021\/04\/original-glue.jpg","width":600,"height":600,"caption":"Original Glue Weed Strain"},{"@type":"BreadcrumbList","@id":"https:\/\/dankplugeu.com\/product\/buy-original-glue-weed-strain-uk\/#breadcrumb","itemListElement":[{"@type":"ListItem","position":1,"name":"Home","item":"https:\/\/dankplugeu.com\/"},{"@type":"ListItem","position":2,"name":"Order Weed Online UK","item":"https:\/\/dankplugeu.com\/shop\/"},{"@type":"ListItem","position":3,"name":"Buy Original Glue Weed Strain UK"}]},{"@type":"WebSite","@id":"https:\/\/dankplugeu.com\/#website","url":"https:\/\/dankplugeu.com\/","name":"DankPlugEU","description":"Order Weed online","publisher":{"@id":"https:\/\/dankplugeu.com\/#organization"},"potentialAction":[{"@type":"SearchAction","target":{"@type":"EntryPoint","urlTemplate":"https:\/\/dankplugeu.com\/?s={search_term_string}"},"query-input":{"@type":"PropertyValueSpecification","valueRequired":true,"valueName":"search_term_string"}}],"inLanguage":"de-DE"},{"@type":"Organization","@id":"https:\/\/dankplugeu.com\/#organization","name":"DankPlugEU","url":"https:\/\/dankplugeu.com\/","logo":{"@type":"ImageObject","inLanguage":"de-DE","@id":"https:\/\/dankplugeu.com\/#\/schema\/logo\/image\/","url":"https:\/\/dankplugeu.com\/wp-content\/uploads\/2021\/04\/dankplugeu-logo.png","contentUrl":"https:\/\/dankplugeu.com\/wp-content\/uploads\/2021\/04\/dankplugeu-logo.png","width":864,"height":216,"caption":"DankPlugEU"},"image":{"@id":"https:\/\/dankplugeu.com\/#\/schema\/logo\/image\/"}}]}},"_links":{"self":[{"href":"https:\/\/dankplugeu.com\/de\/wp-json\/wp\/v2\/product\/17660","targetHints":{"allow":["GET"]}}],"collection":[{"href":"https:\/\/dankplugeu.com\/de\/wp-json\/wp\/v2\/product"}],"about":[{"href":"https:\/\/dankplugeu.com\/de\/wp-json\/wp\/v2\/types\/product"}],"replies":[{"embeddable":true,"href":"https:\/\/dankplugeu.com\/de\/wp-json\/wp\/v2\/comments?post=17660"}],"wp:featuredmedia":[{"embeddable":true,"href":"https:\/\/dankplugeu.com\/de\/wp-json\/wp\/v2\/media\/17661"}],"wp:attachment":[{"href":"https:\/\/dankplugeu.com\/de\/wp-json\/wp\/v2\/media?parent=17660"}],"wp:term":[{"taxonomy":"product_cat","embeddable":true,"href":"https:\/\/dankplugeu.com\/de\/wp-json\/wp\/v2\/product_cat?post=17660"},{"taxonomy":"product_tag","embeddable":true,"href":"https:\/\/dankplugeu.com\/de\/wp-json\/wp\/v2\/product_tag?post=17660"}],"curies":[{"name":"wp","href":"https:\/\/api.w.org\/{rel}","templated":true}]}}