{"id":17682,"date":"2021-04-12T11:55:06","date_gmt":"2021-04-12T11:55:06","guid":{"rendered":"https:\/\/dankpluguk.com\/?post_type=product&#038;p=17682"},"modified":"2026-03-23T11:25:45","modified_gmt":"2026-03-23T11:25:45","slug":"buy-runtz-weed-strain-uk","status":"publish","type":"product","link":"https:\/\/dankplugeu.com\/de\/produkt\/runtz-weed-strain-uk-kaufen-2\/","title":{"rendered":"Runtz Weed Strain kaufen"},"content":{"rendered":"<div class=\"relative basis-auto flex-col -mb-(--composer-overlap-px) [--composer-overlap-px:28px] grow flex\">\n<div class=\"flex flex-col text-sm pb-25\">\n<section class=\"text-token-text-primary w-full focus:outline-none [--shadow-height:45px] has-data-writing-block:pointer-events-none has-data-writing-block:-mt-(--shadow-height) has-data-writing-block:pt-(--shadow-height) [&amp;:has([data-writing-block])&gt;*]:pointer-events-auto scroll-mt-[calc(var(--header-height)+min(200px,max(70px,20svh)))]\" dir=\"auto\" data-turn-id=\"request-69b4f380-d534-8320-8f3a-5301cc612476-1\" data-testid=\"conversation-turn-88\" data-scroll-anchor=\"true\" data-turn=\"assistant\">\n<div class=\"text-base my-auto mx-auto pb-10 [--thread-content-margin:var(--thread-content-margin-xs,calc(var(--spacing)*4))] @w-sm\/main:[--thread-content-margin:var(--thread-content-margin-sm,calc(var(--spacing)*6))] @w-lg\/main:[--thread-content-margin:var(--thread-content-margin-lg,calc(var(--spacing)*16))] px-(--thread-content-margin)\">\n<div class=\"[--thread-content-max-width:40rem] @w-lg\/main:[--thread-content-max-width:48rem] mx-auto max-w-(--thread-content-max-width) flex-1 group\/turn-messages focus-visible:outline-hidden relative flex w-full min-w-0 flex-col agent-turn\">\n<div class=\"flex max-w-full flex-col gap-4 grow\">\n<div class=\"min-h-8 text-message relative flex w-full flex-col items-end gap-2 text-start break-words whitespace-normal outline-none keyboard-focused:focus-ring [.text-message+&amp;]:mt-1\" dir=\"auto\" tabindex=\"0\" data-message-author-role=\"assistant\" data-message-id=\"e61af4c0-c430-474e-9332-13ffc58f0486\" data-message-model-slug=\"gpt-5-3\" data-turn-start-message=\"true\">\n<div class=\"flex w-full flex-col gap-1 empty:hidden\">\n<div class=\"markdown prose dark:prose-invert w-full wrap-break-word light markdown-new-styling\">\n<h2 data-section-id=\"1ybluaa\" data-start=\"120\" data-end=\"147\">Runtz Weed Strain kaufen<\/h2>\n<p data-start=\"149\" data-end=\"761\"><a href=\"https:\/\/dankplugeu.com\/de\/produkt\/runtz-weed-strain-uk-kaufen-2\/\"><strong data-start=\"149\" data-end=\"184\">Runtz-Weed-Sorte online in Gro\u00dfbritannien kaufen<\/strong><\/a> ...von DankPlugEU \u2013 einem vertrauensw\u00fcrdigen Dispensary, das f\u00fcr erstklassige Cannabisprodukte bekannt ist. Die Sorte Runtz ist in unserem Online-Shop \u2013 der weithin unter dem Namen DankPlugEU bekannt ist \u2013 online in Gro\u00dfbritannien erh\u00e4ltlich. Hier bei DankPlugEU erhalten Sie zudem Runtz-Gras von makelloser Qualit\u00e4t. Unser Team aus H\u00e4ndlern und Lieferanten bei DankPlugEU gew\u00e4hrleistet Ihnen einen sicheren und unkomplizierten Zugang. Viele Nutzer, die auf der Suche nach einer Bezugsquelle f\u00fcr Runtz-Gras in Gro\u00dfbritannien sind, entscheiden sich f\u00fcr... <a href=\"https:\/\/dankplugeu.com\/de\/\">DankPlugEU<\/a> f\u00fcr Zuverl\u00e4ssigkeit und Qualit\u00e4t. Bestelle die Runtz-Weed-Sorte online bei DankPlugEU, um ihre langanhaltenden Wirkungen zu genie\u00dfen.<\/p>\n<h3 data-section-id=\"3eyyzi\" data-start=\"763\" data-end=\"787\">Was ist die Runtz-Sorte?<\/h3>\n<p data-start=\"789\" data-end=\"1474\">Belastung durch Cookies. Es wird durch die Kreuzung von Zkittlez mit Gelato hergestellt und ist wegen seines unglaublich fruchtigen Geschmacksprofils beliebt, das genau wie eine T\u00fcte der Zuckers\u00fc\u00dfigkeit riecht, die wir alle kennen und lieben. Aufgrund der steigenden Popularit\u00e4t dieser Sorte ist es keine \u00dcberraschung, dass Runtz im Jahr 2020 zur Leafly Strain of the Year ernannt wurde. Z\u00fcchter sagen, dass diese Sorte harzgetr\u00e4nkte Knospen hat, deren Farbe von sattem Violett bis Limonengr\u00fcn reicht. Runtz wird f\u00fcr seinen cremigen Rauch gefeiert, der weich und einladend ist. Diese Sorte erzeugt euphorische und erhebende Effekte, die bekannterma\u00dfen langanhaltend sind.<\/p>\n<p data-start=\"1476\" data-end=\"1775\">Bei anderen kann es sich eher zum Diesel-Ende des Spektrums bewegen, wodurch sie etwas gasf\u00f6rmiger oder metallischer riecht. Alles in allem f\u00e4llt dieses einzigartige und komplexe Aroma eher unter die \u00dcberschrift echtes Gras der alten Schule!<\/p>\n<h3 data-section-id=\"y5o1fw\" data-start=\"1777\" data-end=\"1821\">Beschreibe alle Eigenschaften von Runtz-Gras.<\/h3>\n<p data-start=\"1823\" data-end=\"1905\">Runtz Feminisierte Hanfsamen ist eine der gr\u00f6\u00dften US-amerikanischen Spezialsorten im Trend.<\/p>\n<p data-start=\"1907\" data-end=\"2007\">Die feminisierte Cannabissorte Runtz hat zusammen mit der preisgekr\u00f6nten Zkittlez eine starke Gelato 33-Genetik.<\/p>\n<p data-start=\"2009\" data-end=\"2200\">Die feminisierte Cannabissorte Runtz ist Indica-dominant mit einem THC-Gehalt von 25 % oder unter optimierten Bedingungen sogar noch h\u00f6her.<\/p>\n<p data-start=\"2202\" data-end=\"2287\">La floraison prend environ 8-9 semaines et produit des bourgeons fermes et denses avec des niveaux \u00e9lev\u00e9s de r\u00e9sine.<\/p>\n<p data-start=\"2289\" data-end=\"2384\">Die feminisierte Cannabispflanze von Runtz ist einfach anzubauen und produziert sehr gro\u00dfz\u00fcgige Ertr\u00e4ge an Qualit\u00e4tsknospen.<\/p>\n<p data-start=\"2386\" data-end=\"2493\">Diese neueste feminisierte Sorte liefert ein unglaublich starkes, entspannendes und absolut verheerendes High.<\/p>\n<p data-start=\"2495\" data-end=\"2547\">Sehr empfehlenswert f\u00fcr Extrakt\/Konzentrat-Fans.<\/p>\n<h3 data-section-id=\"eg3bbi\" data-start=\"2549\" data-end=\"2616\">Wo ist der richtige Ort, um Runtz-Gras online zu g\u00fcnstigen Preisen zu kaufen?<\/h3>\n<p data-start=\"2618\" data-end=\"2987\" data-is-last-node=\"\" data-is-only-node=\"\">DankPlugEU ist die richtige Adresse, um den Runtz-Weed-Strain in Gro\u00dfbritannien zu g\u00fcnstigen Preisen zu erwerben. Wir liefern den zum Verkauf stehenden Runtz-Weed-Strain direkt an die von Ihnen angegebene Adresse. Sie k\u00f6nnen den Runtz-Weed-Strain bei DankPlugEU online in Gro\u00dfbritannien, Spanien und Irland bestellen. Teilen Sie DankPlugEU Ihre Bestelldetails mit, damit Ihre Bestellung schnellstm\u00f6glich bearbeitet werden kann.<\/p>\n<\/div>\n<\/div>\n<\/div>\n<\/div>\n<div class=\"z-0 flex min-h-[46px] justify-start\"><\/div>\n<\/div>\n<\/div>\n<\/section>\n<\/div>\n<\/div>","protected":false},"excerpt":{"rendered":"<p>Buy Runtz Weed Strain UK Buy Runtz Weed Strain UK online from DankPlugEU, a trusted dispensary known for premium cannabis products. Runtz strain online UK is available at our online store, widely recognized as DankPlugEU. You can also get impeccable quality of Runtz Weed Strain UK for sale here at DankPlugEU. Our team of vendors [&hellip;]<\/p>","protected":false},"featured_media":17692,"comment_status":"open","ping_status":"closed","template":"","meta":{"_joinchat":[]},"product_cat":[231,132],"product_tag":[1815,242,1812,1814,1813,1811,1822,243,1818,1821,245,244,246,1824,1825,1820,1826,1810,1827,1828,1819,1816,1830,1829,1817,1823],"class_list":{"0":"post-17682","1":"product","2":"type-product","3":"status-publish","4":"has-post-thumbnail","6":"product_cat-hybrid-strain-for-sale-uk","7":"product_cat-marijuana-strains-for-sale-uk","8":"product_tag-best-runtz-weed-strain","9":"product_tag-buy-runtz-hybrid-strain-uk","10":"product_tag-buy-runtz-weed-strain","11":"product_tag-cheap-runtz-weed-strain","12":"product_tag-order-runtz-weed-strain","13":"product_tag-purchase-runtz-weed-strain","14":"product_tag-runtz-ebay","15":"product_tag-runtz-for-sale","16":"product_tag-runtz-hash-weed-strain-quantity","17":"product_tag-runtz-hash-weed-strain-reddit","18":"product_tag-runtz-hybrid","19":"product_tag-runtz-strain","20":"product_tag-runtz-strain-in-uk","21":"product_tag-runtz-weed-strain-australia","22":"product_tag-runtz-weed-strain-dosage","23":"product_tag-runtz-weed-strain-doses","24":"product_tag-runtz-weed-strain-effects","25":"product_tag-runtz-weed-strain-for-sale","26":"product_tag-runtz-weed-strain-legal","27":"product_tag-runtz-weed-strain-legality","28":"product_tag-runtz-weed-strain-review","29":"product_tag-runtz-weed-strain-supplier","30":"product_tag-runtz-weed-strain-uk","31":"product_tag-runtz-weed-strain-usa","32":"product_tag-runtz-weed-strain-vendor","33":"product_tag-runtz-weed-strain-wiki","35":"first","36":"instock","37":"shipping-taxable","38":"purchasable","39":"product-type-variable","40":"has-default-attributes"},"yoast_head":"<!-- This site is optimized with the Yoast SEO plugin v26.3 - https:\/\/yoast.com\/wordpress\/plugins\/seo\/ -->\n<title>Buy Runtz Weed Strain Online UK EU \u2013 Runtz Cannabis for Sale<\/title>\n<meta name=\"description\" content=\"Buy Runtz weed strain UK EU online from DankPlugEU. Runtz for sale known for its sweet candy flavor and balanced euphoric hybrid cannabis effects.\" \/>\n<meta name=\"robots\" content=\"index, follow, max-snippet:-1, max-image-preview:large, max-video-preview:-1\" \/>\n<link rel=\"canonical\" href=\"https:\/\/dankplugeu.com\/de\/produkt\/runtz-weed-strain-uk-kaufen-2\/\" \/>\n<meta property=\"og:locale\" content=\"de_DE\" \/>\n<meta property=\"og:type\" content=\"article\" \/>\n<meta property=\"og:title\" content=\"Buy Runtz Weed Strain Online UK EU \u2013 Runtz Cannabis for Sale\" \/>\n<meta property=\"og:description\" content=\"Buy Runtz weed strain UK EU online from DankPlugEU. Runtz for sale known for its sweet candy flavor and balanced euphoric hybrid cannabis effects.\" \/>\n<meta property=\"og:url\" content=\"https:\/\/dankplugeu.com\/de\/produkt\/runtz-weed-strain-uk-kaufen-2\/\" \/>\n<meta property=\"og:site_name\" content=\"DankPlugEU\" \/>\n<meta property=\"article:modified_time\" content=\"2026-03-23T11:25:45+00:00\" \/>\n<meta property=\"og:image\" content=\"https:\/\/dankplugeu.com\/wp-content\/uploads\/2021\/04\/runtz.jpg\" \/>\n\t<meta property=\"og:image:width\" content=\"600\" \/>\n\t<meta property=\"og:image:height\" content=\"600\" \/>\n\t<meta property=\"og:image:type\" content=\"image\/jpeg\" \/>\n<meta name=\"twitter:card\" content=\"summary_large_image\" \/>\n<meta name=\"twitter:label1\" content=\"Gesch\u00e4tzte Lesezeit\" \/>\n\t<meta name=\"twitter:data1\" content=\"3 minutes\" \/>\n<script type=\"application\/ld+json\" class=\"yoast-schema-graph\">{\"@context\":\"https:\/\/schema.org\",\"@graph\":[{\"@type\":\"WebPage\",\"@id\":\"https:\/\/dankplugeu.com\/product\/buy-runtz-weed-strain-uk\/\",\"url\":\"https:\/\/dankplugeu.com\/product\/buy-runtz-weed-strain-uk\/\",\"name\":\"Buy Runtz Weed Strain Online UK EU \u2013 Runtz Cannabis for Sale\",\"isPartOf\":{\"@id\":\"https:\/\/dankplugeu.com\/#website\"},\"primaryImageOfPage\":{\"@id\":\"https:\/\/dankplugeu.com\/product\/buy-runtz-weed-strain-uk\/#primaryimage\"},\"image\":{\"@id\":\"https:\/\/dankplugeu.com\/product\/buy-runtz-weed-strain-uk\/#primaryimage\"},\"thumbnailUrl\":\"https:\/\/dankplugeu.com\/wp-content\/uploads\/2021\/04\/runtz.jpg\",\"datePublished\":\"2021-04-12T11:55:06+00:00\",\"dateModified\":\"2026-03-23T11:25:45+00:00\",\"description\":\"Buy Runtz weed strain UK EU online from DankPlugEU. Runtz for sale known for its sweet candy flavor and balanced euphoric hybrid cannabis effects.\",\"breadcrumb\":{\"@id\":\"https:\/\/dankplugeu.com\/product\/buy-runtz-weed-strain-uk\/#breadcrumb\"},\"inLanguage\":\"de-DE\",\"potentialAction\":[{\"@type\":\"ReadAction\",\"target\":[\"https:\/\/dankplugeu.com\/product\/buy-runtz-weed-strain-uk\/\"]}]},{\"@type\":\"ImageObject\",\"inLanguage\":\"de-DE\",\"@id\":\"https:\/\/dankplugeu.com\/product\/buy-runtz-weed-strain-uk\/#primaryimage\",\"url\":\"https:\/\/dankplugeu.com\/wp-content\/uploads\/2021\/04\/runtz.jpg\",\"contentUrl\":\"https:\/\/dankplugeu.com\/wp-content\/uploads\/2021\/04\/runtz.jpg\",\"width\":600,\"height\":600,\"caption\":\"Runtz Weed Strain UK\"},{\"@type\":\"BreadcrumbList\",\"@id\":\"https:\/\/dankplugeu.com\/product\/buy-runtz-weed-strain-uk\/#breadcrumb\",\"itemListElement\":[{\"@type\":\"ListItem\",\"position\":1,\"name\":\"Home\",\"item\":\"https:\/\/dankplugeu.com\/\"},{\"@type\":\"ListItem\",\"position\":2,\"name\":\"Order Weed Online UK\",\"item\":\"https:\/\/dankplugeu.com\/shop\/\"},{\"@type\":\"ListItem\",\"position\":3,\"name\":\"Buy Runtz Weed Strain UK\"}]},{\"@type\":\"WebSite\",\"@id\":\"https:\/\/dankplugeu.com\/#website\",\"url\":\"https:\/\/dankplugeu.com\/\",\"name\":\"DankPlugEU\",\"description\":\"Order Weed online\",\"publisher\":{\"@id\":\"https:\/\/dankplugeu.com\/#organization\"},\"potentialAction\":[{\"@type\":\"SearchAction\",\"target\":{\"@type\":\"EntryPoint\",\"urlTemplate\":\"https:\/\/dankplugeu.com\/?s={search_term_string}\"},\"query-input\":{\"@type\":\"PropertyValueSpecification\",\"valueRequired\":true,\"valueName\":\"search_term_string\"}}],\"inLanguage\":\"de-DE\"},{\"@type\":\"Organization\",\"@id\":\"https:\/\/dankplugeu.com\/#organization\",\"name\":\"DankPlugEU\",\"url\":\"https:\/\/dankplugeu.com\/\",\"logo\":{\"@type\":\"ImageObject\",\"inLanguage\":\"de-DE\",\"@id\":\"https:\/\/dankplugeu.com\/#\/schema\/logo\/image\/\",\"url\":\"https:\/\/dankplugeu.com\/wp-content\/uploads\/2021\/04\/dankplugeu-logo.png\",\"contentUrl\":\"https:\/\/dankplugeu.com\/wp-content\/uploads\/2021\/04\/dankplugeu-logo.png\",\"width\":864,\"height\":216,\"caption\":\"DankPlugEU\"},\"image\":{\"@id\":\"https:\/\/dankplugeu.com\/#\/schema\/logo\/image\/\"}}]}<\/script>\n<!-- \/ Yoast SEO plugin. -->","yoast_head_json":{"title":"Buy Runtz Weed Strain Online UK EU \u2013 Runtz Cannabis for Sale","description":"Buy Runtz weed strain UK EU online from DankPlugEU. Runtz for sale known for its sweet candy flavor and balanced euphoric hybrid cannabis effects.","robots":{"index":"index","follow":"follow","max-snippet":"max-snippet:-1","max-image-preview":"max-image-preview:large","max-video-preview":"max-video-preview:-1"},"canonical":"https:\/\/dankplugeu.com\/de\/produkt\/runtz-weed-strain-uk-kaufen-2\/","og_locale":"de_DE","og_type":"article","og_title":"Buy Runtz Weed Strain Online UK EU \u2013 Runtz Cannabis for Sale","og_description":"Buy Runtz weed strain UK EU online from DankPlugEU. Runtz for sale known for its sweet candy flavor and balanced euphoric hybrid cannabis effects.","og_url":"https:\/\/dankplugeu.com\/de\/produkt\/runtz-weed-strain-uk-kaufen-2\/","og_site_name":"DankPlugEU","article_modified_time":"2026-03-23T11:25:45+00:00","og_image":[{"width":600,"height":600,"url":"https:\/\/dankplugeu.com\/wp-content\/uploads\/2021\/04\/runtz.jpg","type":"image\/jpeg"}],"twitter_card":"summary_large_image","twitter_misc":{"Gesch\u00e4tzte Lesezeit":"3 minutes"},"schema":{"@context":"https:\/\/schema.org","@graph":[{"@type":"WebPage","@id":"https:\/\/dankplugeu.com\/product\/buy-runtz-weed-strain-uk\/","url":"https:\/\/dankplugeu.com\/product\/buy-runtz-weed-strain-uk\/","name":"Buy Runtz Weed Strain Online UK EU \u2013 Runtz Cannabis for Sale","isPartOf":{"@id":"https:\/\/dankplugeu.com\/#website"},"primaryImageOfPage":{"@id":"https:\/\/dankplugeu.com\/product\/buy-runtz-weed-strain-uk\/#primaryimage"},"image":{"@id":"https:\/\/dankplugeu.com\/product\/buy-runtz-weed-strain-uk\/#primaryimage"},"thumbnailUrl":"https:\/\/dankplugeu.com\/wp-content\/uploads\/2021\/04\/runtz.jpg","datePublished":"2021-04-12T11:55:06+00:00","dateModified":"2026-03-23T11:25:45+00:00","description":"Buy Runtz weed strain UK EU online from DankPlugEU. Runtz for sale known for its sweet candy flavor and balanced euphoric hybrid cannabis effects.","breadcrumb":{"@id":"https:\/\/dankplugeu.com\/product\/buy-runtz-weed-strain-uk\/#breadcrumb"},"inLanguage":"de-DE","potentialAction":[{"@type":"ReadAction","target":["https:\/\/dankplugeu.com\/product\/buy-runtz-weed-strain-uk\/"]}]},{"@type":"ImageObject","inLanguage":"de-DE","@id":"https:\/\/dankplugeu.com\/product\/buy-runtz-weed-strain-uk\/#primaryimage","url":"https:\/\/dankplugeu.com\/wp-content\/uploads\/2021\/04\/runtz.jpg","contentUrl":"https:\/\/dankplugeu.com\/wp-content\/uploads\/2021\/04\/runtz.jpg","width":600,"height":600,"caption":"Runtz Weed Strain UK"},{"@type":"BreadcrumbList","@id":"https:\/\/dankplugeu.com\/product\/buy-runtz-weed-strain-uk\/#breadcrumb","itemListElement":[{"@type":"ListItem","position":1,"name":"Home","item":"https:\/\/dankplugeu.com\/"},{"@type":"ListItem","position":2,"name":"Order Weed Online UK","item":"https:\/\/dankplugeu.com\/shop\/"},{"@type":"ListItem","position":3,"name":"Buy Runtz Weed Strain UK"}]},{"@type":"WebSite","@id":"https:\/\/dankplugeu.com\/#website","url":"https:\/\/dankplugeu.com\/","name":"DankPlugEU","description":"Order Weed online","publisher":{"@id":"https:\/\/dankplugeu.com\/#organization"},"potentialAction":[{"@type":"SearchAction","target":{"@type":"EntryPoint","urlTemplate":"https:\/\/dankplugeu.com\/?s={search_term_string}"},"query-input":{"@type":"PropertyValueSpecification","valueRequired":true,"valueName":"search_term_string"}}],"inLanguage":"de-DE"},{"@type":"Organization","@id":"https:\/\/dankplugeu.com\/#organization","name":"DankPlugEU","url":"https:\/\/dankplugeu.com\/","logo":{"@type":"ImageObject","inLanguage":"de-DE","@id":"https:\/\/dankplugeu.com\/#\/schema\/logo\/image\/","url":"https:\/\/dankplugeu.com\/wp-content\/uploads\/2021\/04\/dankplugeu-logo.png","contentUrl":"https:\/\/dankplugeu.com\/wp-content\/uploads\/2021\/04\/dankplugeu-logo.png","width":864,"height":216,"caption":"DankPlugEU"},"image":{"@id":"https:\/\/dankplugeu.com\/#\/schema\/logo\/image\/"}}]}},"_links":{"self":[{"href":"https:\/\/dankplugeu.com\/de\/wp-json\/wp\/v2\/product\/17682","targetHints":{"allow":["GET"]}}],"collection":[{"href":"https:\/\/dankplugeu.com\/de\/wp-json\/wp\/v2\/product"}],"about":[{"href":"https:\/\/dankplugeu.com\/de\/wp-json\/wp\/v2\/types\/product"}],"replies":[{"embeddable":true,"href":"https:\/\/dankplugeu.com\/de\/wp-json\/wp\/v2\/comments?post=17682"}],"wp:featuredmedia":[{"embeddable":true,"href":"https:\/\/dankplugeu.com\/de\/wp-json\/wp\/v2\/media\/17692"}],"wp:attachment":[{"href":"https:\/\/dankplugeu.com\/de\/wp-json\/wp\/v2\/media?parent=17682"}],"wp:term":[{"taxonomy":"product_cat","embeddable":true,"href":"https:\/\/dankplugeu.com\/de\/wp-json\/wp\/v2\/product_cat?post=17682"},{"taxonomy":"product_tag","embeddable":true,"href":"https:\/\/dankplugeu.com\/de\/wp-json\/wp\/v2\/product_tag?post=17682"}],"curies":[{"name":"wp","href":"https:\/\/api.w.org\/{rel}","templated":true}]}}