{"id":17708,"date":"2021-04-12T12:13:00","date_gmt":"2021-04-12T12:13:00","guid":{"rendered":"https:\/\/dankpluguk.com\/?post_type=product&#038;p=17708"},"modified":"2026-04-07T11:48:03","modified_gmt":"2026-04-07T11:48:03","slug":"buy-blue-dream-weed-strain-uk","status":"publish","type":"product","link":"https:\/\/dankplugeu.com\/es\/producto\/comprar-blue-dream-cepa-de-hierba-uk\/","title":{"rendered":"Comprar Blue Dream Weed Strain Reino Unido"},"content":{"rendered":"<h2 style=\"text-align: justify;\">Comprar Blue Dream Weed Strain Reino Unido<\/h2>\n<p class=\"ds-markdown-paragraph\">Tu puedes ahora <strong><a href=\"https:\/\/dankplugeu.com\/es\/producto\/comprar-blue-dream-cepa-de-hierba-uk\/\">buy Blue Dream weed online<\/a><\/strong> UK from our\u00a0<strong>marijuana dispensary<\/strong>\u00a0&#8211;\u00a0<a href=\"https:\/\/dankplugeu.com\/es\/\"><strong>Dank PlugUK<\/strong><\/a>. We are the\u00a0<strong>top-notch vendors and suppliers<\/strong>\u00a0of real blue dream weed online. Our Blue Dream strain\u00a0<strong>dispensario en l\u00ednea<\/strong>\u00a0has been engaged in this field for a very long period and comprehends every element involved in it. As\u00a0<strong>experienced vendors<\/strong>, we take pride in our service.<\/p>\n<p class=\"ds-markdown-paragraph\">Nuestro servicio de compra en l\u00ednea de la variedad de cannabis Blue Dream opera en diversas regiones, incluyendo el Reino Unido, Espa\u00f1a e Irlanda. Si se pregunta \u00ab\u00bfD\u00f3nde comprar la variedad Blue Dream?\u00bb, nuestro dispensario ofrece un acceso c\u00f3modo a productos de cannabis de primera calidad con un servicio de entrega fiable.<\/p>\n<h3 class=\"ds-markdown-paragraph\">\u00bfQu\u00e9 es la cepa del sue\u00f1o azul?<\/h3>\n<p class=\"ds-markdown-paragraph\">Legal Blue Dream safe is a sativa-dominant hybrid marijuana strain made by crossing Blueberry with Haze. Blue Dream is a sativa-dominant hybrid marijuana strain made by crossing Blueberry with Haze. Blue Dream produces a\u00a0<a href=\"https:\/\/en.wikipedia.org\/wiki\/Blue_Dream\"><strong>balancing high<\/strong><\/a>\u00a0accompanied by\u00a0<strong>full-body relaxation<\/strong>\u00a0with\u00a0<strong>gentle cerebral invigoration<\/strong>\u00a0(referred to as\u00a0<strong>gentle invigoration<\/strong>).<\/p>\n<p class=\"ds-markdown-paragraph\">This hybrid produces a smooth and enjoyable experience that appeals to both recreational and medical cannabis users. The\u00a0<strong>powerful experience<\/strong>\u00a0combined with\u00a0<strong>strong yet balanced effects<\/strong>\u00a0makes it highly sought after. Because of its popularity, many consumers search for the Best place to buy Blue Dream Weed Strain online to ensure they receive authentic and high-quality flowers.<\/p>\n<h3 class=\"ds-markdown-paragraph\">Impacto positivo de la cepa Blue Dream en la salud humana<\/h3>\n<p class=\"ds-markdown-paragraph\"><strong><a href=\"https:\/\/dankplugeu.com\/es\/producto\/comprar-cepa-de-hierba-blueberry-uk\/\">Medical marijuana<\/a><\/strong> patients say Blue Dream delivers swift relief from symptoms associated with pain, depression, and nausea. Growers say this strain is best suited to the Sea of Green Method and has an average flowering time of 67 days.<\/p>\n<p class=\"ds-markdown-paragraph\">Cuando se cultiva al aire libre, la Blue Dream alcanza la plena madurez a finales de octubre en el hemisferio norte y a finales de abril en el hemisferio sur. La variedad prospera cuando se cultiva en interiores en un entorno hidrop\u00f3nico y termina de florecer entre 8 y 10 semanas despu\u00e9s del cambio de ciclo de luz 12\/12, seg\u00fan Dark Heart Nursery. Para un perfil de sabor m\u00e1s robusto, muchos cultivadores optan por cultivar esta variedad en suelo con nutrientes org\u00e1nicos.<\/p>\n<p class=\"ds-markdown-paragraph\">Los cultivadores que cultivan la variedad de cannabis Blue Dream con fines comerciales suelen recomendar el m\u00e9todo de cultivo \u00abSea of \u200b\u200bGreen\u00bb. El tiempo promedio de floraci\u00f3n ronda los 67 d\u00edas, lo que lo hace manejable para muchas configuraciones de cultivo en interiores.<\/p>\n<h3 class=\"ds-markdown-paragraph\">THC<\/h3>\n<p class=\"ds-markdown-paragraph\">Blue Dream strain have an average of 20 to 25% THC levels, which is incredibly high. The <strong><a href=\"https:\/\/www.leafly.com\/strains\/blue-dream\">high THC levels<\/a><\/strong> make the weed the perfect choice for people who can tolerate high potency levels of the cannabinoid. A mix of the THC Indica is enough to give novice users a couch-lock. Hence the strain is only ideal for experienced users.<\/p>\n<p class=\"ds-markdown-paragraph\">The Blue Dream strain usually contains THC levels ranging from 20 to 25 percent. Because of this potency, many experienced users prefer to Buy Blue Dream Weed Strain online for its\u00a0<strong>strong yet balanced effects<\/strong>. Higher THC levels can deliver a\u00a0<strong>powerful experience<\/strong>, which is why beginners should approach Blue Dream Weed Strain for sale carefully and start with smaller amounts.<\/p>\n<h3 class=\"ds-markdown-paragraph\">\u00bfD\u00f3nde pedir hierba azul de ensue\u00f1o en l\u00ednea?<\/h3>\n<p class=\"ds-markdown-paragraph\">Get blue dream weed for sale at the best rates from our\u00a0<strong>online cannabis store<\/strong>. We are offering complete assistance to our customers. Just submit your order blue dream strain online and get its delivery done inside a short time span.<\/p>\n<p class=\"ds-markdown-paragraph\">If you are looking Where to buy Blue Dream Weed Strain?, our\u00a0<strong>online cannabis store<\/strong>\u00a0offers reliable options. Customers can easily Order Blue Dream Weed Strain online and receive assistance from\u00a0<strong>experienced vendors<\/strong>\u00a0and suppliers. Choose\u00a0<strong>Dank PlugUK<\/strong>\u00a0as your trusted\u00a0<strong>marijuana dispensary<\/strong>\u00a0y\u00a0<strong>dispensario en l\u00ednea<\/strong> for the best experience. <a href=\"https:\/\/dankplugeu.com\/es\/producto\/comprar-blue-dream-cepa-de-hierba-uk\/\"><strong>Customer favorites<\/strong><\/a><\/p>","protected":false},"excerpt":{"rendered":"<p>Buy Blue Dream Weed Strain UK You can now buy Blue Dream weed online UK from our\u00a0marijuana dispensary\u00a0&#8211;\u00a0Dank PlugUK. We are the\u00a0top-notch vendors and suppliers\u00a0of real blue dream weed online. Our Blue Dream strain\u00a0online dispensary\u00a0has been engaged in this field for a very long period and comprehends every element involved in it. As\u00a0experienced vendors, we [&hellip;]<\/p>","protected":false},"featured_media":17713,"comment_status":"open","ping_status":"closed","template":"","meta":{"_joinchat":[]},"product_cat":[231,132],"product_tag":[818,838,829,830,831,824,835,253,255,256,837,826,821,823,822,254,819,839,840,820,825,815,252,817,816,814],"class_list":{"0":"post-17708","1":"product","2":"type-product","3":"status-publish","4":"has-post-thumbnail","6":"product_cat-hybrid-strain-for-sale-uk","7":"product_cat-marijuana-strains-for-sale-uk","8":"product_tag-best-blue-dream","9":"product_tag-blue-dream","10":"product_tag-blue-dream-australia","11":"product_tag-blue-dream-canada","12":"product_tag-blue-dream-china","13":"product_tag-blue-dream-ebay","14":"product_tag-blue-dream-effects","15":"product_tag-blue-dream-for-sale","16":"product_tag-blue-dream-hybrid","17":"product_tag-blue-dream-in-uk","18":"product_tag-blue-dream-legal","19":"product_tag-blue-dream-online","20":"product_tag-blue-dream-quantity","21":"product_tag-blue-dream-reddit","22":"product_tag-blue-dream-review","23":"product_tag-blue-dream-strain","24":"product_tag-blue-dream-supplier","25":"product_tag-blue-dream-usa","26":"product_tag-blue-dream-vape","27":"product_tag-blue-dream-vendor","28":"product_tag-blue-dream-wiki","29":"product_tag-buy-blue-dream","30":"product_tag-buy-blue-dream-hybrid-strain-uk","31":"product_tag-cheap-blue-dream","32":"product_tag-order-blue-dream","33":"product_tag-purchase-blue-dream","35":"first","36":"instock","37":"shipping-taxable","38":"purchasable","39":"product-type-variable","40":"has-default-attributes"},"yoast_head":"<!-- This site is optimized with the Yoast SEO plugin v26.3 - https:\/\/yoast.com\/wordpress\/plugins\/seo\/ -->\n<title>Blue dream weed strain Uk - Buy blue dream online Uk - Europe<\/title>\n<meta name=\"description\" content=\"Buy blue dream strain online UK, Europe at reasonable prices from our online store. We will send your order for blue dream weed strain UK shortly!\" \/>\n<meta name=\"robots\" content=\"index, follow, max-snippet:-1, max-image-preview:large, max-video-preview:-1\" \/>\n<link rel=\"canonical\" href=\"https:\/\/dankplugeu.com\/es\/producto\/comprar-blue-dream-cepa-de-hierba-uk\/\" \/>\n<meta property=\"og:locale\" content=\"es_ES\" \/>\n<meta property=\"og:type\" content=\"article\" \/>\n<meta property=\"og:title\" content=\"Blue dream weed strain Uk - Buy blue dream online Uk - Europe\" \/>\n<meta property=\"og:description\" content=\"Buy blue dream strain online UK, Europe at reasonable prices from our online store. We will send your order for blue dream weed strain UK shortly!\" \/>\n<meta property=\"og:url\" content=\"https:\/\/dankplugeu.com\/es\/producto\/comprar-blue-dream-cepa-de-hierba-uk\/\" \/>\n<meta property=\"og:site_name\" content=\"DankPlugEU\" \/>\n<meta property=\"article:modified_time\" content=\"2026-04-07T11:48:03+00:00\" \/>\n<meta property=\"og:image\" content=\"https:\/\/dankplugeu.com\/wp-content\/uploads\/2021\/04\/blue-dream.jpg\" \/>\n\t<meta property=\"og:image:width\" content=\"600\" \/>\n\t<meta property=\"og:image:height\" content=\"600\" \/>\n\t<meta property=\"og:image:type\" content=\"image\/jpeg\" \/>\n<meta name=\"twitter:card\" content=\"summary_large_image\" \/>\n<meta name=\"twitter:label1\" content=\"Tiempo de lectura\" \/>\n\t<meta name=\"twitter:data1\" content=\"3 minutos\" \/>\n<script type=\"application\/ld+json\" class=\"yoast-schema-graph\">{\"@context\":\"https:\/\/schema.org\",\"@graph\":[{\"@type\":\"WebPage\",\"@id\":\"https:\/\/dankplugeu.com\/product\/buy-blue-dream-weed-strain-uk\/\",\"url\":\"https:\/\/dankplugeu.com\/product\/buy-blue-dream-weed-strain-uk\/\",\"name\":\"Blue dream weed strain Uk - Buy blue dream online Uk - Europe\",\"isPartOf\":{\"@id\":\"https:\/\/dankplugeu.com\/#website\"},\"primaryImageOfPage\":{\"@id\":\"https:\/\/dankplugeu.com\/product\/buy-blue-dream-weed-strain-uk\/#primaryimage\"},\"image\":{\"@id\":\"https:\/\/dankplugeu.com\/product\/buy-blue-dream-weed-strain-uk\/#primaryimage\"},\"thumbnailUrl\":\"https:\/\/dankplugeu.com\/wp-content\/uploads\/2021\/04\/blue-dream.jpg\",\"datePublished\":\"2021-04-12T12:13:00+00:00\",\"dateModified\":\"2026-04-07T11:48:03+00:00\",\"description\":\"Buy blue dream strain online UK, Europe at reasonable prices from our online store. We will send your order for blue dream weed strain UK shortly!\",\"breadcrumb\":{\"@id\":\"https:\/\/dankplugeu.com\/product\/buy-blue-dream-weed-strain-uk\/#breadcrumb\"},\"inLanguage\":\"es\",\"potentialAction\":[{\"@type\":\"ReadAction\",\"target\":[\"https:\/\/dankplugeu.com\/product\/buy-blue-dream-weed-strain-uk\/\"]}]},{\"@type\":\"ImageObject\",\"inLanguage\":\"es\",\"@id\":\"https:\/\/dankplugeu.com\/product\/buy-blue-dream-weed-strain-uk\/#primaryimage\",\"url\":\"https:\/\/dankplugeu.com\/wp-content\/uploads\/2021\/04\/blue-dream.jpg\",\"contentUrl\":\"https:\/\/dankplugeu.com\/wp-content\/uploads\/2021\/04\/blue-dream.jpg\",\"width\":600,\"height\":600,\"caption\":\"Blue Dream Weed\"},{\"@type\":\"BreadcrumbList\",\"@id\":\"https:\/\/dankplugeu.com\/product\/buy-blue-dream-weed-strain-uk\/#breadcrumb\",\"itemListElement\":[{\"@type\":\"ListItem\",\"position\":1,\"name\":\"Home\",\"item\":\"https:\/\/dankplugeu.com\/\"},{\"@type\":\"ListItem\",\"position\":2,\"name\":\"Order Weed Online UK\",\"item\":\"https:\/\/dankplugeu.com\/shop\/\"},{\"@type\":\"ListItem\",\"position\":3,\"name\":\"Buy Blue Dream Weed Strain UK\"}]},{\"@type\":\"WebSite\",\"@id\":\"https:\/\/dankplugeu.com\/#website\",\"url\":\"https:\/\/dankplugeu.com\/\",\"name\":\"DankPlugEU\",\"description\":\"Order Weed online\",\"publisher\":{\"@id\":\"https:\/\/dankplugeu.com\/#organization\"},\"potentialAction\":[{\"@type\":\"SearchAction\",\"target\":{\"@type\":\"EntryPoint\",\"urlTemplate\":\"https:\/\/dankplugeu.com\/?s={search_term_string}\"},\"query-input\":{\"@type\":\"PropertyValueSpecification\",\"valueRequired\":true,\"valueName\":\"search_term_string\"}}],\"inLanguage\":\"es\"},{\"@type\":\"Organization\",\"@id\":\"https:\/\/dankplugeu.com\/#organization\",\"name\":\"DankPlugEU\",\"url\":\"https:\/\/dankplugeu.com\/\",\"logo\":{\"@type\":\"ImageObject\",\"inLanguage\":\"es\",\"@id\":\"https:\/\/dankplugeu.com\/#\/schema\/logo\/image\/\",\"url\":\"https:\/\/dankplugeu.com\/wp-content\/uploads\/2021\/04\/dankplugeu-logo.png\",\"contentUrl\":\"https:\/\/dankplugeu.com\/wp-content\/uploads\/2021\/04\/dankplugeu-logo.png\",\"width\":864,\"height\":216,\"caption\":\"DankPlugEU\"},\"image\":{\"@id\":\"https:\/\/dankplugeu.com\/#\/schema\/logo\/image\/\"}}]}<\/script>\n<!-- \/ Yoast SEO plugin. -->","yoast_head_json":{"title":"Blue dream weed strain Uk - Buy blue dream online Uk - Europe","description":"Buy blue dream strain online UK, Europe at reasonable prices from our online store. We will send your order for blue dream weed strain UK shortly!","robots":{"index":"index","follow":"follow","max-snippet":"max-snippet:-1","max-image-preview":"max-image-preview:large","max-video-preview":"max-video-preview:-1"},"canonical":"https:\/\/dankplugeu.com\/es\/producto\/comprar-blue-dream-cepa-de-hierba-uk\/","og_locale":"es_ES","og_type":"article","og_title":"Blue dream weed strain Uk - Buy blue dream online Uk - Europe","og_description":"Buy blue dream strain online UK, Europe at reasonable prices from our online store. We will send your order for blue dream weed strain UK shortly!","og_url":"https:\/\/dankplugeu.com\/es\/producto\/comprar-blue-dream-cepa-de-hierba-uk\/","og_site_name":"DankPlugEU","article_modified_time":"2026-04-07T11:48:03+00:00","og_image":[{"width":600,"height":600,"url":"https:\/\/dankplugeu.com\/wp-content\/uploads\/2021\/04\/blue-dream.jpg","type":"image\/jpeg"}],"twitter_card":"summary_large_image","twitter_misc":{"Tiempo de lectura":"3 minutos"},"schema":{"@context":"https:\/\/schema.org","@graph":[{"@type":"WebPage","@id":"https:\/\/dankplugeu.com\/product\/buy-blue-dream-weed-strain-uk\/","url":"https:\/\/dankplugeu.com\/product\/buy-blue-dream-weed-strain-uk\/","name":"Blue dream weed strain Uk - Buy blue dream online Uk - Europe","isPartOf":{"@id":"https:\/\/dankplugeu.com\/#website"},"primaryImageOfPage":{"@id":"https:\/\/dankplugeu.com\/product\/buy-blue-dream-weed-strain-uk\/#primaryimage"},"image":{"@id":"https:\/\/dankplugeu.com\/product\/buy-blue-dream-weed-strain-uk\/#primaryimage"},"thumbnailUrl":"https:\/\/dankplugeu.com\/wp-content\/uploads\/2021\/04\/blue-dream.jpg","datePublished":"2021-04-12T12:13:00+00:00","dateModified":"2026-04-07T11:48:03+00:00","description":"Buy blue dream strain online UK, Europe at reasonable prices from our online store. We will send your order for blue dream weed strain UK shortly!","breadcrumb":{"@id":"https:\/\/dankplugeu.com\/product\/buy-blue-dream-weed-strain-uk\/#breadcrumb"},"inLanguage":"es","potentialAction":[{"@type":"ReadAction","target":["https:\/\/dankplugeu.com\/product\/buy-blue-dream-weed-strain-uk\/"]}]},{"@type":"ImageObject","inLanguage":"es","@id":"https:\/\/dankplugeu.com\/product\/buy-blue-dream-weed-strain-uk\/#primaryimage","url":"https:\/\/dankplugeu.com\/wp-content\/uploads\/2021\/04\/blue-dream.jpg","contentUrl":"https:\/\/dankplugeu.com\/wp-content\/uploads\/2021\/04\/blue-dream.jpg","width":600,"height":600,"caption":"Blue Dream Weed"},{"@type":"BreadcrumbList","@id":"https:\/\/dankplugeu.com\/product\/buy-blue-dream-weed-strain-uk\/#breadcrumb","itemListElement":[{"@type":"ListItem","position":1,"name":"Home","item":"https:\/\/dankplugeu.com\/"},{"@type":"ListItem","position":2,"name":"Order Weed Online UK","item":"https:\/\/dankplugeu.com\/shop\/"},{"@type":"ListItem","position":3,"name":"Buy Blue Dream Weed Strain UK"}]},{"@type":"WebSite","@id":"https:\/\/dankplugeu.com\/#website","url":"https:\/\/dankplugeu.com\/","name":"DankPlugEU","description":"Order Weed online","publisher":{"@id":"https:\/\/dankplugeu.com\/#organization"},"potentialAction":[{"@type":"SearchAction","target":{"@type":"EntryPoint","urlTemplate":"https:\/\/dankplugeu.com\/?s={search_term_string}"},"query-input":{"@type":"PropertyValueSpecification","valueRequired":true,"valueName":"search_term_string"}}],"inLanguage":"es"},{"@type":"Organization","@id":"https:\/\/dankplugeu.com\/#organization","name":"DankPlugEU","url":"https:\/\/dankplugeu.com\/","logo":{"@type":"ImageObject","inLanguage":"es","@id":"https:\/\/dankplugeu.com\/#\/schema\/logo\/image\/","url":"https:\/\/dankplugeu.com\/wp-content\/uploads\/2021\/04\/dankplugeu-logo.png","contentUrl":"https:\/\/dankplugeu.com\/wp-content\/uploads\/2021\/04\/dankplugeu-logo.png","width":864,"height":216,"caption":"DankPlugEU"},"image":{"@id":"https:\/\/dankplugeu.com\/#\/schema\/logo\/image\/"}}]}},"_links":{"self":[{"href":"https:\/\/dankplugeu.com\/es\/wp-json\/wp\/v2\/product\/17708","targetHints":{"allow":["GET"]}}],"collection":[{"href":"https:\/\/dankplugeu.com\/es\/wp-json\/wp\/v2\/product"}],"about":[{"href":"https:\/\/dankplugeu.com\/es\/wp-json\/wp\/v2\/types\/product"}],"replies":[{"embeddable":true,"href":"https:\/\/dankplugeu.com\/es\/wp-json\/wp\/v2\/comments?post=17708"}],"wp:featuredmedia":[{"embeddable":true,"href":"https:\/\/dankplugeu.com\/es\/wp-json\/wp\/v2\/media\/17713"}],"wp:attachment":[{"href":"https:\/\/dankplugeu.com\/es\/wp-json\/wp\/v2\/media?parent=17708"}],"wp:term":[{"taxonomy":"product_cat","embeddable":true,"href":"https:\/\/dankplugeu.com\/es\/wp-json\/wp\/v2\/product_cat?post=17708"},{"taxonomy":"product_tag","embeddable":true,"href":"https:\/\/dankplugeu.com\/es\/wp-json\/wp\/v2\/product_tag?post=17708"}],"curies":[{"name":"wp","href":"https:\/\/api.w.org\/{rel}","templated":true}]}}