{"id":18050,"date":"2021-04-13T09:21:02","date_gmt":"2021-04-13T09:21:02","guid":{"rendered":"https:\/\/dankpluguk.com\/?page_id=18050"},"modified":"2021-04-13T09:21:02","modified_gmt":"2021-04-13T09:21:02","slug":"payment-methods","status":"publish","type":"page","link":"https:\/\/dankplugeu.com\/fr\/les-modes-de-paiement\/","title":{"rendered":"M\u00e9thodes de paiement"},"content":{"rendered":"<div  class=\"vc_row wpb_row vc_row-fluid vc_column-gap-default ts-row-wide\"  ><div class=\"wpb_column vc_column_container vc_col-sm-12\">\n\t<div class=\"wpb_wrapper\">\n\t\n\t<div class=\"wpb_text_column wpb_content_element\" >\n\t\t<div class=\"wpb_wrapper\">\n\t\t\t<p style=\"text-align: justify;\"><strong>Virement bancaire<\/strong><\/p>\n<p style=\"text-align: justify;\">Les virements bancaires sont principalement utilis\u00e9s si vous ne pouvez utiliser aucun autre mode de paiement. En effet, ils ne sont pas instantan\u00e9s et prennent jusqu'\u00e0 24 heures pour un transfert local (aux \u00c9tats-Unis), et jusqu'\u00e0 72 heures (3 jours) pour les transferts internationaux, hors week-end.<\/p>\n<h4 style=\"text-align: justify;\"><strong>Comment payer par virement bancaire<\/strong><\/h4>\n<p style=\"text-align: justify;\">Les virements bancaires signifient simplement un transfert bancaire de votre banque vers notre compte bancaire (Wells Fargo). Si vous s\u00e9lectionnez le paiement par virement bancaire sur la page de paiement, les informations relatives \u00e0 notre compte bancaire appara\u00eetront sur la page suivante. Il vous suffit de copier ces informations, de vous connecter \u00e0 votre compte bancaire en ligne ou de vous rendre en personne \u00e0 votre banque et de transf\u00e9rer les fonds sur les informations dont vous disposez. Une fois le transfert effectu\u00e9, envoyez-nous une capture d'\u00e9cran de la transaction \u00e0 notre adresse \u00e9lectronique de service, \u00e0 savoir\u00a0<strong>contact@dankplugeu.com<\/strong>\u00a0en indiquant comme objet de votre courriel le num\u00e9ro de votre commande<\/p>\n<h4 style=\"text-align: justify;\"><strong>Bitcoin<\/strong><\/h4>\n<p style=\"text-align: justify;\">Pour les amoureux du monde des crypto-monnaies, nous vous offrons la possibilit\u00e9 de payer par le biais des crypto-monnaies les plus populaires et les plus s\u00fbres. Cependant, notez que les bitcoins ne sont pas faciles \u00e0 utiliser pour la premi\u00e8re fois, donc si vous n'avez pas d\u00e9j\u00e0 un compte Bitcoin et\/ou des bitcoins, ce service n'est PAS pour vous.<\/p>\n<h4 style=\"text-align: justify;\"><strong>Comment payer avec des bitcoins<\/strong><\/h4>\n<p style=\"text-align: justify;\">Les bitcoins sont la m\u00e9thode de paiement en ligne la plus s\u00fbre car elle est intra\u00e7able et n'est pas r\u00e9glement\u00e9e par les autorit\u00e9s bancaires. Cependant, si vous avez un compte Bitcoin et\/ou des Bitcoins, vous savez d\u00e9j\u00e0 comment envoyer des paiements. Tout ce dont vous aurez besoin sera l'adresse de notre portefeuille de Bitcoins qui appara\u00eetra \u00e0 l'\u00e9cran apr\u00e8s la page de paiement si vous s\u00e9lectionnez le paiement par Bitcoins sur la page de paiement. Cependant, si vous n'avez pas encore de compte et que vous souhaitez payer avec des bitcoins pour obtenir nos\u00a0<strong>R\u00e9duction 20%<\/strong>\u00a0puis suivez les \u00e9tapes ci-dessous.<\/p>\n<blockquote>\n<p style=\"text-align: justify;\">Note : Bitcoin n'est pas facile \u00e0 utiliser pour la premi\u00e8re fois. Si vous ne l'avez jamais utilis\u00e9 auparavant, nous vous recommandons vivement d'utiliser d'autres m\u00e9thodes de paiement simples comme le virement bancaire.<\/p>\n<\/blockquote>\n\n\t\t<\/div>\n\t<\/div>\n\t<\/div>\n<\/div><\/div>","protected":false},"excerpt":{"rendered":"Bank Transfer Bank transfer payments are mainly if you can not use any other method of payment because they are not instant and take up to 24 hours for local transfer (within the USA), and up to 72 hours (3 days) for international transfers excluding the weekends. How To Pay Through Bank Transfer Bank transfers [...]","protected":false},"author":1,"featured_media":0,"parent":0,"menu_order":0,"comment_status":"closed","ping_status":"closed","template":"","meta":{"_joinchat":[],"footnotes":""},"class_list":["post-18050","page","type-page","status-publish","hentry"],"yoast_head":"<!-- This site is optimized with the Yoast SEO plugin v26.3 - https:\/\/yoast.com\/wordpress\/plugins\/seo\/ -->\n<title>Payment Methods - DankPlugEU<\/title>\n<meta name=\"robots\" content=\"index, follow, max-snippet:-1, max-image-preview:large, max-video-preview:-1\" \/>\n<link rel=\"canonical\" href=\"https:\/\/dankplugeu.com\/fr\/les-modes-de-paiement\/\" \/>\n<meta property=\"og:locale\" content=\"fr_FR\" \/>\n<meta property=\"og:type\" content=\"article\" \/>\n<meta property=\"og:title\" content=\"Payment Methods - DankPlugEU\" \/>\n<meta property=\"og:url\" content=\"https:\/\/dankplugeu.com\/fr\/les-modes-de-paiement\/\" \/>\n<meta property=\"og:site_name\" content=\"DankPlugEU\" \/>\n<meta name=\"twitter:card\" content=\"summary_large_image\" \/>\n<meta name=\"twitter:label1\" content=\"Dur\u00e9e de lecture estim\u00e9e\" \/>\n\t<meta name=\"twitter:data1\" content=\"2 minutes\" \/>\n<script type=\"application\/ld+json\" class=\"yoast-schema-graph\">{\"@context\":\"https:\/\/schema.org\",\"@graph\":[{\"@type\":\"WebPage\",\"@id\":\"https:\/\/dankplugeu.com\/payment-methods\/\",\"url\":\"https:\/\/dankplugeu.com\/payment-methods\/\",\"name\":\"Payment Methods - DankPlugEU\",\"isPartOf\":{\"@id\":\"https:\/\/dankplugeu.com\/#website\"},\"datePublished\":\"2021-04-13T09:21:02+00:00\",\"breadcrumb\":{\"@id\":\"https:\/\/dankplugeu.com\/payment-methods\/#breadcrumb\"},\"inLanguage\":\"fr-FR\",\"potentialAction\":[{\"@type\":\"ReadAction\",\"target\":[\"https:\/\/dankplugeu.com\/payment-methods\/\"]}]},{\"@type\":\"BreadcrumbList\",\"@id\":\"https:\/\/dankplugeu.com\/payment-methods\/#breadcrumb\",\"itemListElement\":[{\"@type\":\"ListItem\",\"position\":1,\"name\":\"Home\",\"item\":\"https:\/\/dankplugeu.com\/\"},{\"@type\":\"ListItem\",\"position\":2,\"name\":\"Payment Methods\"}]},{\"@type\":\"WebSite\",\"@id\":\"https:\/\/dankplugeu.com\/#website\",\"url\":\"https:\/\/dankplugeu.com\/\",\"name\":\"DankPlugEU\",\"description\":\"Order Weed online\",\"publisher\":{\"@id\":\"https:\/\/dankplugeu.com\/#organization\"},\"potentialAction\":[{\"@type\":\"SearchAction\",\"target\":{\"@type\":\"EntryPoint\",\"urlTemplate\":\"https:\/\/dankplugeu.com\/?s={search_term_string}\"},\"query-input\":{\"@type\":\"PropertyValueSpecification\",\"valueRequired\":true,\"valueName\":\"search_term_string\"}}],\"inLanguage\":\"fr-FR\"},{\"@type\":\"Organization\",\"@id\":\"https:\/\/dankplugeu.com\/#organization\",\"name\":\"DankPlugEU\",\"url\":\"https:\/\/dankplugeu.com\/\",\"logo\":{\"@type\":\"ImageObject\",\"inLanguage\":\"fr-FR\",\"@id\":\"https:\/\/dankplugeu.com\/#\/schema\/logo\/image\/\",\"url\":\"https:\/\/dankplugeu.com\/wp-content\/uploads\/2021\/04\/dankplugeu-logo.png\",\"contentUrl\":\"https:\/\/dankplugeu.com\/wp-content\/uploads\/2021\/04\/dankplugeu-logo.png\",\"width\":864,\"height\":216,\"caption\":\"DankPlugEU\"},\"image\":{\"@id\":\"https:\/\/dankplugeu.com\/#\/schema\/logo\/image\/\"}}]}<\/script>\n<!-- \/ Yoast SEO plugin. -->","yoast_head_json":{"title":"Payment Methods - DankPlugEU","robots":{"index":"index","follow":"follow","max-snippet":"max-snippet:-1","max-image-preview":"max-image-preview:large","max-video-preview":"max-video-preview:-1"},"canonical":"https:\/\/dankplugeu.com\/fr\/les-modes-de-paiement\/","og_locale":"fr_FR","og_type":"article","og_title":"Payment Methods - DankPlugEU","og_url":"https:\/\/dankplugeu.com\/fr\/les-modes-de-paiement\/","og_site_name":"DankPlugEU","twitter_card":"summary_large_image","twitter_misc":{"Dur\u00e9e de lecture estim\u00e9e":"2 minutes"},"schema":{"@context":"https:\/\/schema.org","@graph":[{"@type":"WebPage","@id":"https:\/\/dankplugeu.com\/payment-methods\/","url":"https:\/\/dankplugeu.com\/payment-methods\/","name":"Payment Methods - DankPlugEU","isPartOf":{"@id":"https:\/\/dankplugeu.com\/#website"},"datePublished":"2021-04-13T09:21:02+00:00","breadcrumb":{"@id":"https:\/\/dankplugeu.com\/payment-methods\/#breadcrumb"},"inLanguage":"fr-FR","potentialAction":[{"@type":"ReadAction","target":["https:\/\/dankplugeu.com\/payment-methods\/"]}]},{"@type":"BreadcrumbList","@id":"https:\/\/dankplugeu.com\/payment-methods\/#breadcrumb","itemListElement":[{"@type":"ListItem","position":1,"name":"Home","item":"https:\/\/dankplugeu.com\/"},{"@type":"ListItem","position":2,"name":"Payment Methods"}]},{"@type":"WebSite","@id":"https:\/\/dankplugeu.com\/#website","url":"https:\/\/dankplugeu.com\/","name":"DankPlugEU","description":"Order Weed online","publisher":{"@id":"https:\/\/dankplugeu.com\/#organization"},"potentialAction":[{"@type":"SearchAction","target":{"@type":"EntryPoint","urlTemplate":"https:\/\/dankplugeu.com\/?s={search_term_string}"},"query-input":{"@type":"PropertyValueSpecification","valueRequired":true,"valueName":"search_term_string"}}],"inLanguage":"fr-FR"},{"@type":"Organization","@id":"https:\/\/dankplugeu.com\/#organization","name":"DankPlugEU","url":"https:\/\/dankplugeu.com\/","logo":{"@type":"ImageObject","inLanguage":"fr-FR","@id":"https:\/\/dankplugeu.com\/#\/schema\/logo\/image\/","url":"https:\/\/dankplugeu.com\/wp-content\/uploads\/2021\/04\/dankplugeu-logo.png","contentUrl":"https:\/\/dankplugeu.com\/wp-content\/uploads\/2021\/04\/dankplugeu-logo.png","width":864,"height":216,"caption":"DankPlugEU"},"image":{"@id":"https:\/\/dankplugeu.com\/#\/schema\/logo\/image\/"}}]}},"_links":{"self":[{"href":"https:\/\/dankplugeu.com\/fr\/wp-json\/wp\/v2\/pages\/18050","targetHints":{"allow":["GET"]}}],"collection":[{"href":"https:\/\/dankplugeu.com\/fr\/wp-json\/wp\/v2\/pages"}],"about":[{"href":"https:\/\/dankplugeu.com\/fr\/wp-json\/wp\/v2\/types\/page"}],"author":[{"embeddable":true,"href":"https:\/\/dankplugeu.com\/fr\/wp-json\/wp\/v2\/users\/1"}],"replies":[{"embeddable":true,"href":"https:\/\/dankplugeu.com\/fr\/wp-json\/wp\/v2\/comments?post=18050"}],"version-history":[{"count":1,"href":"https:\/\/dankplugeu.com\/fr\/wp-json\/wp\/v2\/pages\/18050\/revisions"}],"predecessor-version":[{"id":18051,"href":"https:\/\/dankplugeu.com\/fr\/wp-json\/wp\/v2\/pages\/18050\/revisions\/18051"}],"wp:attachment":[{"href":"https:\/\/dankplugeu.com\/fr\/wp-json\/wp\/v2\/media?parent=18050"}],"curies":[{"name":"wp","href":"https:\/\/api.w.org\/{rel}","templated":true}]}}