{"id":17750,"date":"2021-04-12T12:57:45","date_gmt":"2021-04-12T12:57:45","guid":{"rendered":"https:\/\/dankpluguk.com\/?post_type=product&#038;p=17750"},"modified":"2026-03-27T09:08:32","modified_gmt":"2026-03-27T09:08:32","slug":"buy-sunset-sherbert-weed-strain-uk","status":"publish","type":"product","link":"https:\/\/dankplugeu.com\/fr\/produit\/buy-sunset-sherbert-weed-strain-uk\/","title":{"rendered":"Acheter Souche De Weed Sunset Sherbert France"},"content":{"rendered":"<h2 style=\"text-align: justify;\">Acheter Souche De Weed Sunset Sherbert France<\/h2>\n<p style=\"text-align: justify;\"><a href=\"https:\/\/dankplugeu.com\/fr\/produit\/buy-sunset-sherbert-weed-strain-uk\/\"><strong data-start=\"160\" data-end=\"205\">Acheter la vari\u00e9t\u00e9 de cannabis Sunset Sherbert en ligne (France) <\/strong><\/a>depuis <a href=\"https:\/\/dankplugeu.com\/fr\/\"><strong data-start=\"211\" data-end=\"225\">DankPlugEU<\/strong><\/a>...un dispensaire en ligne de confiance proposant des vari\u00e9t\u00e9s hybrides de qualit\u00e9 sup\u00e9rieure \u00e0 des prix raisonnables. DankPlugEU est l'une de ces boutiques en ligne sp\u00e9cialis\u00e9es dans la Sunset Sherbert, au service de ses clients depuis longtemps. Si vous r\u00e9sidez au Royaume-Uni, en Espagne ou en Irlande, commander la vari\u00e9t\u00e9 de cannabis Sunset Sherbert est simple et pratique. Notre boutique en ligne, DankPlugEU, propose la vari\u00e9t\u00e9 Sunset Sherbert \u00e0 la vente. Il vous suffit de commander la Sunset Sherbert en ligne pour b\u00e9n\u00e9ficier d'une livraison rapide directement \u00e0 votre porte.<\/p>\n<div class=\"relative basis-auto flex-col -mb-(--composer-overlap-px) [--composer-overlap-px:28px] grow flex\">\n<div class=\"flex flex-col text-sm pb-25\">\n<section class=\"text-token-text-primary w-full focus:outline-none [--shadow-height:45px] has-data-writing-block:pointer-events-none has-data-writing-block:-mt-(--shadow-height) has-data-writing-block:pt-(--shadow-height) [&amp;:has([data-writing-block])&gt;*]:pointer-events-auto scroll-mt-[calc(var(--header-height)+min(200px,max(70px,20svh)))]\" dir=\"auto\" data-turn-id=\"request-69b4f380-d534-8320-8f3a-5301cc612476-3\" data-testid=\"conversation-turn-92\" data-scroll-anchor=\"true\" data-turn=\"assistant\">\n<div class=\"text-base my-auto mx-auto pb-10 [--thread-content-margin:var(--thread-content-margin-xs,calc(var(--spacing)*4))] @w-sm\/main:[--thread-content-margin:var(--thread-content-margin-sm,calc(var(--spacing)*6))] @w-lg\/main:[--thread-content-margin:var(--thread-content-margin-lg,calc(var(--spacing)*16))] px-(--thread-content-margin)\">\n<div class=\"[--thread-content-max-width:40rem] @w-lg\/main:[--thread-content-max-width:48rem] mx-auto max-w-(--thread-content-max-width) flex-1 group\/turn-messages focus-visible:outline-hidden relative flex w-full min-w-0 flex-col agent-turn\">\n<div class=\"flex max-w-full flex-col gap-4 grow\">\n<div class=\"min-h-8 text-message relative flex w-full flex-col items-end gap-2 text-start break-words whitespace-normal outline-none keyboard-focused:focus-ring [.text-message+&amp;]:mt-1\" dir=\"auto\" tabindex=\"0\" data-message-author-role=\"assistant\" data-message-id=\"e7df6aea-e9d3-4e99-a432-8f21c4c8cfb2\" data-message-model-slug=\"gpt-5-3\" data-turn-start-message=\"true\">\n<div class=\"flex w-full flex-col gap-1 empty:hidden\">\n<div class=\"markdown prose dark:prose-invert w-full wrap-break-word light markdown-new-styling\">\n<p data-start=\"734\" data-end=\"1283\">Nous suivons les normes de l'industrie et emballons chaque produit en toute s\u00e9curit\u00e9 afin qu'il ne soit pas endommag\u00e9 pendant l'exp\u00e9dition et la livraison. Nous arrivons \u00e0 la porte de nos clients et leur livrons personnellement leur herbe de sorbet l\u00e9gale en toute s\u00e9curit\u00e9. Nos tarifs raisonnables soulagent tout le monde de l'aspect du prix de l'herbe de sorbet au coucher du soleil. Achetez la vari\u00e9t\u00e9 Sunset Sherbert en ligne pour ressentir son effet maximal dans votre zone c\u00e9r\u00e9brale.<\/p>\n<h3 data-section-id=\"vnz9h0\" data-start=\"1285\" data-end=\"1310\">Qu'est-ce que la weed Sherbert ?<\/h3>\n<p data-start=\"1312\" data-end=\"1810\">avec des effets puissants enivrants. \u00c9lev\u00e9e par M. Sherbinski, Sherbert h\u00e9rite de la lign\u00e9e g\u00e9n\u00e9tique de son parent GSC, dont les anc\u00eatres incluent les c\u00e9l\u00e8bres OG Kush, Cherry Pie et Durban Poison. Crois\u00e9e avec Pink Panties, Sherbert pr\u00e9sente de puissants effets sur tout le corps, rehauss\u00e9s par une d\u00e9charge d'\u00e9nergie c\u00e9r\u00e9brale. Un ar\u00f4me complexe colore Sherbert avec des notes d'agrumes skunky, de baies sucr\u00e9es et cette odeur de bonbon rappelant son parent GSC. Le stress, la tension et les humeurs aigres disparaissent avec l'\u00e9tat d'esprit insouciant et la relaxation physique qui accompagnent ce riche hybride.<\/p>\n<p data-start=\"1812\" data-end=\"2062\">Un ar\u00f4me complexe parfume la Sherbert de notes d'agrumes aux accents \u00ab skunky \u00bb, de baies sucr\u00e9es et d'une senteur \u00e9voquant la confiserie, h\u00e9rit\u00e9e de sa lign\u00e9e. Le stress, la tension et la morosit\u00e9 s'\u00e9vanouissent, c\u00e9dant la place \u00e0 l'insouciance et \u00e0 la d\u00e9tente physique qu'apporte cet hybride g\u00e9n\u00e9reux. Le \u00ab high \u00bb procur\u00e9 par cette huile est principalement ax\u00e9 sur la relaxation, tant physique que mentale ; toutefois, sa composante Sativa y ajoute une puissante euphorie et un sentiment de bonheur pour l'utilisateur. Cette vari\u00e9t\u00e9 de cannabis est fr\u00e9quemment utilis\u00e9e pour soulager l'anxi\u00e9t\u00e9, les douleurs chroniques, l'insomnie, la d\u00e9pression et les migraines.<\/p>\n<h3 data-section-id=\"e546rl\" data-start=\"2317\" data-end=\"2366\">Comment acheter la vari\u00e9t\u00e9 Sunset Sherbet en ligne ?<\/h3>\n<p data-start=\"2368\" data-end=\"2663\" data-is-last-node=\"\" data-is-only-node=\"\">DankPlugEU est \u00e0 votre disposition pour vous aider \u00e0 acheter la vari\u00e9t\u00e9 de cannabis Sunset Sherbert en ligne au Royaume-Uni, en toute simplicit\u00e9. Vous pouvez commander la Sunset Sherbert en ligne et b\u00e9n\u00e9ficier d'une exp\u00e9dition dans les meilleurs d\u00e9lais. Faites part de vos besoins \u00e0 DankPlugEU pour que votre commande soit trait\u00e9e rapidement et en toute s\u00e9curit\u00e9.<\/p>\n<\/div>\n<\/div>\n<\/div>\n<\/div>\n<\/div>\n<\/div>\n<\/section>\n<\/div>\n<\/div>\n<div id=\"thread-bottom-container\" class=\"sticky bottom-0 z-10 group\/thread-bottom-container relative isolate w-full basis-auto has-data-has-thread-error:pt-2 has-data-has-thread-error:[box-shadow:var(--sharp-edge-bottom-shadow)] md:border-transparent md:pt-0 dark:border-white\/20 md:dark:border-transparent print:hidden content-fade single-line flex flex-col\">\n<div id=\"thread-bottom\">\n<div class=\"text-base mx-auto [--thread-content-margin:var(--thread-content-margin-xs,calc(var(--spacing)*4))] @w-sm\/main:[--thread-content-margin:var(--thread-content-margin-sm,calc(var(--spacing)*6))] @w-lg\/main:[--thread-content-margin:var(--thread-content-margin-lg,calc(var(--spacing)*16))] px-(--thread-content-margin)\">\n<div class=\"[--thread-content-max-width:40rem] @w-lg\/main:[--thread-content-max-width:48rem] mx-auto max-w-(--thread-content-max-width) flex-1 mb-[var(--thread-component-gap,1rem)]\">\n<div class=\"pointer-events-auto relative z-1 flex h-(--composer-container-height,100%) max-w-full flex-(--composer-container-flex,1) flex-col\">\n<form class=\"group\/composer w-full\" data-type=\"unified-composer\" action=\"\">\n<div class=\"\">\n<div class=\"bg-token-bg-primary corner-superellipse\/1.1 cursor-text overflow-clip bg-clip-padding p-2.5 contain-inline-size motion-safe:transition-colors motion-safe:duration-200 motion-safe:ease-in-out dark:bg-[#303030] grid grid-cols-[auto_1fr_auto] [grid-template-areas:'header_header_header'_'leading_primary_trailing'_'._footer_.'] group-data-expanded\/composer:[grid-template-areas:'header_header_header'_'primary_primary_primary'_'leading_footer_trailing'] shadow-short-composer\" data-composer-surface=\"true\">\n<div class=\"-my-2.5 flex min-h-14 items-center overflow-x-hidden px-1.5 [grid-area:primary] group-data-expanded\/composer:mb-0 group-data-expanded\/composer:px-2.5\">\n<div class=\"wcDTda_prosemirror-parent text-token-text-primary max-h-[max(30svh,5rem)] max-h-52 min-h-[var(--deep-research-composer-extra-height,unset)] flex-1 overflow-auto [scrollbar-width:thin] default-browser vertical-scroll-fade-mask\">\n<div id=\"prompt-textarea\" class=\"ProseMirror\" role=\"textbox\" contenteditable=\"true\" translate=\"no\" data-virtualkeyboard=\"true\" aria-multiline=\"true\"><\/div>\n<\/div>\n<\/div>\n<\/div>\n<\/div>\n<input type=\"hidden\" name=\"trp-form-language\" value=\"fr\"\/><\/form>\n<\/div>\n<\/div>\n<\/div>\n<\/div>\n<\/div>","protected":false},"excerpt":{"rendered":"<p>Buy Sunset Sherbert Weed Strain UK Buy Sunset Sherbert Weed Strain online UK from DankPlugEU, a trusted online dispensary offering premium hybrid strains at reasonable prices. DankPlugEU is one such Sunset Sherbert weed online store that has been serving customers for a long time. If you are living in the UK, Spain, and Ireland, then [&hellip;]<\/p>","protected":false},"featured_media":17756,"comment_status":"open","ping_status":"closed","template":"","meta":{"_joinchat":[]},"product_cat":[231,132],"product_tag":[1941,1938,267,1940,1939,1937,1950,1951,1946,1948,1952,268,270,271,1953,1954,1944,1947,1945,269,1942,1956,1955,1943,1936,1949],"class_list":{"0":"post-17750","1":"product","2":"type-product","3":"status-publish","4":"has-post-thumbnail","6":"product_cat-hybrid-strain-for-sale-uk","7":"product_cat-marijuana-strains-for-sale-uk","8":"product_tag-best-sunset-sherbert","9":"product_tag-buy-sunset-sherbert","10":"product_tag-buy-sunset-sherbert-hybrid-strain-uk","11":"product_tag-cheap-sunset-sherbert","12":"product_tag-order-sunset-sherbert","13":"product_tag-purchase-sunset-sherbert","14":"product_tag-sunset-sherbert-australia","15":"product_tag-sunset-sherbert-dosage","16":"product_tag-sunset-sherbert-doses","17":"product_tag-sunset-sherbert-ebay","18":"product_tag-sunset-sherbert-effects","19":"product_tag-sunset-sherbert-for-sale","20":"product_tag-sunset-sherbert-hybrid","21":"product_tag-sunset-sherbert-in-uk","22":"product_tag-sunset-sherbert-legal","23":"product_tag-sunset-sherbert-legality","24":"product_tag-sunset-sherbert-quantity","25":"product_tag-sunset-sherbert-reddit","26":"product_tag-sunset-sherbert-review","27":"product_tag-sunset-sherbert-strain","28":"product_tag-sunset-sherbert-supplier","29":"product_tag-sunset-sherbert-uk","30":"product_tag-sunset-sherbert-usa","31":"product_tag-sunset-sherbert-vendor","32":"product_tag-sunset-sherbert-weed-strain-for-sale","33":"product_tag-sunset-sherbert-wiki","35":"first","36":"instock","37":"shipping-taxable","38":"purchasable","39":"product-type-variable","40":"has-default-attributes"},"yoast_head":"<!-- This site is optimized with the Yoast SEO plugin v26.3 - https:\/\/yoast.com\/wordpress\/plugins\/seo\/ -->\n<title>Buy Sunset Sherbert Weed Online UK \u2013 Sunset Sherbert for Sale<\/title>\n<meta name=\"description\" content=\"Buy Sunset Sherbert weed strain UK EU online from DankPlugEU. Sunset Sherbert for sale featuring sweet citrus berry flavor and relaxing euphoric cannabis effects.\" \/>\n<meta name=\"robots\" content=\"index, follow, max-snippet:-1, max-image-preview:large, max-video-preview:-1\" \/>\n<link rel=\"canonical\" href=\"https:\/\/dankplugeu.com\/fr\/produit\/buy-sunset-sherbert-weed-strain-uk\/\" \/>\n<meta property=\"og:locale\" content=\"fr_FR\" \/>\n<meta property=\"og:type\" content=\"article\" \/>\n<meta property=\"og:title\" content=\"Buy Sunset Sherbert Weed Online UK \u2013 Sunset Sherbert for Sale\" \/>\n<meta property=\"og:description\" content=\"Buy Sunset Sherbert weed strain UK EU online from DankPlugEU. Sunset Sherbert for sale featuring sweet citrus berry flavor and relaxing euphoric cannabis effects.\" \/>\n<meta property=\"og:url\" content=\"https:\/\/dankplugeu.com\/fr\/produit\/buy-sunset-sherbert-weed-strain-uk\/\" \/>\n<meta property=\"og:site_name\" content=\"DankPlugEU\" \/>\n<meta property=\"article:modified_time\" content=\"2026-03-27T09:08:32+00:00\" \/>\n<meta property=\"og:image\" content=\"https:\/\/dankplugeu.com\/wp-content\/uploads\/2021\/04\/sunset-sherbert.jpg\" \/>\n\t<meta property=\"og:image:width\" content=\"600\" \/>\n\t<meta property=\"og:image:height\" content=\"600\" \/>\n\t<meta property=\"og:image:type\" content=\"image\/jpeg\" \/>\n<meta name=\"twitter:card\" content=\"summary_large_image\" \/>\n<meta name=\"twitter:label1\" content=\"Dur\u00e9e de lecture estim\u00e9e\" \/>\n\t<meta name=\"twitter:data1\" content=\"2 minutes\" \/>\n<script type=\"application\/ld+json\" class=\"yoast-schema-graph\">{\"@context\":\"https:\/\/schema.org\",\"@graph\":[{\"@type\":\"WebPage\",\"@id\":\"https:\/\/dankplugeu.com\/product\/buy-sunset-sherbert-weed-strain-uk\/\",\"url\":\"https:\/\/dankplugeu.com\/product\/buy-sunset-sherbert-weed-strain-uk\/\",\"name\":\"Buy Sunset Sherbert Weed Online UK \u2013 Sunset Sherbert for Sale\",\"isPartOf\":{\"@id\":\"https:\/\/dankplugeu.com\/#website\"},\"primaryImageOfPage\":{\"@id\":\"https:\/\/dankplugeu.com\/product\/buy-sunset-sherbert-weed-strain-uk\/#primaryimage\"},\"image\":{\"@id\":\"https:\/\/dankplugeu.com\/product\/buy-sunset-sherbert-weed-strain-uk\/#primaryimage\"},\"thumbnailUrl\":\"https:\/\/dankplugeu.com\/wp-content\/uploads\/2021\/04\/sunset-sherbert.jpg\",\"datePublished\":\"2021-04-12T12:57:45+00:00\",\"dateModified\":\"2026-03-27T09:08:32+00:00\",\"description\":\"Buy Sunset Sherbert weed strain UK EU online from DankPlugEU. Sunset Sherbert for sale featuring sweet citrus berry flavor and relaxing euphoric cannabis effects.\",\"breadcrumb\":{\"@id\":\"https:\/\/dankplugeu.com\/product\/buy-sunset-sherbert-weed-strain-uk\/#breadcrumb\"},\"inLanguage\":\"fr-FR\",\"potentialAction\":[{\"@type\":\"ReadAction\",\"target\":[\"https:\/\/dankplugeu.com\/product\/buy-sunset-sherbert-weed-strain-uk\/\"]}]},{\"@type\":\"ImageObject\",\"inLanguage\":\"fr-FR\",\"@id\":\"https:\/\/dankplugeu.com\/product\/buy-sunset-sherbert-weed-strain-uk\/#primaryimage\",\"url\":\"https:\/\/dankplugeu.com\/wp-content\/uploads\/2021\/04\/sunset-sherbert.jpg\",\"contentUrl\":\"https:\/\/dankplugeu.com\/wp-content\/uploads\/2021\/04\/sunset-sherbert.jpg\",\"width\":600,\"height\":600,\"caption\":\"Sunset Sherbert Weed Strain\"},{\"@type\":\"BreadcrumbList\",\"@id\":\"https:\/\/dankplugeu.com\/product\/buy-sunset-sherbert-weed-strain-uk\/#breadcrumb\",\"itemListElement\":[{\"@type\":\"ListItem\",\"position\":1,\"name\":\"Home\",\"item\":\"https:\/\/dankplugeu.com\/\"},{\"@type\":\"ListItem\",\"position\":2,\"name\":\"Order Weed Online UK\",\"item\":\"https:\/\/dankplugeu.com\/shop\/\"},{\"@type\":\"ListItem\",\"position\":3,\"name\":\"Buy Sunset Sherbert Weed Strain UK\"}]},{\"@type\":\"WebSite\",\"@id\":\"https:\/\/dankplugeu.com\/#website\",\"url\":\"https:\/\/dankplugeu.com\/\",\"name\":\"DankPlugEU\",\"description\":\"Order Weed online\",\"publisher\":{\"@id\":\"https:\/\/dankplugeu.com\/#organization\"},\"potentialAction\":[{\"@type\":\"SearchAction\",\"target\":{\"@type\":\"EntryPoint\",\"urlTemplate\":\"https:\/\/dankplugeu.com\/?s={search_term_string}\"},\"query-input\":{\"@type\":\"PropertyValueSpecification\",\"valueRequired\":true,\"valueName\":\"search_term_string\"}}],\"inLanguage\":\"fr-FR\"},{\"@type\":\"Organization\",\"@id\":\"https:\/\/dankplugeu.com\/#organization\",\"name\":\"DankPlugEU\",\"url\":\"https:\/\/dankplugeu.com\/\",\"logo\":{\"@type\":\"ImageObject\",\"inLanguage\":\"fr-FR\",\"@id\":\"https:\/\/dankplugeu.com\/#\/schema\/logo\/image\/\",\"url\":\"https:\/\/dankplugeu.com\/wp-content\/uploads\/2021\/04\/dankplugeu-logo.png\",\"contentUrl\":\"https:\/\/dankplugeu.com\/wp-content\/uploads\/2021\/04\/dankplugeu-logo.png\",\"width\":864,\"height\":216,\"caption\":\"DankPlugEU\"},\"image\":{\"@id\":\"https:\/\/dankplugeu.com\/#\/schema\/logo\/image\/\"}}]}<\/script>\n<!-- \/ Yoast SEO plugin. -->","yoast_head_json":{"title":"Buy Sunset Sherbert Weed Online UK \u2013 Sunset Sherbert for Sale","description":"Buy Sunset Sherbert weed strain UK EU online from DankPlugEU. Sunset Sherbert for sale featuring sweet citrus berry flavor and relaxing euphoric cannabis effects.","robots":{"index":"index","follow":"follow","max-snippet":"max-snippet:-1","max-image-preview":"max-image-preview:large","max-video-preview":"max-video-preview:-1"},"canonical":"https:\/\/dankplugeu.com\/fr\/produit\/buy-sunset-sherbert-weed-strain-uk\/","og_locale":"fr_FR","og_type":"article","og_title":"Buy Sunset Sherbert Weed Online UK \u2013 Sunset Sherbert for Sale","og_description":"Buy Sunset Sherbert weed strain UK EU online from DankPlugEU. Sunset Sherbert for sale featuring sweet citrus berry flavor and relaxing euphoric cannabis effects.","og_url":"https:\/\/dankplugeu.com\/fr\/produit\/buy-sunset-sherbert-weed-strain-uk\/","og_site_name":"DankPlugEU","article_modified_time":"2026-03-27T09:08:32+00:00","og_image":[{"width":600,"height":600,"url":"https:\/\/dankplugeu.com\/wp-content\/uploads\/2021\/04\/sunset-sherbert.jpg","type":"image\/jpeg"}],"twitter_card":"summary_large_image","twitter_misc":{"Dur\u00e9e de lecture estim\u00e9e":"2 minutes"},"schema":{"@context":"https:\/\/schema.org","@graph":[{"@type":"WebPage","@id":"https:\/\/dankplugeu.com\/product\/buy-sunset-sherbert-weed-strain-uk\/","url":"https:\/\/dankplugeu.com\/product\/buy-sunset-sherbert-weed-strain-uk\/","name":"Buy Sunset Sherbert Weed Online UK \u2013 Sunset Sherbert for Sale","isPartOf":{"@id":"https:\/\/dankplugeu.com\/#website"},"primaryImageOfPage":{"@id":"https:\/\/dankplugeu.com\/product\/buy-sunset-sherbert-weed-strain-uk\/#primaryimage"},"image":{"@id":"https:\/\/dankplugeu.com\/product\/buy-sunset-sherbert-weed-strain-uk\/#primaryimage"},"thumbnailUrl":"https:\/\/dankplugeu.com\/wp-content\/uploads\/2021\/04\/sunset-sherbert.jpg","datePublished":"2021-04-12T12:57:45+00:00","dateModified":"2026-03-27T09:08:32+00:00","description":"Buy Sunset Sherbert weed strain UK EU online from DankPlugEU. Sunset Sherbert for sale featuring sweet citrus berry flavor and relaxing euphoric cannabis effects.","breadcrumb":{"@id":"https:\/\/dankplugeu.com\/product\/buy-sunset-sherbert-weed-strain-uk\/#breadcrumb"},"inLanguage":"fr-FR","potentialAction":[{"@type":"ReadAction","target":["https:\/\/dankplugeu.com\/product\/buy-sunset-sherbert-weed-strain-uk\/"]}]},{"@type":"ImageObject","inLanguage":"fr-FR","@id":"https:\/\/dankplugeu.com\/product\/buy-sunset-sherbert-weed-strain-uk\/#primaryimage","url":"https:\/\/dankplugeu.com\/wp-content\/uploads\/2021\/04\/sunset-sherbert.jpg","contentUrl":"https:\/\/dankplugeu.com\/wp-content\/uploads\/2021\/04\/sunset-sherbert.jpg","width":600,"height":600,"caption":"Sunset Sherbert Weed Strain"},{"@type":"BreadcrumbList","@id":"https:\/\/dankplugeu.com\/product\/buy-sunset-sherbert-weed-strain-uk\/#breadcrumb","itemListElement":[{"@type":"ListItem","position":1,"name":"Home","item":"https:\/\/dankplugeu.com\/"},{"@type":"ListItem","position":2,"name":"Order Weed Online UK","item":"https:\/\/dankplugeu.com\/shop\/"},{"@type":"ListItem","position":3,"name":"Buy Sunset Sherbert Weed Strain UK"}]},{"@type":"WebSite","@id":"https:\/\/dankplugeu.com\/#website","url":"https:\/\/dankplugeu.com\/","name":"DankPlugEU","description":"Order Weed online","publisher":{"@id":"https:\/\/dankplugeu.com\/#organization"},"potentialAction":[{"@type":"SearchAction","target":{"@type":"EntryPoint","urlTemplate":"https:\/\/dankplugeu.com\/?s={search_term_string}"},"query-input":{"@type":"PropertyValueSpecification","valueRequired":true,"valueName":"search_term_string"}}],"inLanguage":"fr-FR"},{"@type":"Organization","@id":"https:\/\/dankplugeu.com\/#organization","name":"DankPlugEU","url":"https:\/\/dankplugeu.com\/","logo":{"@type":"ImageObject","inLanguage":"fr-FR","@id":"https:\/\/dankplugeu.com\/#\/schema\/logo\/image\/","url":"https:\/\/dankplugeu.com\/wp-content\/uploads\/2021\/04\/dankplugeu-logo.png","contentUrl":"https:\/\/dankplugeu.com\/wp-content\/uploads\/2021\/04\/dankplugeu-logo.png","width":864,"height":216,"caption":"DankPlugEU"},"image":{"@id":"https:\/\/dankplugeu.com\/#\/schema\/logo\/image\/"}}]}},"_links":{"self":[{"href":"https:\/\/dankplugeu.com\/fr\/wp-json\/wp\/v2\/product\/17750","targetHints":{"allow":["GET"]}}],"collection":[{"href":"https:\/\/dankplugeu.com\/fr\/wp-json\/wp\/v2\/product"}],"about":[{"href":"https:\/\/dankplugeu.com\/fr\/wp-json\/wp\/v2\/types\/product"}],"replies":[{"embeddable":true,"href":"https:\/\/dankplugeu.com\/fr\/wp-json\/wp\/v2\/comments?post=17750"}],"wp:featuredmedia":[{"embeddable":true,"href":"https:\/\/dankplugeu.com\/fr\/wp-json\/wp\/v2\/media\/17756"}],"wp:attachment":[{"href":"https:\/\/dankplugeu.com\/fr\/wp-json\/wp\/v2\/media?parent=17750"}],"wp:term":[{"taxonomy":"product_cat","embeddable":true,"href":"https:\/\/dankplugeu.com\/fr\/wp-json\/wp\/v2\/product_cat?post=17750"},{"taxonomy":"product_tag","embeddable":true,"href":"https:\/\/dankplugeu.com\/fr\/wp-json\/wp\/v2\/product_tag?post=17750"}],"curies":[{"name":"wp","href":"https:\/\/api.w.org\/{rel}","templated":true}]}}