{"id":17780,"date":"2021-04-12T13:33:45","date_gmt":"2021-04-12T13:33:45","guid":{"rendered":"https:\/\/dankpluguk.com\/?post_type=product&#038;p=17780"},"modified":"2026-03-23T11:29:39","modified_gmt":"2026-03-23T11:29:39","slug":"buy-sfv-og-weed-strain-uk","status":"publish","type":"product","link":"https:\/\/dankplugeu.com\/fr\/produit\/buy-sfv-og-weed-strain-uk\/","title":{"rendered":"Acheter la vari\u00e9t\u00e9 d'herbe SFV OG"},"content":{"rendered":"<h2 style=\"text-align: justify;\">Acheter la vari\u00e9t\u00e9 d'herbe SFV OG<\/h2>\n<div>\n<div class=\"flex h-svh w-screen flex-col\">\n<div class=\"relative z-0 flex min-h-0 w-full flex-1\">\n<div class=\"relative flex min-h-0 w-full flex-1\">\n<div class=\"@container\/main relative flex min-w-0 flex-1 flex-col -translate-y-[calc(env(safe-area-inset-bottom,0px)\/2)] pt-[calc(env(safe-area-inset-bottom,0px)\/2)]\">\n<div class=\"@w-sm\/main:[scrollbar-gutter:var(--stage-scroll-gutter)] touch:[scrollbar-width:none] relative flex min-h-0 min-w-0 flex-1 flex-col [scrollbar-gutter:stable] not-print:overflow-x-clip not-print:overflow-y-auto scroll-pt-(--header-height) [--sticky-padding-top:var(--header-height)] has-data-[fixed-header=less-than-xl]:@w-xl\/main:scroll-pt-0 has-data-[fixed-header=less-than-xl]:@w-xl\/main:[--sticky-padding-top:0px] has-data-[fixed-header=less-than-xxl]:@w-2xl\/main:scroll-pt-0 has-data-[fixed-header=less-than-xxl]:@w-2xl\/main:[--sticky-padding-top:0px]\" data-scroll-root=\"\">\n<p>Achetez de la SFV OG Kush au Royaume-Uni en ligne, avec le soutien de DankPlugEU, un dispensaire en ligne de confiance. Notre boutique en ligne de SFV OG Kush, DankPlugEU, s'appuie sur des vendeurs et des fournisseurs professionnels qui vous proposent la meilleure qualit\u00e9 de SFV OG Kush disponible \u00e0 la vente au Royaume-Uni. Un simple contact avec DankPlugEU suffira \u00e0 changer votre perspective et \u00e0 vous convaincre que nous sommes la r\u00e9f\u00e9rence pour acheter de la SFV OG Kush en ligne \u00e0 des prix abordables. De la SFV OG Kush est disponible \u00e0 la vente d\u00e8s maintenant, ici m\u00eame, chez <a href=\"https:\/\/dankplugeu.com\/fr\/\">DankPlugEU<\/a>Vous pouvez vous attendre \u00e0 une livraison rapide en commandant la SFV OG Kush en ligne via notre plateforme.<\/p>\n<div id=\"thread\" class=\"group\/thread flex flex-col min-h-full\">\n<div class=\"composer-parent flex flex-1 flex-col focus-visible:outline-0\" role=\"presentation\">\n<div class=\"relative basis-auto flex-col -mb-(--composer-overlap-px) [--composer-overlap-px:28px] grow flex\">\n<div class=\"flex flex-col text-sm pb-25\">\n<section class=\"text-token-text-primary w-full focus:outline-none [--shadow-height:45px] has-data-writing-block:pointer-events-none has-data-writing-block:-mt-(--shadow-height) has-data-writing-block:pt-(--shadow-height) [&amp;:has([data-writing-block])&gt;*]:pointer-events-auto scroll-mt-[calc(var(--header-height)+min(200px,max(70px,20svh)))]\" dir=\"auto\" data-turn-id=\"request-69b4f380-d534-8320-8f3a-5301cc612476-2\" data-testid=\"conversation-turn-90\" data-scroll-anchor=\"true\" data-turn=\"assistant\">\n<div class=\"text-base my-auto mx-auto pb-10 [--thread-content-margin:var(--thread-content-margin-xs,calc(var(--spacing)*4))] @w-sm\/main:[--thread-content-margin:var(--thread-content-margin-sm,calc(var(--spacing)*6))] @w-lg\/main:[--thread-content-margin:var(--thread-content-margin-lg,calc(var(--spacing)*16))] px-(--thread-content-margin)\">\n<div class=\"[--thread-content-max-width:40rem] @w-lg\/main:[--thread-content-max-width:48rem] mx-auto max-w-(--thread-content-max-width) flex-1 group\/turn-messages focus-visible:outline-hidden relative flex w-full min-w-0 flex-col agent-turn\">\n<div class=\"flex max-w-full flex-col gap-4 grow\">\n<div class=\"min-h-8 text-message relative flex w-full flex-col items-end gap-2 text-start break-words whitespace-normal outline-none keyboard-focused:focus-ring [.text-message+&amp;]:mt-1\" dir=\"auto\" tabindex=\"0\" data-message-author-role=\"assistant\" data-message-id=\"bc65f505-1400-4f76-8e94-87be3435f160\" data-message-model-slug=\"gpt-5-3\" data-turn-start-message=\"true\">\n<div class=\"flex w-full flex-col gap-1 empty:hidden\">\n<div class=\"markdown prose dark:prose-invert w-full wrap-break-word light markdown-new-styling\">\n<h3 data-section-id=\"ms9ymq\" data-start=\"722\" data-end=\"747\">Qu'est-ce que la souche SFV OG ?<\/h3>\n<p data-start=\"749\" data-end=\"1360\">La vari\u00e9t\u00e9 de cannabis SFV OG de Cali Connection est un hybride \u00e0 dominance sativa, id\u00e9al pour les patients n\u00e9cessitant un soulagement puissant de la douleur sans pour autant \u00eatre clou\u00e9s au canap\u00e9. Comme son nom l'indique, cette cousine de l'OG Kush est originaire de la vall\u00e9e de San Fernando en Californie. De nombreux utilisateurs recherchent\u2026 <a href=\"https:\/\/dankplugeu.com\/fr\/produit\/buy-sfv-og-weed-strain-uk\/\">O\u00f9 acheter de la SFV OG Kush au Royaume-Uni ?<\/a> Privil\u00e9giez DankPlugEU pour une qualit\u00e9 et une authenticit\u00e9 constantes. Bien que leurs noms soient \u00e0 peine distincts, la SFV OG Kush est en r\u00e9alit\u00e9 le fruit du croisement de la SFV OG avec une vari\u00e9t\u00e9 afghane. Caract\u00e9ris\u00e9e par des notes aromatiques dominantes de pin terreux et de citron, elle produit des effets corporels qui se font sentir l\u00e9g\u00e8rement plus tardivement que la sensation initiale de brume mentale.<\/p>\n<p data-start=\"1362\" data-end=\"1484\">La SFV OG Kush l\u00e9gale a d\u00e9sormais \u00e9t\u00e9 affin\u00e9e et minutieusement stabilis\u00e9e afin de rendre disponible sous forme de graines cette vari\u00e9t\u00e9 d'une importance capitale. Cali Connection pr\u00e9cise elle-m\u00eame que, lorsque la SFV OG Kush est cultiv\u00e9e dans un cadre l\u00e9gal, ses graines donnent naissance \u00e0 des plantes d'une grande uniformit\u00e9, dont la floraison s'ach\u00e8ve en 8 semaines. Ses rendements sont excellents et justifient amplement l'attente. Selon Cali Connection, plus on laisse cette vari\u00e9t\u00e9 poursuivre sa floraison, meilleurs seront les r\u00e9sultats finaux. Les cultivateurs l\u00e9gaux peuvent s'attendre \u00e0 des parfums distinctifs de citron, relev\u00e9s de nuances \u00e9pic\u00e9es de pin ; un atout de taille qui fait de cette vari\u00e9t\u00e9 un choix particuli\u00e8rement judicieux, surtout au regard du prix de la SFV OG Kush UK propos\u00e9e par DankPlugEU.<\/p>\n<h3 data-section-id=\"h2s6yd\" data-start=\"1974\" data-end=\"2044\">Comment se connecter \u00e0 une boutique en ligne pour acheter de l'herbe SFV OG Kush en ligne ?<\/h3>\n<p data-start=\"2046\" data-end=\"2417\" data-is-last-node=\"\" data-is-only-node=\"\">Notre dispensaire en ligne de SFV OG Kush, DankPlugEU, assure la livraison au Royaume-Uni, en Espagne et en Irlande. Si vous r\u00e9sidez dans l'un de ces pays, vous pouvez acheter de la SFV OG Kush en ligne en toute simplicit\u00e9 en passant commande. De l'authentique SFV OG Kush est disponible \u00e0 la vente au Royaume-Uni \u00e0 des prix raisonnables via DankPlugEU, ce qui vous permet de commander facilement en ligne et de recevoir des produits de qualit\u00e9 sup\u00e9rieure.<\/p>\n<\/div>\n<\/div>\n<\/div>\n<\/div>\n<\/div>\n<\/div>\n<\/section>\n<\/div>\n<\/div>\n<\/div>\n<\/div>\n<p>&nbsp;<\/p>\n<\/div>\n<\/div>\n<\/div>\n<\/div>\n<\/div>\n<\/div>","protected":false},"excerpt":{"rendered":"<p>Buy SFV OG Weed Strain UK Buy SFV OG Kush UK online with the support of DankPlugEU, a trusted online dispensary. Our SFV OG weed online store at DankPlugEU has professional vendors and suppliers who deliver the best quality SFV OG Kush UK for sale. One-time communication with DankPlugEU can change your perspective, helping you [&hellip;]<\/p>","protected":false},"featured_media":17803,"comment_status":"open","ping_status":"closed","template":"","meta":{"_joinchat":[]},"product_cat":[231,132],"product_tag":[1836,1833,292,1835,1834,1832,1851,1845,1846,1841,1843,1847,293,295,1848,1849,1839,1842,1840,294,296,1837,1850,1838,1831,1844],"class_list":{"0":"post-17780","1":"product","2":"type-product","3":"status-publish","4":"has-post-thumbnail","6":"product_cat-hybrid-strain-for-sale-uk","7":"product_cat-marijuana-strains-for-sale-uk","8":"product_tag-best-sfv-og","9":"product_tag-buy-sfv-og","10":"product_tag-buy-sfv-og-strain-uk","11":"product_tag-cheap-sfv-og","12":"product_tag-order-sfv-og","13":"product_tag-purchase-sfv-og","14":"product_tag-runtz-sfv-og-uk","15":"product_tag-sfv-og-australia","16":"product_tag-sfv-og-dosage","17":"product_tag-sfv-og-doses","18":"product_tag-sfv-og-ebay","19":"product_tag-sfv-og-effects","20":"product_tag-sfv-og-for-sale","21":"product_tag-sfv-og-hybrid","22":"product_tag-sfv-og-legal","23":"product_tag-sfv-og-legality","24":"product_tag-sfv-og-quantity","25":"product_tag-sfv-og-reddit","26":"product_tag-sfv-og-review","27":"product_tag-sfv-og-strain","28":"product_tag-sfv-og-strain-in-uk","29":"product_tag-sfv-og-supplier","30":"product_tag-sfv-og-usa","31":"product_tag-sfv-og-vendor","32":"product_tag-sfv-og-weed-strain-for-sale","33":"product_tag-sfv-og-wiki","35":"first","36":"instock","37":"shipping-taxable","38":"purchasable","39":"product-type-variable","40":"has-default-attributes"},"yoast_head":"<!-- This site is optimized with the Yoast SEO plugin v26.3 - https:\/\/yoast.com\/wordpress\/plugins\/seo\/ -->\n<title>Buy SFV OG Weed Strain Online UK \u2013 SFV OG Cannabis for Sale<\/title>\n<meta name=\"description\" content=\"Buy SFV OG weed strain UK eu online from DankPlugEU. SFV OG for sale featuring earthy pine and lemon aroma with relaxing euphoric cannabis effects.\" \/>\n<meta name=\"robots\" content=\"index, follow, max-snippet:-1, max-image-preview:large, max-video-preview:-1\" \/>\n<link rel=\"canonical\" href=\"https:\/\/dankplugeu.com\/fr\/produit\/buy-sfv-og-weed-strain-uk\/\" \/>\n<meta property=\"og:locale\" content=\"fr_FR\" \/>\n<meta property=\"og:type\" content=\"article\" \/>\n<meta property=\"og:title\" content=\"Buy SFV OG Weed Strain Online UK \u2013 SFV OG Cannabis for Sale\" \/>\n<meta property=\"og:description\" content=\"Buy SFV OG weed strain UK eu online from DankPlugEU. SFV OG for sale featuring earthy pine and lemon aroma with relaxing euphoric cannabis effects.\" \/>\n<meta property=\"og:url\" content=\"https:\/\/dankplugeu.com\/fr\/produit\/buy-sfv-og-weed-strain-uk\/\" \/>\n<meta property=\"og:site_name\" content=\"DankPlugEU\" \/>\n<meta property=\"article:modified_time\" content=\"2026-03-23T11:29:39+00:00\" \/>\n<meta property=\"og:image\" content=\"https:\/\/dankplugeu.com\/wp-content\/uploads\/2021\/04\/sfv-og.jpg\" \/>\n\t<meta property=\"og:image:width\" content=\"600\" \/>\n\t<meta property=\"og:image:height\" content=\"600\" \/>\n\t<meta property=\"og:image:type\" content=\"image\/jpeg\" \/>\n<meta name=\"twitter:card\" content=\"summary_large_image\" \/>\n<meta name=\"twitter:label1\" content=\"Dur\u00e9e de lecture estim\u00e9e\" \/>\n\t<meta name=\"twitter:data1\" content=\"2 minutes\" \/>\n<script type=\"application\/ld+json\" class=\"yoast-schema-graph\">{\"@context\":\"https:\/\/schema.org\",\"@graph\":[{\"@type\":\"WebPage\",\"@id\":\"https:\/\/dankplugeu.com\/product\/buy-sfv-og-weed-strain-uk\/\",\"url\":\"https:\/\/dankplugeu.com\/product\/buy-sfv-og-weed-strain-uk\/\",\"name\":\"Buy SFV OG Weed Strain Online UK \u2013 SFV OG Cannabis for Sale\",\"isPartOf\":{\"@id\":\"https:\/\/dankplugeu.com\/#website\"},\"primaryImageOfPage\":{\"@id\":\"https:\/\/dankplugeu.com\/product\/buy-sfv-og-weed-strain-uk\/#primaryimage\"},\"image\":{\"@id\":\"https:\/\/dankplugeu.com\/product\/buy-sfv-og-weed-strain-uk\/#primaryimage\"},\"thumbnailUrl\":\"https:\/\/dankplugeu.com\/wp-content\/uploads\/2021\/04\/sfv-og.jpg\",\"datePublished\":\"2021-04-12T13:33:45+00:00\",\"dateModified\":\"2026-03-23T11:29:39+00:00\",\"description\":\"Buy SFV OG weed strain UK eu online from DankPlugEU. SFV OG for sale featuring earthy pine and lemon aroma with relaxing euphoric cannabis effects.\",\"breadcrumb\":{\"@id\":\"https:\/\/dankplugeu.com\/product\/buy-sfv-og-weed-strain-uk\/#breadcrumb\"},\"inLanguage\":\"fr-FR\",\"potentialAction\":[{\"@type\":\"ReadAction\",\"target\":[\"https:\/\/dankplugeu.com\/product\/buy-sfv-og-weed-strain-uk\/\"]}]},{\"@type\":\"ImageObject\",\"inLanguage\":\"fr-FR\",\"@id\":\"https:\/\/dankplugeu.com\/product\/buy-sfv-og-weed-strain-uk\/#primaryimage\",\"url\":\"https:\/\/dankplugeu.com\/wp-content\/uploads\/2021\/04\/sfv-og.jpg\",\"contentUrl\":\"https:\/\/dankplugeu.com\/wp-content\/uploads\/2021\/04\/sfv-og.jpg\",\"width\":600,\"height\":600,\"caption\":\"SFV OG Weed\"},{\"@type\":\"BreadcrumbList\",\"@id\":\"https:\/\/dankplugeu.com\/product\/buy-sfv-og-weed-strain-uk\/#breadcrumb\",\"itemListElement\":[{\"@type\":\"ListItem\",\"position\":1,\"name\":\"Home\",\"item\":\"https:\/\/dankplugeu.com\/\"},{\"@type\":\"ListItem\",\"position\":2,\"name\":\"Order Weed Online UK\",\"item\":\"https:\/\/dankplugeu.com\/shop\/\"},{\"@type\":\"ListItem\",\"position\":3,\"name\":\"Buy SFV OG Weed Strain UK\"}]},{\"@type\":\"WebSite\",\"@id\":\"https:\/\/dankplugeu.com\/#website\",\"url\":\"https:\/\/dankplugeu.com\/\",\"name\":\"DankPlugEU\",\"description\":\"Order Weed online\",\"publisher\":{\"@id\":\"https:\/\/dankplugeu.com\/#organization\"},\"potentialAction\":[{\"@type\":\"SearchAction\",\"target\":{\"@type\":\"EntryPoint\",\"urlTemplate\":\"https:\/\/dankplugeu.com\/?s={search_term_string}\"},\"query-input\":{\"@type\":\"PropertyValueSpecification\",\"valueRequired\":true,\"valueName\":\"search_term_string\"}}],\"inLanguage\":\"fr-FR\"},{\"@type\":\"Organization\",\"@id\":\"https:\/\/dankplugeu.com\/#organization\",\"name\":\"DankPlugEU\",\"url\":\"https:\/\/dankplugeu.com\/\",\"logo\":{\"@type\":\"ImageObject\",\"inLanguage\":\"fr-FR\",\"@id\":\"https:\/\/dankplugeu.com\/#\/schema\/logo\/image\/\",\"url\":\"https:\/\/dankplugeu.com\/wp-content\/uploads\/2021\/04\/dankplugeu-logo.png\",\"contentUrl\":\"https:\/\/dankplugeu.com\/wp-content\/uploads\/2021\/04\/dankplugeu-logo.png\",\"width\":864,\"height\":216,\"caption\":\"DankPlugEU\"},\"image\":{\"@id\":\"https:\/\/dankplugeu.com\/#\/schema\/logo\/image\/\"}}]}<\/script>\n<!-- \/ Yoast SEO plugin. -->","yoast_head_json":{"title":"Buy SFV OG Weed Strain Online UK \u2013 SFV OG Cannabis for Sale","description":"Buy SFV OG weed strain UK eu online from DankPlugEU. SFV OG for sale featuring earthy pine and lemon aroma with relaxing euphoric cannabis effects.","robots":{"index":"index","follow":"follow","max-snippet":"max-snippet:-1","max-image-preview":"max-image-preview:large","max-video-preview":"max-video-preview:-1"},"canonical":"https:\/\/dankplugeu.com\/fr\/produit\/buy-sfv-og-weed-strain-uk\/","og_locale":"fr_FR","og_type":"article","og_title":"Buy SFV OG Weed Strain Online UK \u2013 SFV OG Cannabis for Sale","og_description":"Buy SFV OG weed strain UK eu online from DankPlugEU. SFV OG for sale featuring earthy pine and lemon aroma with relaxing euphoric cannabis effects.","og_url":"https:\/\/dankplugeu.com\/fr\/produit\/buy-sfv-og-weed-strain-uk\/","og_site_name":"DankPlugEU","article_modified_time":"2026-03-23T11:29:39+00:00","og_image":[{"width":600,"height":600,"url":"https:\/\/dankplugeu.com\/wp-content\/uploads\/2021\/04\/sfv-og.jpg","type":"image\/jpeg"}],"twitter_card":"summary_large_image","twitter_misc":{"Dur\u00e9e de lecture estim\u00e9e":"2 minutes"},"schema":{"@context":"https:\/\/schema.org","@graph":[{"@type":"WebPage","@id":"https:\/\/dankplugeu.com\/product\/buy-sfv-og-weed-strain-uk\/","url":"https:\/\/dankplugeu.com\/product\/buy-sfv-og-weed-strain-uk\/","name":"Buy SFV OG Weed Strain Online UK \u2013 SFV OG Cannabis for Sale","isPartOf":{"@id":"https:\/\/dankplugeu.com\/#website"},"primaryImageOfPage":{"@id":"https:\/\/dankplugeu.com\/product\/buy-sfv-og-weed-strain-uk\/#primaryimage"},"image":{"@id":"https:\/\/dankplugeu.com\/product\/buy-sfv-og-weed-strain-uk\/#primaryimage"},"thumbnailUrl":"https:\/\/dankplugeu.com\/wp-content\/uploads\/2021\/04\/sfv-og.jpg","datePublished":"2021-04-12T13:33:45+00:00","dateModified":"2026-03-23T11:29:39+00:00","description":"Buy SFV OG weed strain UK eu online from DankPlugEU. SFV OG for sale featuring earthy pine and lemon aroma with relaxing euphoric cannabis effects.","breadcrumb":{"@id":"https:\/\/dankplugeu.com\/product\/buy-sfv-og-weed-strain-uk\/#breadcrumb"},"inLanguage":"fr-FR","potentialAction":[{"@type":"ReadAction","target":["https:\/\/dankplugeu.com\/product\/buy-sfv-og-weed-strain-uk\/"]}]},{"@type":"ImageObject","inLanguage":"fr-FR","@id":"https:\/\/dankplugeu.com\/product\/buy-sfv-og-weed-strain-uk\/#primaryimage","url":"https:\/\/dankplugeu.com\/wp-content\/uploads\/2021\/04\/sfv-og.jpg","contentUrl":"https:\/\/dankplugeu.com\/wp-content\/uploads\/2021\/04\/sfv-og.jpg","width":600,"height":600,"caption":"SFV OG Weed"},{"@type":"BreadcrumbList","@id":"https:\/\/dankplugeu.com\/product\/buy-sfv-og-weed-strain-uk\/#breadcrumb","itemListElement":[{"@type":"ListItem","position":1,"name":"Home","item":"https:\/\/dankplugeu.com\/"},{"@type":"ListItem","position":2,"name":"Order Weed Online UK","item":"https:\/\/dankplugeu.com\/shop\/"},{"@type":"ListItem","position":3,"name":"Buy SFV OG Weed Strain UK"}]},{"@type":"WebSite","@id":"https:\/\/dankplugeu.com\/#website","url":"https:\/\/dankplugeu.com\/","name":"DankPlugEU","description":"Order Weed online","publisher":{"@id":"https:\/\/dankplugeu.com\/#organization"},"potentialAction":[{"@type":"SearchAction","target":{"@type":"EntryPoint","urlTemplate":"https:\/\/dankplugeu.com\/?s={search_term_string}"},"query-input":{"@type":"PropertyValueSpecification","valueRequired":true,"valueName":"search_term_string"}}],"inLanguage":"fr-FR"},{"@type":"Organization","@id":"https:\/\/dankplugeu.com\/#organization","name":"DankPlugEU","url":"https:\/\/dankplugeu.com\/","logo":{"@type":"ImageObject","inLanguage":"fr-FR","@id":"https:\/\/dankplugeu.com\/#\/schema\/logo\/image\/","url":"https:\/\/dankplugeu.com\/wp-content\/uploads\/2021\/04\/dankplugeu-logo.png","contentUrl":"https:\/\/dankplugeu.com\/wp-content\/uploads\/2021\/04\/dankplugeu-logo.png","width":864,"height":216,"caption":"DankPlugEU"},"image":{"@id":"https:\/\/dankplugeu.com\/#\/schema\/logo\/image\/"}}]}},"_links":{"self":[{"href":"https:\/\/dankplugeu.com\/fr\/wp-json\/wp\/v2\/product\/17780","targetHints":{"allow":["GET"]}}],"collection":[{"href":"https:\/\/dankplugeu.com\/fr\/wp-json\/wp\/v2\/product"}],"about":[{"href":"https:\/\/dankplugeu.com\/fr\/wp-json\/wp\/v2\/types\/product"}],"replies":[{"embeddable":true,"href":"https:\/\/dankplugeu.com\/fr\/wp-json\/wp\/v2\/comments?post=17780"}],"wp:featuredmedia":[{"embeddable":true,"href":"https:\/\/dankplugeu.com\/fr\/wp-json\/wp\/v2\/media\/17803"}],"wp:attachment":[{"href":"https:\/\/dankplugeu.com\/fr\/wp-json\/wp\/v2\/media?parent=17780"}],"wp:term":[{"taxonomy":"product_cat","embeddable":true,"href":"https:\/\/dankplugeu.com\/fr\/wp-json\/wp\/v2\/product_cat?post=17780"},{"taxonomy":"product_tag","embeddable":true,"href":"https:\/\/dankplugeu.com\/fr\/wp-json\/wp\/v2\/product_tag?post=17780"}],"curies":[{"name":"wp","href":"https:\/\/api.w.org\/{rel}","templated":true}]}}