{"id":18050,"date":"2021-04-13T09:21:02","date_gmt":"2021-04-13T09:21:02","guid":{"rendered":"https:\/\/dankpluguk.com\/?page_id=18050"},"modified":"2021-04-13T09:21:02","modified_gmt":"2021-04-13T09:21:02","slug":"payment-methods","status":"publish","type":"page","link":"https:\/\/dankplugeu.com\/hu\/fizetesi-modok\/","title":{"rendered":"Fizet\u00e9si m\u00f3dok"},"content":{"rendered":"<div  class=\"vc_row wpb_row vc_row-fluid vc_column-gap-default ts-row-wide\"  ><div class=\"wpb_column vc_column_container vc_col-sm-12\">\n\t<div class=\"wpb_wrapper\">\n\t\n\t<div class=\"wpb_text_column wpb_content_element\" >\n\t\t<div class=\"wpb_wrapper\">\n\t\t\t<p style=\"text-align: justify;\"><strong>Banki \u00e1tutal\u00e1s<\/strong><\/p>\n<p style=\"text-align: justify;\">A banki \u00e1tutal\u00e1s els\u0151sorban akkor aj\u00e1nlott, ha nem tudsz m\u00e1s fizet\u00e9si m\u00f3dot haszn\u00e1lni, mivel nem azonnali, \u00e9s helyi \u00e1tutal\u00e1s eset\u00e9n (az USA-n bel\u00fcl) ak\u00e1r 24 \u00f3r\u00e1t, nemzetk\u00f6zi \u00e1tutal\u00e1s eset\u00e9n pedig 72 \u00f3r\u00e1t (3 napot) vesz ig\u00e9nybe, kiv\u00e9ve a h\u00e9tv\u00e9g\u00e9ket.<\/p>\n<h4 style=\"text-align: justify;\"><strong>Hogyan fizethet banki \u00e1tutal\u00e1ssal<\/strong><\/h4>\n<p style=\"text-align: justify;\">A banki \u00e1tutal\u00e1s egyszer\u0171en egy \u00e1tutal\u00e1st jelent az \u00d6n bankj\u00e1b\u00f3l a mi banksz\u00e1ml\u00e1nkra (Wells Fargo). Ha a p\u00e9nzt\u00e1r oldalon a banki \u00e1tutal\u00e1sos fizet\u00e9st v\u00e1lasztja, akkor a k\u00f6vetkez\u0151 oldalon megjelennek a banksz\u00e1mla adataink. \u00d6nnek csak annyit kell tennie, hogy lem\u00e1solja az inform\u00e1ci\u00f3kat, bejelentkezik az online banksz\u00e1ml\u00e1j\u00e1ra vagy szem\u00e9lyesen elmegy a bankj\u00e1hoz, \u00e9s \u00e1tutalja az \u00f6sszeget a megadott adatokra, majd ha k\u00e9sz, k\u00fcldj\u00f6n nek\u00fcnk egy k\u00e9perny\u0151k\u00e9pet a tranzakci\u00f3r\u00f3l a szolg\u00e1ltat\u00e1si e-mail c\u00edm\u00fcnkre, amely a k\u00f6vetkez\u0151.\u00a0<strong>contact@dankplugeu.com<\/strong>\u00a0az e-mail t\u00e1rgya a rendel\u00e9s sz\u00e1ma<\/p>\n<h4 style=\"text-align: justify;\"><strong>Bitcoin<\/strong><\/h4>\n<p style=\"text-align: justify;\">A kriptop\u00e9nzek vil\u00e1g\u00e1nak szerelmesei sz\u00e1m\u00e1ra lehet\u0151s\u00e9get biztos\u00edtunk a legn\u00e9pszer\u0171bb \u00e9s legbiztons\u00e1gosabb kriptop\u00e9nzeken kereszt\u00fcl t\u00f6rt\u00e9n\u0151 fizet\u00e9sre. Azonban vegye figyelembe, hogy a Bitcoins nem els\u0151 alkalommal bar\u00e1ts\u00e1gos, \u00edgy ha m\u00e9g nem rendelkezik Bitcoin sz\u00e1ml\u00e1val \u00e9s\/vagy Bitcoinnal, akkor ez NEM az \u00d6n sz\u00e1m\u00e1ra k\u00e9sz\u00fclt.<\/p>\n<h4 style=\"text-align: justify;\"><strong>Hogyan kell fizetni a bitcoinokon kereszt\u00fcl<\/strong><\/h4>\n<p style=\"text-align: justify;\">A bitcoin a legbiztons\u00e1gosabb online fizet\u00e9si m\u00f3d, mivel nem nyomon k\u00f6vethet\u0151, \u00e9s nem szab\u00e1lyozza semmilyen banki hat\u00f3s\u00e1g. Ha azonban rendelkezik Bitcoin-fi\u00f3kkal \u00e9s\/vagy Bitcoinnal, akkor m\u00e1r tudja, hogyan k\u00fcldhet fizet\u00e9seket, \u00edgy csak a Bitcoins t\u00e1rc\u00e1nk c\u00edm\u00e9re lesz sz\u00fcks\u00e9ge, amely a p\u00e9nzt\u00e1rg\u00e9p oldal ut\u00e1n megjelenik a k\u00e9perny\u0151n, ha a p\u00e9nzt\u00e1rg\u00e9p oldalon a Bitcoins fizet\u00e9s opci\u00f3t v\u00e1lasztja. Ha azonban m\u00e9g nem rendelkezik sz\u00e1ml\u00e1val, \u00e9s szeretne bitcoinnal fizetni, hogy megkapja a mi\u00a0<strong>20% kedvezm\u00e9ny<\/strong>\u00a0akkor k\u00f6vesse az al\u00e1bbi l\u00e9p\u00e9seket.<\/p>\n<blockquote>\n<p style=\"text-align: justify;\">Megjegyz\u00e9s: A Bitcoin nem az els\u0151 alkalom, ez\u00e9rt ha m\u00e9g nem haszn\u00e1lta kor\u00e1bban, javasoljuk, hogy haszn\u00e1ljon m\u00e1s egyszer\u0171 fizet\u00e9si m\u00f3dokat, p\u00e9ld\u00e1ul banki \u00e1tutal\u00e1st.<\/p>\n<\/blockquote>\n\n\t\t<\/div>\n\t<\/div>\n\t<\/div>\n<\/div><\/div>","protected":false},"excerpt":{"rendered":"Bank Transfer Bank transfer payments are mainly if you can not use any other method of payment because they are not instant and take up to 24 hours for local transfer (within the USA), and up to 72 hours (3 days) for international transfers excluding the weekends. How To Pay Through Bank Transfer Bank transfers [...]","protected":false},"author":1,"featured_media":0,"parent":0,"menu_order":0,"comment_status":"closed","ping_status":"closed","template":"","meta":{"_joinchat":[],"footnotes":""},"class_list":["post-18050","page","type-page","status-publish","hentry"],"yoast_head":"<!-- This site is optimized with the Yoast SEO plugin v26.3 - https:\/\/yoast.com\/wordpress\/plugins\/seo\/ -->\n<title>Payment Methods - DankPlugEU<\/title>\n<meta name=\"robots\" content=\"index, follow, max-snippet:-1, max-image-preview:large, max-video-preview:-1\" \/>\n<link rel=\"canonical\" href=\"https:\/\/dankplugeu.com\/hu\/fizetesi-modok\/\" \/>\n<meta property=\"og:locale\" content=\"hu_HU\" \/>\n<meta property=\"og:type\" content=\"article\" \/>\n<meta property=\"og:title\" content=\"Payment Methods - DankPlugEU\" \/>\n<meta property=\"og:url\" content=\"https:\/\/dankplugeu.com\/hu\/fizetesi-modok\/\" \/>\n<meta property=\"og:site_name\" content=\"DankPlugEU\" \/>\n<meta name=\"twitter:card\" content=\"summary_large_image\" \/>\n<meta name=\"twitter:label1\" content=\"Becs\u00fclt olvas\u00e1si id\u0151\" \/>\n\t<meta name=\"twitter:data1\" content=\"2 perc\" \/>\n<script type=\"application\/ld+json\" class=\"yoast-schema-graph\">{\"@context\":\"https:\/\/schema.org\",\"@graph\":[{\"@type\":\"WebPage\",\"@id\":\"https:\/\/dankplugeu.com\/payment-methods\/\",\"url\":\"https:\/\/dankplugeu.com\/payment-methods\/\",\"name\":\"Payment Methods - DankPlugEU\",\"isPartOf\":{\"@id\":\"https:\/\/dankplugeu.com\/#website\"},\"datePublished\":\"2021-04-13T09:21:02+00:00\",\"breadcrumb\":{\"@id\":\"https:\/\/dankplugeu.com\/payment-methods\/#breadcrumb\"},\"inLanguage\":\"hu\",\"potentialAction\":[{\"@type\":\"ReadAction\",\"target\":[\"https:\/\/dankplugeu.com\/payment-methods\/\"]}]},{\"@type\":\"BreadcrumbList\",\"@id\":\"https:\/\/dankplugeu.com\/payment-methods\/#breadcrumb\",\"itemListElement\":[{\"@type\":\"ListItem\",\"position\":1,\"name\":\"Home\",\"item\":\"https:\/\/dankplugeu.com\/\"},{\"@type\":\"ListItem\",\"position\":2,\"name\":\"Payment Methods\"}]},{\"@type\":\"WebSite\",\"@id\":\"https:\/\/dankplugeu.com\/#website\",\"url\":\"https:\/\/dankplugeu.com\/\",\"name\":\"DankPlugEU\",\"description\":\"Order Weed online\",\"publisher\":{\"@id\":\"https:\/\/dankplugeu.com\/#organization\"},\"potentialAction\":[{\"@type\":\"SearchAction\",\"target\":{\"@type\":\"EntryPoint\",\"urlTemplate\":\"https:\/\/dankplugeu.com\/?s={search_term_string}\"},\"query-input\":{\"@type\":\"PropertyValueSpecification\",\"valueRequired\":true,\"valueName\":\"search_term_string\"}}],\"inLanguage\":\"hu\"},{\"@type\":\"Organization\",\"@id\":\"https:\/\/dankplugeu.com\/#organization\",\"name\":\"DankPlugEU\",\"url\":\"https:\/\/dankplugeu.com\/\",\"logo\":{\"@type\":\"ImageObject\",\"inLanguage\":\"hu\",\"@id\":\"https:\/\/dankplugeu.com\/#\/schema\/logo\/image\/\",\"url\":\"https:\/\/dankplugeu.com\/wp-content\/uploads\/2021\/04\/dankplugeu-logo.png\",\"contentUrl\":\"https:\/\/dankplugeu.com\/wp-content\/uploads\/2021\/04\/dankplugeu-logo.png\",\"width\":864,\"height\":216,\"caption\":\"DankPlugEU\"},\"image\":{\"@id\":\"https:\/\/dankplugeu.com\/#\/schema\/logo\/image\/\"}}]}<\/script>\n<!-- \/ Yoast SEO plugin. -->","yoast_head_json":{"title":"Payment Methods - DankPlugEU","robots":{"index":"index","follow":"follow","max-snippet":"max-snippet:-1","max-image-preview":"max-image-preview:large","max-video-preview":"max-video-preview:-1"},"canonical":"https:\/\/dankplugeu.com\/hu\/fizetesi-modok\/","og_locale":"hu_HU","og_type":"article","og_title":"Payment Methods - DankPlugEU","og_url":"https:\/\/dankplugeu.com\/hu\/fizetesi-modok\/","og_site_name":"DankPlugEU","twitter_card":"summary_large_image","twitter_misc":{"Becs\u00fclt olvas\u00e1si id\u0151":"2 perc"},"schema":{"@context":"https:\/\/schema.org","@graph":[{"@type":"WebPage","@id":"https:\/\/dankplugeu.com\/payment-methods\/","url":"https:\/\/dankplugeu.com\/payment-methods\/","name":"Payment Methods - DankPlugEU","isPartOf":{"@id":"https:\/\/dankplugeu.com\/#website"},"datePublished":"2021-04-13T09:21:02+00:00","breadcrumb":{"@id":"https:\/\/dankplugeu.com\/payment-methods\/#breadcrumb"},"inLanguage":"hu","potentialAction":[{"@type":"ReadAction","target":["https:\/\/dankplugeu.com\/payment-methods\/"]}]},{"@type":"BreadcrumbList","@id":"https:\/\/dankplugeu.com\/payment-methods\/#breadcrumb","itemListElement":[{"@type":"ListItem","position":1,"name":"Home","item":"https:\/\/dankplugeu.com\/"},{"@type":"ListItem","position":2,"name":"Payment Methods"}]},{"@type":"WebSite","@id":"https:\/\/dankplugeu.com\/#website","url":"https:\/\/dankplugeu.com\/","name":"DankPlugEU","description":"Order Weed online","publisher":{"@id":"https:\/\/dankplugeu.com\/#organization"},"potentialAction":[{"@type":"SearchAction","target":{"@type":"EntryPoint","urlTemplate":"https:\/\/dankplugeu.com\/?s={search_term_string}"},"query-input":{"@type":"PropertyValueSpecification","valueRequired":true,"valueName":"search_term_string"}}],"inLanguage":"hu"},{"@type":"Organization","@id":"https:\/\/dankplugeu.com\/#organization","name":"DankPlugEU","url":"https:\/\/dankplugeu.com\/","logo":{"@type":"ImageObject","inLanguage":"hu","@id":"https:\/\/dankplugeu.com\/#\/schema\/logo\/image\/","url":"https:\/\/dankplugeu.com\/wp-content\/uploads\/2021\/04\/dankplugeu-logo.png","contentUrl":"https:\/\/dankplugeu.com\/wp-content\/uploads\/2021\/04\/dankplugeu-logo.png","width":864,"height":216,"caption":"DankPlugEU"},"image":{"@id":"https:\/\/dankplugeu.com\/#\/schema\/logo\/image\/"}}]}},"_links":{"self":[{"href":"https:\/\/dankplugeu.com\/hu\/wp-json\/wp\/v2\/pages\/18050","targetHints":{"allow":["GET"]}}],"collection":[{"href":"https:\/\/dankplugeu.com\/hu\/wp-json\/wp\/v2\/pages"}],"about":[{"href":"https:\/\/dankplugeu.com\/hu\/wp-json\/wp\/v2\/types\/page"}],"author":[{"embeddable":true,"href":"https:\/\/dankplugeu.com\/hu\/wp-json\/wp\/v2\/users\/1"}],"replies":[{"embeddable":true,"href":"https:\/\/dankplugeu.com\/hu\/wp-json\/wp\/v2\/comments?post=18050"}],"version-history":[{"count":1,"href":"https:\/\/dankplugeu.com\/hu\/wp-json\/wp\/v2\/pages\/18050\/revisions"}],"predecessor-version":[{"id":18051,"href":"https:\/\/dankplugeu.com\/hu\/wp-json\/wp\/v2\/pages\/18050\/revisions\/18051"}],"wp:attachment":[{"href":"https:\/\/dankplugeu.com\/hu\/wp-json\/wp\/v2\/media?parent=18050"}],"curies":[{"name":"wp","href":"https:\/\/api.w.org\/{rel}","templated":true}]}}