{"id":17696,"date":"2021-04-12T12:07:06","date_gmt":"2021-04-12T12:07:06","guid":{"rendered":"https:\/\/dankpluguk.com\/?post_type=product&#038;p=17696"},"modified":"2026-03-14T05:53:13","modified_gmt":"2026-03-14T05:53:13","slug":"buy-gelato-weed-strain-uk","status":"publish","type":"product","link":"https:\/\/dankplugeu.com\/hu\/termek\/vasarolni-gelato-fu-torzs-uk\/","title":{"rendered":"Gelato f\u0171 t\u00f6rzs megv\u00e1s\u00e1rl\u00e1sa"},"content":{"rendered":"<h2 style=\"text-align: justify;\">Gelato f\u0171 t\u00f6rzs megv\u00e1s\u00e1rl\u00e1sa<\/h2>\n<p style=\"text-align: justify;\">Keres a <a href=\"https:\/\/dankplugeu.com\/hu\/termek\/vasarolni-gelato-fu-torzs-uk\/\"><strong>gelato t\u00f6rzs online gy\u00f3gyszert\u00e1r<\/strong><\/a> honnan v\u00e1s\u00e1rolhat gelato gyomt\u00f6rzset online az Egyes\u00fclt Kir\u00e1lys\u00e1gban? Ha igen, akkor <a href=\"https:\/\/dankplugeu.com\/hu\/\"><strong>DankPlugEU<\/strong><\/a> honnan v\u00e1s\u00e1rolhat gelato gyomt\u00f6rzset online az Egyes\u00fclt Kir\u00e1lys\u00e1gban? Ha igen, akkor<\/p>\n<h3 style=\"text-align: justify;\">Mi az a Gelato-t\u00f6rzs?<\/h3>\n<p style=\"text-align: justify;\">A Legal Gelato gyombiztos a Sunset Sherbet \u00e9s a Thin Mint n\u0151i gyermek Cookies keresztez\u00e9se lehet, amelyet \u00e9des arom\u00e1j\u00e1nak tisztelet\u00e9re neveztek el. A Larry Bird n\u00e9ven is emlegetett Gelat\u00f3t (#33) el\u0151sz\u00f6r \u00c9szak-Kalifornia \u00f6b\u00f6l k\u00f6rny\u00e9k\u00e9n termesztett\u00e9k, \u00e9s a Cookie csal\u00e1d, a Sherbinskis csal\u00e1d \u00e9s Mario Guzman kultiv\u00e1tor \u00e1ltal l\u00e9trehozott m\u00e9ly genetikai bankb\u00f3l sz\u00e1rmazik. R\u00fcgyei s\u00f6t\u00e9tlila \u00e1rnyalatokban vir\u00e1goznak, t\u00fczes narancss\u00e1rga sz\u0151rsz\u00e1lakkal \u00e9s ragyog\u00f3 feh\u00e9r krist\u00e1lygyantar\u00e9teggel megvil\u00e1g\u00edtva.<\/p>\n<h3 style=\"text-align: justify;\">A Gelato Weed hat\u00e1sai<\/h3>\n<p style=\"text-align: justify;\">Az \u00faj fogyaszt\u00f3knak \u00e9rdemes lehet ezt megk\u00f6zel\u00edteni <a href=\"https:\/\/en.wikipedia.org\/wiki\/Tetrahydrocannabinol\">THC<\/a> \u00d3vatosan, de a nagy toleranci\u00e1val felv\u00e9rtezettek \u00e9lvezni fogj\u00e1k Gelato kem\u00e9nykez\u0171 euf\u00f3ri\u00e1j\u00e1t. A fizikai ellazul\u00e1s er\u0151s, de sokan m\u00e9g mindig el\u00e9g mozg\u00e9konynak tal\u00e1lj\u00e1k magukat ahhoz, hogy produkt\u00edvak \u00e9s m\u0171v\u00e9sziek maradjanak, amikor napk\u00f6zben \u00e9lvezik a Gelat\u00f3t. A magas THC-koncentr\u00e1ci\u00f3hoz nem szokott emberek paranoi\u00e1t vagy szorong\u00e1st tapasztalhatnak. Besz\u00e9lje meg orvos\u00e1val, hogy ez a t\u00f6rzs megfelel\u0151-e az \u00d6n sz\u00e1m\u00e1ra.<\/p>\n<h3 style=\"text-align: justify;\">Mikor \u00e9rik meg a gelato t\u00f6rzs?<\/h3>\n<p style=\"text-align: justify;\">A t\u00f6rzset n\u00f6veked\u00e9si kih\u00edv\u00e1snak tekintik, \u00e9s minden fenot\u00edpus m\u00e1s-m\u00e1s n\u00f6veked\u00e9si jellemz\u0151t fejez ki. Belt\u00e9rben viszonylag r\u00f6vid, s\u00f6t\u00e9t, b\u00edbor bimb\u00f3j\u00fa n\u00f6v\u00e9nyeket hoz, amelyek jellemz\u0151en a 12\/12-es vir\u00e1gz\u00e1si ciklusba l\u00e9p\u00e9st\u0151l sz\u00e1m\u00edtott 8-9 h\u00e9ten bel\u00fcl \u00e9rnek.<\/p>\n<h3 style=\"text-align: justify;\">Hol lehet online zsel\u00e9s f\u00fcvet rendelni?<\/h3>\n<p style=\"text-align: justify;\">Nyomd le a rendel\u00e9sed <strong>v\u00e1s\u00e1rolni gelato t\u00f6rzs online<\/strong> a mi <strong>gyomn\u00f6v\u00e9ny bolt<\/strong>. Sz\u00e1ll\u00edt\u00f3ink \u00e9s besz\u00e1ll\u00edt\u00f3ink seg\u00edtenek \u00d6nnek, hogy pillanatok alatt megkapja term\u00e9k\u00e9t. Megbecs\u00fclt web\u00e1ruh\u00e1z vagyunk az eg\u00e9sz online piacon. Hamarosan teljes\u00fclnek a val\u00f3di gelato weed online k\u00f6vetelm\u00e9nyei!<\/p>","protected":false},"excerpt":{"rendered":"<p>Buy Gelato Weed Strain UK Are you looking for a gelato strain online dispensary from where you could buy gelato weed strain online UK? If yes, then DankPlugEU is the right place to get the things done. We are exclusively dealing with Gelato weed for sale in the UK, Spain, and Ireland. Order Gelato weed [&hellip;]<\/p>","protected":false},"featured_media":17702,"comment_status":"open","ping_status":"closed","template":"","meta":{"_joinchat":[]},"product_cat":[231,132],"product_tag":[1198,1195,1193,247,1197,1205,1206,1207,1203,1208,248,250,1209,1200,1202,1201,249,251,1210,1211,1199,1204,1196,1194],"class_list":{"0":"post-17696","1":"product","2":"type-product","3":"status-publish","4":"has-post-thumbnail","6":"product_cat-hybrid-strain-for-sale-uk","7":"product_cat-marijuana-strains-for-sale-uk","8":"product_tag-best-gelato-supplier","9":"product_tag-buy-gelato-hybrid-strain","10":"product_tag-buy-gelato-hybrid-strain-for-sale","11":"product_tag-buy-gelato-hybrid-strain-uk","12":"product_tag-cheap-gelato","13":"product_tag-gelato-australia","14":"product_tag-gelato-canada","15":"product_tag-gelato-china","16":"product_tag-gelato-ebay","17":"product_tag-gelato-effects","18":"product_tag-gelato-for-sale","19":"product_tag-gelato-hybrid","20":"product_tag-gelato-legality","21":"product_tag-gelato-quantity","22":"product_tag-gelato-reddit","23":"product_tag-gelato-review","24":"product_tag-gelato-strain","25":"product_tag-gelato-strain-in-uk","26":"product_tag-gelato-supplier","27":"product_tag-gelato-uk","28":"product_tag-gelato-vendor","29":"product_tag-gelato-wiki","30":"product_tag-order-gelato","31":"product_tag-purchase-buy-gelato-hybrid-strain","33":"first","34":"instock","35":"shipping-taxable","36":"purchasable","37":"product-type-variable","38":"has-default-attributes"},"yoast_head":"<!-- This site is optimized with the Yoast SEO plugin v26.3 - https:\/\/yoast.com\/wordpress\/plugins\/seo\/ -->\n<title>Buy Gelato Weed Strain UK \u2013 Gelato Cannabis for Sale Online<\/title>\n<meta name=\"description\" content=\"Buy Gelato weed strain UK for sale online. Premium hybrid cannabis famous for its creamy dessert flavor and balanced euphoric and relaxing effects.\" \/>\n<meta name=\"robots\" content=\"index, follow, max-snippet:-1, max-image-preview:large, max-video-preview:-1\" \/>\n<link rel=\"canonical\" href=\"https:\/\/dankplugeu.com\/hu\/termek\/vasarolni-gelato-fu-torzs-uk\/\" \/>\n<meta property=\"og:locale\" content=\"hu_HU\" \/>\n<meta property=\"og:type\" content=\"article\" \/>\n<meta property=\"og:title\" content=\"Buy Gelato Weed Strain UK \u2013 Gelato Cannabis for Sale Online\" \/>\n<meta property=\"og:description\" content=\"Buy Gelato weed strain UK for sale online. Premium hybrid cannabis famous for its creamy dessert flavor and balanced euphoric and relaxing effects.\" \/>\n<meta property=\"og:url\" content=\"https:\/\/dankplugeu.com\/hu\/termek\/vasarolni-gelato-fu-torzs-uk\/\" \/>\n<meta property=\"og:site_name\" content=\"DankPlugEU\" \/>\n<meta property=\"article:modified_time\" content=\"2026-03-14T05:53:13+00:00\" \/>\n<meta property=\"og:image\" content=\"https:\/\/dankplugeu.com\/wp-content\/uploads\/2021\/04\/gelato.jpg\" \/>\n\t<meta property=\"og:image:width\" content=\"600\" \/>\n\t<meta property=\"og:image:height\" content=\"600\" \/>\n\t<meta property=\"og:image:type\" content=\"image\/jpeg\" \/>\n<meta name=\"twitter:card\" content=\"summary_large_image\" \/>\n<meta name=\"twitter:label1\" content=\"Becs\u00fclt olvas\u00e1si id\u0151\" \/>\n\t<meta name=\"twitter:data1\" content=\"2 perc\" \/>\n<script type=\"application\/ld+json\" class=\"yoast-schema-graph\">{\"@context\":\"https:\/\/schema.org\",\"@graph\":[{\"@type\":\"WebPage\",\"@id\":\"https:\/\/dankplugeu.com\/product\/buy-gelato-weed-strain-uk\/\",\"url\":\"https:\/\/dankplugeu.com\/product\/buy-gelato-weed-strain-uk\/\",\"name\":\"Buy Gelato Weed Strain UK \u2013 Gelato Cannabis for Sale Online\",\"isPartOf\":{\"@id\":\"https:\/\/dankplugeu.com\/#website\"},\"primaryImageOfPage\":{\"@id\":\"https:\/\/dankplugeu.com\/product\/buy-gelato-weed-strain-uk\/#primaryimage\"},\"image\":{\"@id\":\"https:\/\/dankplugeu.com\/product\/buy-gelato-weed-strain-uk\/#primaryimage\"},\"thumbnailUrl\":\"https:\/\/dankplugeu.com\/wp-content\/uploads\/2021\/04\/gelato.jpg\",\"datePublished\":\"2021-04-12T12:07:06+00:00\",\"dateModified\":\"2026-03-14T05:53:13+00:00\",\"description\":\"Buy Gelato weed strain UK for sale online. Premium hybrid cannabis famous for its creamy dessert flavor and balanced euphoric and relaxing effects.\",\"breadcrumb\":{\"@id\":\"https:\/\/dankplugeu.com\/product\/buy-gelato-weed-strain-uk\/#breadcrumb\"},\"inLanguage\":\"hu\",\"potentialAction\":[{\"@type\":\"ReadAction\",\"target\":[\"https:\/\/dankplugeu.com\/product\/buy-gelato-weed-strain-uk\/\"]}]},{\"@type\":\"ImageObject\",\"inLanguage\":\"hu\",\"@id\":\"https:\/\/dankplugeu.com\/product\/buy-gelato-weed-strain-uk\/#primaryimage\",\"url\":\"https:\/\/dankplugeu.com\/wp-content\/uploads\/2021\/04\/gelato.jpg\",\"contentUrl\":\"https:\/\/dankplugeu.com\/wp-content\/uploads\/2021\/04\/gelato.jpg\",\"width\":600,\"height\":600,\"caption\":\"Gelato Weed Strain UK Online\"},{\"@type\":\"BreadcrumbList\",\"@id\":\"https:\/\/dankplugeu.com\/product\/buy-gelato-weed-strain-uk\/#breadcrumb\",\"itemListElement\":[{\"@type\":\"ListItem\",\"position\":1,\"name\":\"Home\",\"item\":\"https:\/\/dankplugeu.com\/\"},{\"@type\":\"ListItem\",\"position\":2,\"name\":\"Order Weed Online UK\",\"item\":\"https:\/\/dankplugeu.com\/shop\/\"},{\"@type\":\"ListItem\",\"position\":3,\"name\":\"Buy Gelato Weed Strain UK\"}]},{\"@type\":\"WebSite\",\"@id\":\"https:\/\/dankplugeu.com\/#website\",\"url\":\"https:\/\/dankplugeu.com\/\",\"name\":\"DankPlugEU\",\"description\":\"Order Weed online\",\"publisher\":{\"@id\":\"https:\/\/dankplugeu.com\/#organization\"},\"potentialAction\":[{\"@type\":\"SearchAction\",\"target\":{\"@type\":\"EntryPoint\",\"urlTemplate\":\"https:\/\/dankplugeu.com\/?s={search_term_string}\"},\"query-input\":{\"@type\":\"PropertyValueSpecification\",\"valueRequired\":true,\"valueName\":\"search_term_string\"}}],\"inLanguage\":\"hu\"},{\"@type\":\"Organization\",\"@id\":\"https:\/\/dankplugeu.com\/#organization\",\"name\":\"DankPlugEU\",\"url\":\"https:\/\/dankplugeu.com\/\",\"logo\":{\"@type\":\"ImageObject\",\"inLanguage\":\"hu\",\"@id\":\"https:\/\/dankplugeu.com\/#\/schema\/logo\/image\/\",\"url\":\"https:\/\/dankplugeu.com\/wp-content\/uploads\/2021\/04\/dankplugeu-logo.png\",\"contentUrl\":\"https:\/\/dankplugeu.com\/wp-content\/uploads\/2021\/04\/dankplugeu-logo.png\",\"width\":864,\"height\":216,\"caption\":\"DankPlugEU\"},\"image\":{\"@id\":\"https:\/\/dankplugeu.com\/#\/schema\/logo\/image\/\"}}]}<\/script>\n<!-- \/ Yoast SEO plugin. -->","yoast_head_json":{"title":"Buy Gelato Weed Strain UK \u2013 Gelato Cannabis for Sale Online","description":"Buy Gelato weed strain UK for sale online. Premium hybrid cannabis famous for its creamy dessert flavor and balanced euphoric and relaxing effects.","robots":{"index":"index","follow":"follow","max-snippet":"max-snippet:-1","max-image-preview":"max-image-preview:large","max-video-preview":"max-video-preview:-1"},"canonical":"https:\/\/dankplugeu.com\/hu\/termek\/vasarolni-gelato-fu-torzs-uk\/","og_locale":"hu_HU","og_type":"article","og_title":"Buy Gelato Weed Strain UK \u2013 Gelato Cannabis for Sale Online","og_description":"Buy Gelato weed strain UK for sale online. Premium hybrid cannabis famous for its creamy dessert flavor and balanced euphoric and relaxing effects.","og_url":"https:\/\/dankplugeu.com\/hu\/termek\/vasarolni-gelato-fu-torzs-uk\/","og_site_name":"DankPlugEU","article_modified_time":"2026-03-14T05:53:13+00:00","og_image":[{"width":600,"height":600,"url":"https:\/\/dankplugeu.com\/wp-content\/uploads\/2021\/04\/gelato.jpg","type":"image\/jpeg"}],"twitter_card":"summary_large_image","twitter_misc":{"Becs\u00fclt olvas\u00e1si id\u0151":"2 perc"},"schema":{"@context":"https:\/\/schema.org","@graph":[{"@type":"WebPage","@id":"https:\/\/dankplugeu.com\/product\/buy-gelato-weed-strain-uk\/","url":"https:\/\/dankplugeu.com\/product\/buy-gelato-weed-strain-uk\/","name":"Buy Gelato Weed Strain UK \u2013 Gelato Cannabis for Sale Online","isPartOf":{"@id":"https:\/\/dankplugeu.com\/#website"},"primaryImageOfPage":{"@id":"https:\/\/dankplugeu.com\/product\/buy-gelato-weed-strain-uk\/#primaryimage"},"image":{"@id":"https:\/\/dankplugeu.com\/product\/buy-gelato-weed-strain-uk\/#primaryimage"},"thumbnailUrl":"https:\/\/dankplugeu.com\/wp-content\/uploads\/2021\/04\/gelato.jpg","datePublished":"2021-04-12T12:07:06+00:00","dateModified":"2026-03-14T05:53:13+00:00","description":"Buy Gelato weed strain UK for sale online. Premium hybrid cannabis famous for its creamy dessert flavor and balanced euphoric and relaxing effects.","breadcrumb":{"@id":"https:\/\/dankplugeu.com\/product\/buy-gelato-weed-strain-uk\/#breadcrumb"},"inLanguage":"hu","potentialAction":[{"@type":"ReadAction","target":["https:\/\/dankplugeu.com\/product\/buy-gelato-weed-strain-uk\/"]}]},{"@type":"ImageObject","inLanguage":"hu","@id":"https:\/\/dankplugeu.com\/product\/buy-gelato-weed-strain-uk\/#primaryimage","url":"https:\/\/dankplugeu.com\/wp-content\/uploads\/2021\/04\/gelato.jpg","contentUrl":"https:\/\/dankplugeu.com\/wp-content\/uploads\/2021\/04\/gelato.jpg","width":600,"height":600,"caption":"Gelato Weed Strain UK Online"},{"@type":"BreadcrumbList","@id":"https:\/\/dankplugeu.com\/product\/buy-gelato-weed-strain-uk\/#breadcrumb","itemListElement":[{"@type":"ListItem","position":1,"name":"Home","item":"https:\/\/dankplugeu.com\/"},{"@type":"ListItem","position":2,"name":"Order Weed Online UK","item":"https:\/\/dankplugeu.com\/shop\/"},{"@type":"ListItem","position":3,"name":"Buy Gelato Weed Strain UK"}]},{"@type":"WebSite","@id":"https:\/\/dankplugeu.com\/#website","url":"https:\/\/dankplugeu.com\/","name":"DankPlugEU","description":"Order Weed online","publisher":{"@id":"https:\/\/dankplugeu.com\/#organization"},"potentialAction":[{"@type":"SearchAction","target":{"@type":"EntryPoint","urlTemplate":"https:\/\/dankplugeu.com\/?s={search_term_string}"},"query-input":{"@type":"PropertyValueSpecification","valueRequired":true,"valueName":"search_term_string"}}],"inLanguage":"hu"},{"@type":"Organization","@id":"https:\/\/dankplugeu.com\/#organization","name":"DankPlugEU","url":"https:\/\/dankplugeu.com\/","logo":{"@type":"ImageObject","inLanguage":"hu","@id":"https:\/\/dankplugeu.com\/#\/schema\/logo\/image\/","url":"https:\/\/dankplugeu.com\/wp-content\/uploads\/2021\/04\/dankplugeu-logo.png","contentUrl":"https:\/\/dankplugeu.com\/wp-content\/uploads\/2021\/04\/dankplugeu-logo.png","width":864,"height":216,"caption":"DankPlugEU"},"image":{"@id":"https:\/\/dankplugeu.com\/#\/schema\/logo\/image\/"}}]}},"_links":{"self":[{"href":"https:\/\/dankplugeu.com\/hu\/wp-json\/wp\/v2\/product\/17696","targetHints":{"allow":["GET"]}}],"collection":[{"href":"https:\/\/dankplugeu.com\/hu\/wp-json\/wp\/v2\/product"}],"about":[{"href":"https:\/\/dankplugeu.com\/hu\/wp-json\/wp\/v2\/types\/product"}],"replies":[{"embeddable":true,"href":"https:\/\/dankplugeu.com\/hu\/wp-json\/wp\/v2\/comments?post=17696"}],"wp:featuredmedia":[{"embeddable":true,"href":"https:\/\/dankplugeu.com\/hu\/wp-json\/wp\/v2\/media\/17702"}],"wp:attachment":[{"href":"https:\/\/dankplugeu.com\/hu\/wp-json\/wp\/v2\/media?parent=17696"}],"wp:term":[{"taxonomy":"product_cat","embeddable":true,"href":"https:\/\/dankplugeu.com\/hu\/wp-json\/wp\/v2\/product_cat?post=17696"},{"taxonomy":"product_tag","embeddable":true,"href":"https:\/\/dankplugeu.com\/hu\/wp-json\/wp\/v2\/product_tag?post=17696"}],"curies":[{"name":"wp","href":"https:\/\/api.w.org\/{rel}","templated":true}]}}