{"id":17773,"date":"2021-04-12T13:33:42","date_gmt":"2021-04-12T13:33:42","guid":{"rendered":"https:\/\/dankpluguk.com\/?post_type=product&#038;p=17773"},"modified":"2026-04-08T10:43:15","modified_gmt":"2026-04-08T10:43:15","slug":"buy-bruce-banner-weed-strain-uk","status":"publish","type":"product","link":"https:\/\/dankplugeu.com\/hu\/termek\/vasarolni-bruce-banner-fu-torzs-uk\/","title":{"rendered":"V\u00e1s\u00e1roljon Bruce Banner f\u00fcves t\u00f6rzset"},"content":{"rendered":"<h2 style=\"text-align: justify;\">V\u00e1s\u00e1roljon Bruce Banner f\u00fcves t\u00f6rzset<\/h2>\n<p class=\"ds-markdown-paragraph\"><strong><a href=\"https:\/\/dankplugeu.com\/hu\/termek\/vasarolni-bruce-banner-fu-torzs-uk\/\">Bruce Banner Weed for sale<\/a><\/strong> m\u00e1r el\u00e9rhet\u0151 a c\u00edmen <strong><a href=\"https:\/\/dankplugeu.com\/hu\/\">DankPlugEU<\/a><\/strong>. If you are willing to buy Bruce Banner Weed online UK, then contact us right away. We will help you Order Bruce Banner Weed Strain online quickly and conveniently through our\u00a0<strong>trusted platform<\/strong>.<\/p>\n<h3 class=\"ds-markdown-paragraph\">Mi az a bruce banner strain?<\/h3>\n<p class=\"ds-markdown-paragraph\"><strong>Legal Bruce Banner Strain safe<\/strong>\u00a0is one of the best hybrid flowers because it packs a punch like no other. Its\u00a0<strong>high THC content<\/strong>\u00a0will produce an out of this world buzz, providing the user with euphoric and creative feelings that onset quickly and powerfully.<\/p>\n<p class=\"ds-markdown-paragraph\">very popular among cannabis enthusiasts because this powerful hybrid packs a punch like no other. With its\u00a0<strong>high THC content<\/strong>, users who Buy Bruce Banner Weed Strain online can expect a strong euphoric buzz that arrives quickly and delivers creative, uplifting feelings.<\/p>\n<p class=\"ds-markdown-paragraph\">Known for stimulating creativity and happiness,\u00a0<strong><a href=\"https:\/\/dankplugeu.com\/hu\/termek\/vasarolni-bubba-kush-fu-torzs-uk\/\">Bruce Banner marijuan<\/a>a<\/strong>\u00a0is a\u00a0<strong>sativa-dominant hybrid<\/strong>\u00a0that produces an energetic and euphoric experience. As the high continues, the indica genetics gradually introduce a relaxing body sensation. This balance is one reason many people search Where to buy Bruce Banner Weed Strain? when looking for\u00a0<strong>premium cannabis strains<\/strong>.<\/p>\n<h3 class=\"ds-markdown-paragraph\">Az elad\u00f3 Bruce Banner t\u00f6rzs a legjobb v\u00e1laszt\u00e1s sz\u00e1momra?<\/h3>\n<p class=\"ds-markdown-paragraph\">If you are a creative person who has trouble getting motivated or staying on task,\u00a0<strong>Bruce Banner Strain<\/strong>\u00a0might be just what you need. Smoking this bud can help you find the creative energy required to start and finish your creative projects. This is especially true for those with\u00a0<strong>ADD\/ADHD<\/strong>. Because this is a hybrid strain containing indica and sativa, it can also mellow your mood, help you relax, and reduce the symptoms of\u00a0<strong>arthritis<\/strong>\u00a0and other painful disorders. This strain is not for everyone, though. Because of its\u00a0<a href=\"https:\/\/www.leafly.com\/strains\/bruce-banner\"><strong>high potency<\/strong><\/a>, new users should not buy Bruce Banner strain.<\/p>\n<p class=\"ds-markdown-paragraph\">However, because of its\u00a0<strong>high potency<\/strong>, beginners should approach Bruce Banner Weed Strain UK for sale with caution. New users may prefer starting with smaller amounts until they understand how the strain affects them.<\/p>\n<h3 class=\"ds-markdown-paragraph\">Hol v\u00e1s\u00e1rolhatok Bruce Banner Weed-et online a legjobb \u00e1ron?<\/h3>\n<p class=\"ds-markdown-paragraph\">Els\u0151sorban a Bruce Banner Weeddel foglalkozunk online olyan orsz\u00e1gokban, mint az Egyes\u00fclt Kir\u00e1lys\u00e1g, \u00cdrorsz\u00e1g \u00e9s Spanyolorsz\u00e1g. Adja le rendel\u00e9s\u00e9t Bruce Banner t\u00f6rzs online gy\u00f3gyszert\u00e1runkban, \u00e9s v\u00e1rja, hogy mi fejezz\u00fck be\u00a0<strong>a legjobb gaz elad\u00f3k \u00e9s besz\u00e1ll\u00edt\u00f3k<\/strong>\u00a0r\u00f6videsen. Online marihu\u00e1na piacunk folyamatosan nyitva \u00e1ll az \u00d6n sz\u00e1m\u00e1ra.<\/p>\n<p class=\"ds-markdown-paragraph\">We supply Bruce Banner Weed Strain for sale to customers in the UK, Ireland, and Spain through our\u00a0<strong><a href=\"https:\/\/en.wikipedia.org\/wiki\/List_of_names_for_cannabis\">trusted cannabis<\/a> vendors and suppliers<\/strong>. When you Order Bruce Banner Weed Strain online, our team works quickly to ensure your order is processed and prepared efficiently. <a href=\"https:\/\/dankplugeu.com\/hu\/termek\/vasarolni-bruce-banner-fu-torzs-uk\/\"><strong>Add to cart<\/strong><\/a><\/p>","protected":false},"excerpt":{"rendered":"<p>Buy Bruce Banner Weed Strain UK Bruce Banner Weed for sale is now available at DankPlugEU. If you are willing to buy Bruce Banner Weed online UK, then contact us right away. We will help you Order Bruce Banner Weed Strain online quickly and conveniently through our\u00a0trusted platform. What is bruce banner strain? Legal Bruce [&hellip;]<\/p>","protected":false},"featured_media":17804,"comment_status":"open","ping_status":"closed","template":"","meta":{"_joinchat":[]},"product_cat":[231,132],"product_tag":[873,881,882,883,879,884,298,300,885,886,876,878,877,299,301,874,887,875,880,870,297,872,871,869],"class_list":{"0":"post-17773","1":"product","2":"type-product","3":"status-publish","4":"has-post-thumbnail","6":"product_cat-hybrid-strain-for-sale-uk","7":"product_cat-marijuana-strains-for-sale-uk","8":"product_tag-best-bruce-banner","9":"product_tag-bruce-banner-australia","10":"product_tag-bruce-banner-canada","11":"product_tag-bruce-banner-china","12":"product_tag-bruce-banner-ebay","13":"product_tag-bruce-banner-effects","14":"product_tag-bruce-banner-for-sale","15":"product_tag-bruce-banner-hybrid","16":"product_tag-bruce-banner-legal","17":"product_tag-bruce-banner-legality","18":"product_tag-bruce-banner-quantity","19":"product_tag-bruce-banner-reddit","20":"product_tag-bruce-banner-review","21":"product_tag-bruce-banner-strain","22":"product_tag-bruce-banner-strain-in-uk","23":"product_tag-bruce-banner-supplier","24":"product_tag-bruce-banner-uk","25":"product_tag-bruce-banner-vendor","26":"product_tag-bruce-banner-wiki","27":"product_tag-buy-bruce-banner","28":"product_tag-buy-bruce-banner-strain-uk","29":"product_tag-cheap-bruce-banner","30":"product_tag-order-bruce-banner","31":"product_tag-purchase-bruce-banner","33":"first","34":"instock","35":"shipping-taxable","36":"purchasable","37":"product-type-variable","38":"has-default-attributes"},"yoast_head":"<!-- This site is optimized with the Yoast SEO plugin v26.3 - https:\/\/yoast.com\/wordpress\/plugins\/seo\/ -->\n<title>Bruce banner weed strain Uk - Buy bruce banner online Uk, EU<\/title>\n<meta name=\"description\" content=\"If you are willing to buy bruce banner strain online UK, EU, our store is the best choice for you. Share your requirements for bruce banner weed strain UK today!\" \/>\n<meta name=\"robots\" content=\"index, follow, max-snippet:-1, max-image-preview:large, max-video-preview:-1\" \/>\n<link rel=\"canonical\" href=\"https:\/\/dankplugeu.com\/hu\/termek\/vasarolni-bruce-banner-fu-torzs-uk\/\" \/>\n<meta property=\"og:locale\" content=\"hu_HU\" \/>\n<meta property=\"og:type\" content=\"article\" \/>\n<meta property=\"og:title\" content=\"Bruce banner weed strain Uk - Buy bruce banner online Uk, EU\" \/>\n<meta property=\"og:description\" content=\"If you are willing to buy bruce banner strain online UK, EU, our store is the best choice for you. Share your requirements for bruce banner weed strain UK today!\" \/>\n<meta property=\"og:url\" content=\"https:\/\/dankplugeu.com\/hu\/termek\/vasarolni-bruce-banner-fu-torzs-uk\/\" \/>\n<meta property=\"og:site_name\" content=\"DankPlugEU\" \/>\n<meta property=\"article:modified_time\" content=\"2026-04-08T10:43:15+00:00\" \/>\n<meta property=\"og:image\" content=\"https:\/\/dankplugeu.com\/wp-content\/uploads\/2021\/04\/bruce-banner.jpg\" \/>\n\t<meta property=\"og:image:width\" content=\"600\" \/>\n\t<meta property=\"og:image:height\" content=\"600\" \/>\n\t<meta property=\"og:image:type\" content=\"image\/jpeg\" \/>\n<meta name=\"twitter:card\" content=\"summary_large_image\" \/>\n<meta name=\"twitter:label1\" content=\"Becs\u00fclt olvas\u00e1si id\u0151\" \/>\n\t<meta name=\"twitter:data1\" content=\"3 perc\" \/>\n<script type=\"application\/ld+json\" class=\"yoast-schema-graph\">{\"@context\":\"https:\/\/schema.org\",\"@graph\":[{\"@type\":\"WebPage\",\"@id\":\"https:\/\/dankplugeu.com\/product\/buy-bruce-banner-weed-strain-uk\/\",\"url\":\"https:\/\/dankplugeu.com\/product\/buy-bruce-banner-weed-strain-uk\/\",\"name\":\"Bruce banner weed strain Uk - Buy bruce banner online Uk, EU\",\"isPartOf\":{\"@id\":\"https:\/\/dankplugeu.com\/#website\"},\"primaryImageOfPage\":{\"@id\":\"https:\/\/dankplugeu.com\/product\/buy-bruce-banner-weed-strain-uk\/#primaryimage\"},\"image\":{\"@id\":\"https:\/\/dankplugeu.com\/product\/buy-bruce-banner-weed-strain-uk\/#primaryimage\"},\"thumbnailUrl\":\"https:\/\/dankplugeu.com\/wp-content\/uploads\/2021\/04\/bruce-banner.jpg\",\"datePublished\":\"2021-04-12T13:33:42+00:00\",\"dateModified\":\"2026-04-08T10:43:15+00:00\",\"description\":\"If you are willing to buy bruce banner strain online UK, EU, our store is the best choice for you. Share your requirements for bruce banner weed strain UK today!\",\"breadcrumb\":{\"@id\":\"https:\/\/dankplugeu.com\/product\/buy-bruce-banner-weed-strain-uk\/#breadcrumb\"},\"inLanguage\":\"hu\",\"potentialAction\":[{\"@type\":\"ReadAction\",\"target\":[\"https:\/\/dankplugeu.com\/product\/buy-bruce-banner-weed-strain-uk\/\"]}]},{\"@type\":\"ImageObject\",\"inLanguage\":\"hu\",\"@id\":\"https:\/\/dankplugeu.com\/product\/buy-bruce-banner-weed-strain-uk\/#primaryimage\",\"url\":\"https:\/\/dankplugeu.com\/wp-content\/uploads\/2021\/04\/bruce-banner.jpg\",\"contentUrl\":\"https:\/\/dankplugeu.com\/wp-content\/uploads\/2021\/04\/bruce-banner.jpg\",\"width\":600,\"height\":600,\"caption\":\"Bruce Banner Weed UK\"},{\"@type\":\"BreadcrumbList\",\"@id\":\"https:\/\/dankplugeu.com\/product\/buy-bruce-banner-weed-strain-uk\/#breadcrumb\",\"itemListElement\":[{\"@type\":\"ListItem\",\"position\":1,\"name\":\"Home\",\"item\":\"https:\/\/dankplugeu.com\/\"},{\"@type\":\"ListItem\",\"position\":2,\"name\":\"Order Weed Online UK\",\"item\":\"https:\/\/dankplugeu.com\/shop\/\"},{\"@type\":\"ListItem\",\"position\":3,\"name\":\"Buy Bruce Banner Weed Strain UK\"}]},{\"@type\":\"WebSite\",\"@id\":\"https:\/\/dankplugeu.com\/#website\",\"url\":\"https:\/\/dankplugeu.com\/\",\"name\":\"DankPlugEU\",\"description\":\"Order Weed online\",\"publisher\":{\"@id\":\"https:\/\/dankplugeu.com\/#organization\"},\"potentialAction\":[{\"@type\":\"SearchAction\",\"target\":{\"@type\":\"EntryPoint\",\"urlTemplate\":\"https:\/\/dankplugeu.com\/?s={search_term_string}\"},\"query-input\":{\"@type\":\"PropertyValueSpecification\",\"valueRequired\":true,\"valueName\":\"search_term_string\"}}],\"inLanguage\":\"hu\"},{\"@type\":\"Organization\",\"@id\":\"https:\/\/dankplugeu.com\/#organization\",\"name\":\"DankPlugEU\",\"url\":\"https:\/\/dankplugeu.com\/\",\"logo\":{\"@type\":\"ImageObject\",\"inLanguage\":\"hu\",\"@id\":\"https:\/\/dankplugeu.com\/#\/schema\/logo\/image\/\",\"url\":\"https:\/\/dankplugeu.com\/wp-content\/uploads\/2021\/04\/dankplugeu-logo.png\",\"contentUrl\":\"https:\/\/dankplugeu.com\/wp-content\/uploads\/2021\/04\/dankplugeu-logo.png\",\"width\":864,\"height\":216,\"caption\":\"DankPlugEU\"},\"image\":{\"@id\":\"https:\/\/dankplugeu.com\/#\/schema\/logo\/image\/\"}}]}<\/script>\n<!-- \/ Yoast SEO plugin. -->","yoast_head_json":{"title":"Bruce banner weed strain Uk - Buy bruce banner online Uk, EU","description":"If you are willing to buy bruce banner strain online UK, EU, our store is the best choice for you. Share your requirements for bruce banner weed strain UK today!","robots":{"index":"index","follow":"follow","max-snippet":"max-snippet:-1","max-image-preview":"max-image-preview:large","max-video-preview":"max-video-preview:-1"},"canonical":"https:\/\/dankplugeu.com\/hu\/termek\/vasarolni-bruce-banner-fu-torzs-uk\/","og_locale":"hu_HU","og_type":"article","og_title":"Bruce banner weed strain Uk - Buy bruce banner online Uk, EU","og_description":"If you are willing to buy bruce banner strain online UK, EU, our store is the best choice for you. Share your requirements for bruce banner weed strain UK today!","og_url":"https:\/\/dankplugeu.com\/hu\/termek\/vasarolni-bruce-banner-fu-torzs-uk\/","og_site_name":"DankPlugEU","article_modified_time":"2026-04-08T10:43:15+00:00","og_image":[{"width":600,"height":600,"url":"https:\/\/dankplugeu.com\/wp-content\/uploads\/2021\/04\/bruce-banner.jpg","type":"image\/jpeg"}],"twitter_card":"summary_large_image","twitter_misc":{"Becs\u00fclt olvas\u00e1si id\u0151":"3 perc"},"schema":{"@context":"https:\/\/schema.org","@graph":[{"@type":"WebPage","@id":"https:\/\/dankplugeu.com\/product\/buy-bruce-banner-weed-strain-uk\/","url":"https:\/\/dankplugeu.com\/product\/buy-bruce-banner-weed-strain-uk\/","name":"Bruce banner weed strain Uk - Buy bruce banner online Uk, EU","isPartOf":{"@id":"https:\/\/dankplugeu.com\/#website"},"primaryImageOfPage":{"@id":"https:\/\/dankplugeu.com\/product\/buy-bruce-banner-weed-strain-uk\/#primaryimage"},"image":{"@id":"https:\/\/dankplugeu.com\/product\/buy-bruce-banner-weed-strain-uk\/#primaryimage"},"thumbnailUrl":"https:\/\/dankplugeu.com\/wp-content\/uploads\/2021\/04\/bruce-banner.jpg","datePublished":"2021-04-12T13:33:42+00:00","dateModified":"2026-04-08T10:43:15+00:00","description":"If you are willing to buy bruce banner strain online UK, EU, our store is the best choice for you. Share your requirements for bruce banner weed strain UK today!","breadcrumb":{"@id":"https:\/\/dankplugeu.com\/product\/buy-bruce-banner-weed-strain-uk\/#breadcrumb"},"inLanguage":"hu","potentialAction":[{"@type":"ReadAction","target":["https:\/\/dankplugeu.com\/product\/buy-bruce-banner-weed-strain-uk\/"]}]},{"@type":"ImageObject","inLanguage":"hu","@id":"https:\/\/dankplugeu.com\/product\/buy-bruce-banner-weed-strain-uk\/#primaryimage","url":"https:\/\/dankplugeu.com\/wp-content\/uploads\/2021\/04\/bruce-banner.jpg","contentUrl":"https:\/\/dankplugeu.com\/wp-content\/uploads\/2021\/04\/bruce-banner.jpg","width":600,"height":600,"caption":"Bruce Banner Weed UK"},{"@type":"BreadcrumbList","@id":"https:\/\/dankplugeu.com\/product\/buy-bruce-banner-weed-strain-uk\/#breadcrumb","itemListElement":[{"@type":"ListItem","position":1,"name":"Home","item":"https:\/\/dankplugeu.com\/"},{"@type":"ListItem","position":2,"name":"Order Weed Online UK","item":"https:\/\/dankplugeu.com\/shop\/"},{"@type":"ListItem","position":3,"name":"Buy Bruce Banner Weed Strain UK"}]},{"@type":"WebSite","@id":"https:\/\/dankplugeu.com\/#website","url":"https:\/\/dankplugeu.com\/","name":"DankPlugEU","description":"Order Weed online","publisher":{"@id":"https:\/\/dankplugeu.com\/#organization"},"potentialAction":[{"@type":"SearchAction","target":{"@type":"EntryPoint","urlTemplate":"https:\/\/dankplugeu.com\/?s={search_term_string}"},"query-input":{"@type":"PropertyValueSpecification","valueRequired":true,"valueName":"search_term_string"}}],"inLanguage":"hu"},{"@type":"Organization","@id":"https:\/\/dankplugeu.com\/#organization","name":"DankPlugEU","url":"https:\/\/dankplugeu.com\/","logo":{"@type":"ImageObject","inLanguage":"hu","@id":"https:\/\/dankplugeu.com\/#\/schema\/logo\/image\/","url":"https:\/\/dankplugeu.com\/wp-content\/uploads\/2021\/04\/dankplugeu-logo.png","contentUrl":"https:\/\/dankplugeu.com\/wp-content\/uploads\/2021\/04\/dankplugeu-logo.png","width":864,"height":216,"caption":"DankPlugEU"},"image":{"@id":"https:\/\/dankplugeu.com\/#\/schema\/logo\/image\/"}}]}},"_links":{"self":[{"href":"https:\/\/dankplugeu.com\/hu\/wp-json\/wp\/v2\/product\/17773","targetHints":{"allow":["GET"]}}],"collection":[{"href":"https:\/\/dankplugeu.com\/hu\/wp-json\/wp\/v2\/product"}],"about":[{"href":"https:\/\/dankplugeu.com\/hu\/wp-json\/wp\/v2\/types\/product"}],"replies":[{"embeddable":true,"href":"https:\/\/dankplugeu.com\/hu\/wp-json\/wp\/v2\/comments?post=17773"}],"wp:featuredmedia":[{"embeddable":true,"href":"https:\/\/dankplugeu.com\/hu\/wp-json\/wp\/v2\/media\/17804"}],"wp:attachment":[{"href":"https:\/\/dankplugeu.com\/hu\/wp-json\/wp\/v2\/media?parent=17773"}],"wp:term":[{"taxonomy":"product_cat","embeddable":true,"href":"https:\/\/dankplugeu.com\/hu\/wp-json\/wp\/v2\/product_cat?post=17773"},{"taxonomy":"product_tag","embeddable":true,"href":"https:\/\/dankplugeu.com\/hu\/wp-json\/wp\/v2\/product_tag?post=17773"}],"curies":[{"name":"wp","href":"https:\/\/api.w.org\/{rel}","templated":true}]}}