{"id":17812,"date":"2021-04-12T15:23:06","date_gmt":"2021-04-12T15:23:06","guid":{"rendered":"https:\/\/dankpluguk.com\/?post_type=product&#038;p=17812"},"modified":"2026-04-02T12:44:04","modified_gmt":"2026-04-02T12:44:04","slug":"buy-ak-47-weed-online-strain-uk","status":"publish","type":"product","link":"https:\/\/dankplugeu.com\/hu\/termek\/vasarolni-ak-47-fu-online-torzs-uk\/","title":{"rendered":"AK 47 f\u0171 t\u00f6rzs online v\u00e1s\u00e1rl\u00e1sa"},"content":{"rendered":"<h2 style=\"text-align: justify;\">AK 47 Weed Online Weed Strain Hungary v\u00e1s\u00e1rl\u00e1sa<\/h2>\n<p class=\"ds-markdown-paragraph\">A Dank PlugUK-n\u00e1l megteheti <strong><a href=\"https:\/\/dankplugeu.com\/hu\/termek\/vasarolni-ak-47-fu-online-torzs-uk\/\">buy AK 47 Weed online<\/a><\/strong> UK at the\u00a0<strong>best costs<\/strong>. We have years of experience in selling all kind of indica products like\u00a0<strong>real AK 47 Strain<\/strong>\u00a0online in the UK, Spain, and Ireland. You will get <a href=\"https:\/\/dankplugeu.com\/hu\/\">AK 47 Weed<\/a> for sale and buy it in any quantity. Spare some of your time on this portal and buy AK 47 Weed online and get it delivered within promised timeframe!<\/p>\n<h3 class=\"ds-markdown-paragraph\">Mondjon el t\u00f6bbet az AK 47 Weedr\u0151l.<\/h3>\n<p class=\"ds-markdown-paragraph\"><strong>Legal AK 47 Weed safe<\/strong>\u00a0is a powerful hybrid cannabis strain which is well known for its high potency. It will massively relieve the body without producing extreme after effects. This strain is a pure blend of some AK 47 weed strain common and powerful marijuana strains such as\u00a0<strong>Colombian, Mexican, Afghani, and Thai<\/strong>.<\/p>\n<p class=\"ds-markdown-paragraph\">This strain is a blend of several classic <strong><a href=\"https:\/\/dankplugeu.com\/hu\/termek\/vasarolni-amnezia-haze-fuvet-torzs-uk\/\">cannabis varieties<\/a><\/strong> including\u00a0<strong>Colombian, Mexican, Afghani, and Thai<\/strong>\u00a0genetics. Because of this diverse lineage, many users consider it one of the most recognizable hybrids available when searching for the Best place to buy AK 47 Weed Strain online.<\/p>\n<p class=\"ds-markdown-paragraph\">The AK-47 strain typically features a genetic profile of about\u00a0<strong>65% Sativa and 35% indica<\/strong>. Plants often produce flowers with around\u00a0<strong>20% THC<\/strong>\u00a0and approximately\u00a0<strong>1.5% CBD<\/strong>, making AK 47 Weed Strain for sale appealing to those looking for balanced cannabinoid content.<\/p>\n<p class=\"ds-markdown-paragraph\">The AK 47 strain has a proportion of\u00a0<strong>65% Sativa and 35% <a href=\"https:\/\/en.wikipedia.org\/wiki\/AK-47_(cannabis)\">indica<\/a><\/strong>\u00a0and produces plants that have a balance of\u00a0<strong>20% THC<\/strong>\u00a0\u00e9s\u00a0<strong>1.5% CBD<\/strong>.<\/p>\n<h3 class=\"ds-markdown-paragraph\">Oldja meg eg\u00e9szs\u00e9g\u00fcgyi probl\u00e9m\u00e1it az AK 47 Weed seg\u00edts\u00e9g\u00e9vel<\/h3>\n<p class=\"ds-markdown-paragraph\">The AK-47 strain is known for three things: it&#8217;s &#8220;winter wonderland&#8221; white shading, its smooth smoke, and its high THC level. This strain is developed essentially inside, <strong><a href=\"https:\/\/gethemp.co.uk\/products\/ak-47-hemp-flowers-cbd-12-4-max-1\">greenhoused<\/a><\/strong>, or hydroponic, however does well in mellow outside zones. It blossoms for 8-9 weeks and has great yields. AK-47 is one of the most endorsed strains, by name, in California and is prescribed for torment, queasiness, melancholy, a sleeping disorder, cerebral pains, PMS, and joint inflammation.<\/p>\n<h3 class=\"ds-markdown-paragraph\">Az AK 47 t\u00f6rzs fajt\u00e1i<\/h3>\n<p class=\"ds-markdown-paragraph\">Ez a Sativa-domin\u00e1ns hibridje, amely tart\u00f3s \u00e9s egyenletes agyi z\u00fcmm\u00f6g\u00e9st k\u00edn\u00e1l, amely biztos\u00edtja a ment\u00e1lis \u00e9bers\u00e9get, \u00e9s lehet\u0151v\u00e9 teszi a t\u00e1rsadalmi vagy m\u0171v\u00e9szi tev\u00e9kenys\u00e9gekben val\u00f3 r\u00e9szv\u00e9telt. Mexik\u00f3i, kolumbiai, afg\u00e1n \u00e9s thai fajt\u00e1kat \u00f6tv\u00f6z, amely egy d\u00edszes vegyes \u00edz- \u00e9s hat\u00e1s\u00fa AK 47 gyomt\u00f6rzset sz\u00e1ll\u00edt.<\/p>\n<p class=\"ds-markdown-paragraph\">Its unique genetic combination of Mexican,\u00a0<strong>Colombian, Mexican, Afghani, and Thai<\/strong>\u00a0varieties creates a\u00a0<strong>complex flavor profile<\/strong>\u00a0along with\u00a0<strong>balanced mental and physical effects<\/strong>. Because of this reputation, many cannabis enthusiasts frequently compare the\u00a0<strong>Price of AK 47 Weed Strain UK<\/strong>\u00a0when choosing a reliable supplier.<\/p>\n<h3 class=\"ds-markdown-paragraph\">How to buy AK 47 Weed Online at a\u00a0<strong>cost effective price<\/strong>?<\/h3>\n<p class=\"ds-markdown-paragraph\">Our AK 47 Weed dispensary online is selling all its product at\u00a0<strong>great prices<\/strong>. Reach us and get products from vendors and suppliers in the online market and expect the\u00a0<strong>supreme quality<\/strong>\u00a0of\u00a0<strong>jogi AK 47 F\u0171 biztons\u00e1gos<\/strong>\u00a0a k\u00fcsz\u00f6b\u00e9n.<\/p>\n<p class=\"ds-markdown-paragraph\">By browsing our online cannabis marketplace, you can easily Order AK 47 Weed Strain online and expect\u00a0<strong>high-quality products<\/strong>\u00a0delivered directly to your door. Many buyers also compare the\u00a0<strong>Price of AK 47 Weed Strain<\/strong>\u00a0to ensure they receive\u00a0<strong>premium cannabis<\/strong>\u00a0at\u00a0<strong>affordable rates<\/strong>. <a href=\"https:\/\/dankplugeu.com\/hu\/termek\/vasarolni-ak-47-fu-online-torzs-uk\/\"><strong>Learn more<\/strong><\/a><\/p>","protected":false},"excerpt":{"rendered":"<p>Buy AK 47 Weed Online Weed Strain UK At Dank PlugUK, you can buy AK 47 Weed online UK at the\u00a0best costs. We have years of experience in selling all kind of indica products like\u00a0real AK 47 Strain\u00a0online in the UK, Spain, and Ireland. You will get AK 47 Weed for sale and buy it [&hellip;]<\/p>","protected":false},"featured_media":17822,"comment_status":"open","ping_status":"closed","template":"","meta":{"_joinchat":[]},"product_cat":[231,132],"product_tag":[667,668,669,672,662,673,1479,651,675,664,659,661,660,537,1480,657,676,658,535,1492,313,315,314,316,1481,1482,1483,1484,1485,1486,1487,663,1488,1489,1490,1491,656,653,312,655,654,652],"class_list":{"0":"post-17812","1":"product","2":"type-product","3":"status-publish","4":"has-post-thumbnail","6":"product_cat-hybrid-strain-for-sale-uk","7":"product_cat-marijuana-strains-for-sale-uk","8":"product_tag-ak-47-australia","9":"product_tag-ak-47-canada","10":"product_tag-ak-47-china","11":"product_tag-ak-47-dosage","12":"product_tag-ak-47-ebay","13":"product_tag-ak-47-effects","14":"product_tag-ak-47-extreme-strain","15":"product_tag-ak-47-for-sale","16":"product_tag-ak-47-legal","17":"product_tag-ak-47-online","18":"product_tag-ak-47-quantity","19":"product_tag-ak-47-reddit","20":"product_tag-ak-47-review","21":"product_tag-ak-47-strain","22":"product_tag-ak-47-strain-effects","23":"product_tag-ak-47-supplier","24":"product_tag-ak-47-usa","25":"product_tag-ak-47-vendor","26":"product_tag-ak-47-weed","27":"product_tag-ak-47-weed-for-sale","28":"product_tag-ak-47-weed-online-for-sale","29":"product_tag-ak-47-weed-online-hybrid","30":"product_tag-ak-47-weed-online-strain","31":"product_tag-ak-47-weed-online-strain-in-uk","32":"product_tag-ak-47-weed-price","33":"product_tag-ak-47-weed-review","34":"product_tag-ak-47-weed-strain","35":"product_tag-ak-47-weed-strain-thc-level","36":"product_tag-ak-47-weed-thc","37":"product_tag-ak-47-weed-thc-level","38":"product_tag-ak-47-weeds","39":"product_tag-ak-47-wiki","40":"product_tag-ak-47weed","41":"product_tag-ak47-weed","42":"product_tag-ak47-weed-strain","43":"product_tag-ak47weed","44":"product_tag-best-ak-47","45":"product_tag-buy-ak-47","46":"product_tag-buy-ak-47-weed-online-strain-uk","47":"product_tag-cheap-ak-47","48":"product_tag-order-ak-47","49":"product_tag-purchase-ak-47","51":"first","52":"instock","53":"featured","54":"shipping-taxable","55":"purchasable","56":"product-type-variable","57":"has-default-attributes"},"yoast_head":"<!-- This site is optimized with the Yoast SEO plugin v26.3 - https:\/\/yoast.com\/wordpress\/plugins\/seo\/ -->\n<title>AK 47 weed strain Uk - Buy Ak 47 online Uk, Europe | DankPlugEU<\/title>\n<meta name=\"description\" content=\"We are a reliable weed store available with AK 47 weed strain UK. Buy AK 47 strain online UK, Europe at best price. Get in touch with us now!\" \/>\n<meta name=\"robots\" content=\"index, follow, max-snippet:-1, max-image-preview:large, max-video-preview:-1\" \/>\n<link rel=\"canonical\" href=\"https:\/\/dankplugeu.com\/hu\/termek\/vasarolni-ak-47-fu-online-torzs-uk\/\" \/>\n<meta property=\"og:locale\" content=\"hu_HU\" \/>\n<meta property=\"og:type\" content=\"article\" \/>\n<meta property=\"og:title\" content=\"AK 47 weed strain Uk - Buy Ak 47 online Uk, Europe | DankPlugEU\" \/>\n<meta property=\"og:description\" content=\"We are a reliable weed store available with AK 47 weed strain UK. Buy AK 47 strain online UK, Europe at best price. Get in touch with us now!\" \/>\n<meta property=\"og:url\" content=\"https:\/\/dankplugeu.com\/hu\/termek\/vasarolni-ak-47-fu-online-torzs-uk\/\" \/>\n<meta property=\"og:site_name\" content=\"DankPlugEU\" \/>\n<meta property=\"article:modified_time\" content=\"2026-04-02T12:44:04+00:00\" \/>\n<meta property=\"og:image\" content=\"https:\/\/dankplugeu.com\/wp-content\/uploads\/2021\/04\/ak-47-weed.jpg\" \/>\n\t<meta property=\"og:image:width\" content=\"600\" \/>\n\t<meta property=\"og:image:height\" content=\"600\" \/>\n\t<meta property=\"og:image:type\" content=\"image\/jpeg\" \/>\n<meta name=\"twitter:card\" content=\"summary_large_image\" \/>\n<meta name=\"twitter:label1\" content=\"Becs\u00fclt olvas\u00e1si id\u0151\" \/>\n\t<meta name=\"twitter:data1\" content=\"3 perc\" \/>\n<script type=\"application\/ld+json\" class=\"yoast-schema-graph\">{\"@context\":\"https:\/\/schema.org\",\"@graph\":[{\"@type\":\"WebPage\",\"@id\":\"https:\/\/dankplugeu.com\/product\/buy-ak-47-weed-online-strain-uk\/\",\"url\":\"https:\/\/dankplugeu.com\/product\/buy-ak-47-weed-online-strain-uk\/\",\"name\":\"AK 47 weed strain Uk - Buy Ak 47 online Uk, Europe | DankPlugEU\",\"isPartOf\":{\"@id\":\"https:\/\/dankplugeu.com\/#website\"},\"primaryImageOfPage\":{\"@id\":\"https:\/\/dankplugeu.com\/product\/buy-ak-47-weed-online-strain-uk\/#primaryimage\"},\"image\":{\"@id\":\"https:\/\/dankplugeu.com\/product\/buy-ak-47-weed-online-strain-uk\/#primaryimage\"},\"thumbnailUrl\":\"https:\/\/dankplugeu.com\/wp-content\/uploads\/2021\/04\/ak-47-weed.jpg\",\"datePublished\":\"2021-04-12T15:23:06+00:00\",\"dateModified\":\"2026-04-02T12:44:04+00:00\",\"description\":\"We are a reliable weed store available with AK 47 weed strain UK. Buy AK 47 strain online UK, Europe at best price. Get in touch with us now!\",\"breadcrumb\":{\"@id\":\"https:\/\/dankplugeu.com\/product\/buy-ak-47-weed-online-strain-uk\/#breadcrumb\"},\"inLanguage\":\"hu\",\"potentialAction\":[{\"@type\":\"ReadAction\",\"target\":[\"https:\/\/dankplugeu.com\/product\/buy-ak-47-weed-online-strain-uk\/\"]}]},{\"@type\":\"ImageObject\",\"inLanguage\":\"hu\",\"@id\":\"https:\/\/dankplugeu.com\/product\/buy-ak-47-weed-online-strain-uk\/#primaryimage\",\"url\":\"https:\/\/dankplugeu.com\/wp-content\/uploads\/2021\/04\/ak-47-weed.jpg\",\"contentUrl\":\"https:\/\/dankplugeu.com\/wp-content\/uploads\/2021\/04\/ak-47-weed.jpg\",\"width\":600,\"height\":600,\"caption\":\"AK 47 Weed for Sale UK\"},{\"@type\":\"BreadcrumbList\",\"@id\":\"https:\/\/dankplugeu.com\/product\/buy-ak-47-weed-online-strain-uk\/#breadcrumb\",\"itemListElement\":[{\"@type\":\"ListItem\",\"position\":1,\"name\":\"Home\",\"item\":\"https:\/\/dankplugeu.com\/\"},{\"@type\":\"ListItem\",\"position\":2,\"name\":\"Order Weed Online UK\",\"item\":\"https:\/\/dankplugeu.com\/shop\/\"},{\"@type\":\"ListItem\",\"position\":3,\"name\":\"Buy AK 47 Weed Strain Online UK\"}]},{\"@type\":\"WebSite\",\"@id\":\"https:\/\/dankplugeu.com\/#website\",\"url\":\"https:\/\/dankplugeu.com\/\",\"name\":\"DankPlugEU\",\"description\":\"Order Weed online\",\"publisher\":{\"@id\":\"https:\/\/dankplugeu.com\/#organization\"},\"potentialAction\":[{\"@type\":\"SearchAction\",\"target\":{\"@type\":\"EntryPoint\",\"urlTemplate\":\"https:\/\/dankplugeu.com\/?s={search_term_string}\"},\"query-input\":{\"@type\":\"PropertyValueSpecification\",\"valueRequired\":true,\"valueName\":\"search_term_string\"}}],\"inLanguage\":\"hu\"},{\"@type\":\"Organization\",\"@id\":\"https:\/\/dankplugeu.com\/#organization\",\"name\":\"DankPlugEU\",\"url\":\"https:\/\/dankplugeu.com\/\",\"logo\":{\"@type\":\"ImageObject\",\"inLanguage\":\"hu\",\"@id\":\"https:\/\/dankplugeu.com\/#\/schema\/logo\/image\/\",\"url\":\"https:\/\/dankplugeu.com\/wp-content\/uploads\/2021\/04\/dankplugeu-logo.png\",\"contentUrl\":\"https:\/\/dankplugeu.com\/wp-content\/uploads\/2021\/04\/dankplugeu-logo.png\",\"width\":864,\"height\":216,\"caption\":\"DankPlugEU\"},\"image\":{\"@id\":\"https:\/\/dankplugeu.com\/#\/schema\/logo\/image\/\"}}]}<\/script>\n<!-- \/ Yoast SEO plugin. -->","yoast_head_json":{"title":"AK 47 weed strain Uk - Buy Ak 47 online Uk, Europe | DankPlugEU","description":"We are a reliable weed store available with AK 47 weed strain UK. Buy AK 47 strain online UK, Europe at best price. Get in touch with us now!","robots":{"index":"index","follow":"follow","max-snippet":"max-snippet:-1","max-image-preview":"max-image-preview:large","max-video-preview":"max-video-preview:-1"},"canonical":"https:\/\/dankplugeu.com\/hu\/termek\/vasarolni-ak-47-fu-online-torzs-uk\/","og_locale":"hu_HU","og_type":"article","og_title":"AK 47 weed strain Uk - Buy Ak 47 online Uk, Europe | DankPlugEU","og_description":"We are a reliable weed store available with AK 47 weed strain UK. Buy AK 47 strain online UK, Europe at best price. Get in touch with us now!","og_url":"https:\/\/dankplugeu.com\/hu\/termek\/vasarolni-ak-47-fu-online-torzs-uk\/","og_site_name":"DankPlugEU","article_modified_time":"2026-04-02T12:44:04+00:00","og_image":[{"width":600,"height":600,"url":"https:\/\/dankplugeu.com\/wp-content\/uploads\/2021\/04\/ak-47-weed.jpg","type":"image\/jpeg"}],"twitter_card":"summary_large_image","twitter_misc":{"Becs\u00fclt olvas\u00e1si id\u0151":"3 perc"},"schema":{"@context":"https:\/\/schema.org","@graph":[{"@type":"WebPage","@id":"https:\/\/dankplugeu.com\/product\/buy-ak-47-weed-online-strain-uk\/","url":"https:\/\/dankplugeu.com\/product\/buy-ak-47-weed-online-strain-uk\/","name":"AK 47 weed strain Uk - Buy Ak 47 online Uk, Europe | DankPlugEU","isPartOf":{"@id":"https:\/\/dankplugeu.com\/#website"},"primaryImageOfPage":{"@id":"https:\/\/dankplugeu.com\/product\/buy-ak-47-weed-online-strain-uk\/#primaryimage"},"image":{"@id":"https:\/\/dankplugeu.com\/product\/buy-ak-47-weed-online-strain-uk\/#primaryimage"},"thumbnailUrl":"https:\/\/dankplugeu.com\/wp-content\/uploads\/2021\/04\/ak-47-weed.jpg","datePublished":"2021-04-12T15:23:06+00:00","dateModified":"2026-04-02T12:44:04+00:00","description":"We are a reliable weed store available with AK 47 weed strain UK. Buy AK 47 strain online UK, Europe at best price. Get in touch with us now!","breadcrumb":{"@id":"https:\/\/dankplugeu.com\/product\/buy-ak-47-weed-online-strain-uk\/#breadcrumb"},"inLanguage":"hu","potentialAction":[{"@type":"ReadAction","target":["https:\/\/dankplugeu.com\/product\/buy-ak-47-weed-online-strain-uk\/"]}]},{"@type":"ImageObject","inLanguage":"hu","@id":"https:\/\/dankplugeu.com\/product\/buy-ak-47-weed-online-strain-uk\/#primaryimage","url":"https:\/\/dankplugeu.com\/wp-content\/uploads\/2021\/04\/ak-47-weed.jpg","contentUrl":"https:\/\/dankplugeu.com\/wp-content\/uploads\/2021\/04\/ak-47-weed.jpg","width":600,"height":600,"caption":"AK 47 Weed for Sale UK"},{"@type":"BreadcrumbList","@id":"https:\/\/dankplugeu.com\/product\/buy-ak-47-weed-online-strain-uk\/#breadcrumb","itemListElement":[{"@type":"ListItem","position":1,"name":"Home","item":"https:\/\/dankplugeu.com\/"},{"@type":"ListItem","position":2,"name":"Order Weed Online UK","item":"https:\/\/dankplugeu.com\/shop\/"},{"@type":"ListItem","position":3,"name":"Buy AK 47 Weed Strain Online UK"}]},{"@type":"WebSite","@id":"https:\/\/dankplugeu.com\/#website","url":"https:\/\/dankplugeu.com\/","name":"DankPlugEU","description":"Order Weed online","publisher":{"@id":"https:\/\/dankplugeu.com\/#organization"},"potentialAction":[{"@type":"SearchAction","target":{"@type":"EntryPoint","urlTemplate":"https:\/\/dankplugeu.com\/?s={search_term_string}"},"query-input":{"@type":"PropertyValueSpecification","valueRequired":true,"valueName":"search_term_string"}}],"inLanguage":"hu"},{"@type":"Organization","@id":"https:\/\/dankplugeu.com\/#organization","name":"DankPlugEU","url":"https:\/\/dankplugeu.com\/","logo":{"@type":"ImageObject","inLanguage":"hu","@id":"https:\/\/dankplugeu.com\/#\/schema\/logo\/image\/","url":"https:\/\/dankplugeu.com\/wp-content\/uploads\/2021\/04\/dankplugeu-logo.png","contentUrl":"https:\/\/dankplugeu.com\/wp-content\/uploads\/2021\/04\/dankplugeu-logo.png","width":864,"height":216,"caption":"DankPlugEU"},"image":{"@id":"https:\/\/dankplugeu.com\/#\/schema\/logo\/image\/"}}]}},"_links":{"self":[{"href":"https:\/\/dankplugeu.com\/hu\/wp-json\/wp\/v2\/product\/17812","targetHints":{"allow":["GET"]}}],"collection":[{"href":"https:\/\/dankplugeu.com\/hu\/wp-json\/wp\/v2\/product"}],"about":[{"href":"https:\/\/dankplugeu.com\/hu\/wp-json\/wp\/v2\/types\/product"}],"replies":[{"embeddable":true,"href":"https:\/\/dankplugeu.com\/hu\/wp-json\/wp\/v2\/comments?post=17812"}],"wp:featuredmedia":[{"embeddable":true,"href":"https:\/\/dankplugeu.com\/hu\/wp-json\/wp\/v2\/media\/17822"}],"wp:attachment":[{"href":"https:\/\/dankplugeu.com\/hu\/wp-json\/wp\/v2\/media?parent=17812"}],"wp:term":[{"taxonomy":"product_cat","embeddable":true,"href":"https:\/\/dankplugeu.com\/hu\/wp-json\/wp\/v2\/product_cat?post=17812"},{"taxonomy":"product_tag","embeddable":true,"href":"https:\/\/dankplugeu.com\/hu\/wp-json\/wp\/v2\/product_tag?post=17812"}],"curies":[{"name":"wp","href":"https:\/\/api.w.org\/{rel}","templated":true}]}}