{"id":18009,"date":"2021-04-13T08:26:13","date_gmt":"2021-04-13T08:26:13","guid":{"rendered":"https:\/\/dankpluguk.com\/?post_type=product&#038;p=18009"},"modified":"2026-04-02T13:03:15","modified_gmt":"2026-04-02T13:03:15","slug":"buy-amnesia-haze-weed-strain-uk","status":"publish","type":"product","link":"https:\/\/dankplugeu.com\/hu\/termek\/vasarolni-amnezia-haze-fuvet-torzs-uk\/","title":{"rendered":"V\u00e1s\u00e1roljon Amnesia Haze Weed Strain Hungary"},"content":{"rendered":"<h2 style=\"text-align: justify;\">V\u00e1s\u00e1roljon Amnesia Haze Weed Strain Hungary<\/h2>\n<div>\n<div class=\"flex h-svh w-screen flex-col\">\n<div class=\"relative z-0 flex min-h-0 w-full flex-1\">\n<div class=\"relative flex min-h-0 w-full flex-1\">\n<div class=\"@container\/main relative flex min-w-0 flex-1 flex-col -translate-y-[calc(env(safe-area-inset-bottom,0px)\/2)] pt-[calc(env(safe-area-inset-bottom,0px)\/2)]\">\n<div class=\"@w-sm\/main:[scrollbar-gutter:var(--stage-scroll-gutter)] touch:[scrollbar-width:none] group\/scroll-root relative flex min-h-0 min-w-0 flex-1 flex-col [scrollbar-gutter:stable] not-print:overflow-x-clip not-print:overflow-y-auto group-data-stream-active\/scroll-root:[overflow-anchor:none] scroll-pt-(--header-height) [--sticky-padding-top:var(--header-height)] [--sticky-padding-bottom:0px] [--scroll-root-safe-area-inset-top:calc(var(--sticky-padding-top)+env(safe-area-inset-top,0px))] [--scroll-root-safe-area-inset-bottom:calc(var(--sticky-padding-bottom)+var(--screen-keyboard-height,0px)+env(safe-area-inset-bottom,0px))] [--scroll-root-safe-area-height:calc(100lvh-var(--scroll-root-safe-area-inset-top)-var(--scroll-root-safe-area-inset-bottom))] has-data-[fixed-header=less-than-xl]:@w-xl\/main:scroll-pt-0 has-data-[fixed-header=less-than-xl]:@w-xl\/main:[--sticky-padding-top:0px] has-data-[fixed-header=less-than-xxl]:@w-2xl\/main:scroll-pt-0 has-data-[fixed-header=less-than-xxl]:@w-2xl\/main:[--sticky-padding-top:0px]\" data-scroll-root=\"\" data-scroll-from-top=\"\">\n<p><strong>Real Amnesia Haze<\/strong>\u00a0is now widely available, and you can <a href=\"https:\/\/dankplugeu.com\/hu\/termek\/vasarolni-amnezia-haze-fuvet-torzs-uk\/\">buy\u00a0<strong>Amnesia Haze Weed Strain UK<\/strong>\u00a0online<\/a> across the UK, Spain, and Ireland through DankPlugEU. We are a\u00a0<strong>top-rated online dispensary<\/strong>\u00a0known for delivering\u00a0<strong>premium Amnesia Haze Weed Strain<\/strong>\u00a0for sale with\u00a0<strong>reliable service<\/strong>. Our\u00a0<strong>experienced vendors<\/strong>\u00a0ensure every order is processed according to customer requirements. If you&#8217;re wondering where to buy\u00a0<strong>Amnesia Haze Weed Strain UK<\/strong>?, DankPlugEU is considered the best place to buy Amnesia Haze Weed Strain online.<\/p>\n<div id=\"thread\" class=\"group\/thread flex flex-col min-h-full\">\n<div class=\"composer-parent flex flex-1 flex-col focus-visible:outline-0\" role=\"presentation\">\n<div class=\"relative basis-auto flex-col -mb-(--composer-overlap-px) pb-(--composer-overlap-px) [--composer-overlap-px:28px] grow flex\">\n<div class=\"flex flex-col text-sm pb-25\">\n<section class=\"text-token-text-primary w-full focus:outline-none [--shadow-height:45px] has-data-writing-block:pointer-events-none has-data-writing-block:-mt-(--shadow-height) has-data-writing-block:pt-(--shadow-height) [&amp;:has([data-writing-block])&gt;*]:pointer-events-auto scroll-mt-[calc(var(--header-height)+min(200px,max(70px,20svh)))]\" dir=\"auto\" data-turn-id=\"request-69ba697c-610c-832c-8642-ef04aa1d5538-2\" data-testid=\"conversation-turn-46\" data-scroll-anchor=\"true\" data-turn=\"assistant\">\n<div class=\"text-base my-auto mx-auto pb-10 [--thread-content-margin:var(--thread-content-margin-xs,calc(var(--spacing)*4))] @w-sm\/main:[--thread-content-margin:var(--thread-content-margin-sm,calc(var(--spacing)*6))] @w-lg\/main:[--thread-content-margin:var(--thread-content-margin-lg,calc(var(--spacing)*16))] px-(--thread-content-margin)\">\n<div class=\"[--thread-content-max-width:40rem] @w-lg\/main:[--thread-content-max-width:48rem] mx-auto max-w-(--thread-content-max-width) flex-1 group\/turn-messages focus-visible:outline-hidden relative flex w-full min-w-0 flex-col agent-turn\">\n<div class=\"flex max-w-full flex-col gap-4 grow\">\n<div class=\"min-h-8 text-message relative flex w-full flex-col items-end gap-2 text-start break-words whitespace-normal outline-none keyboard-focused:focus-ring [.text-message+&amp;]:mt-1\" dir=\"auto\" tabindex=\"0\" data-message-author-role=\"assistant\" data-message-id=\"908d66a9-06e3-4146-8a6f-200120761a08\" data-message-model-slug=\"gpt-5-3\" data-turn-start-message=\"true\">\n<div class=\"flex w-full flex-col gap-1 empty:hidden\">\n<div class=\"markdown prose dark:prose-invert w-full wrap-break-word light markdown-new-styling\">\n<p class=\"ds-markdown-paragraph\">You can get\u00a0<strong>Amnesia Haze Weed Strain UK<\/strong>\u00a0for sale without worrying about <strong><a href=\"https:\/\/dankplugeu.com\/hu\/termek\/vasarolni-amnezia-fu-torzs-uk\/\">high costs<\/a><\/strong>, as we offer competitive rates. Once you order Amnesia Haze Weed Strain online, our team ensures fast processing and delivery. Many customers prefer to buy Amnesia Haze Weed Strain online from us due to our\u00a0<strong>quality<\/strong>\u00a0and efficiency.<\/p>\n<h3 class=\"ds-markdown-paragraph\">What is\u00a0Amnesia Haze strain?<\/h3>\n<p class=\"ds-markdown-paragraph\"><a href=\"https:\/\/dankplugeu.com\/hu\/\"><strong>Amn\u00e9zia Haze<\/strong><\/a>\u00a0is a well-known\u00a0<strong>sativa-dominant strain<\/strong>\u00a0with\u00a0<strong>high THC content<\/strong>, making it popular among experienced users. Many enthusiasts choose to buy\u00a0<strong>Amnesia Haze Weed Strain UK<\/strong>\u00a0online because of its\u00a0<a href=\"https:\/\/en.wikipedia.org\/wiki\/Cannabis_strain\"><strong>strong effects<\/strong><\/a>\u00a0\u00e9s\u00a0<strong>reliable quality<\/strong>. This strain thrives in sunny climates such as North Africa, Australia, and California, though it can also be grown in controlled indoor environments.<\/p>\n<p class=\"ds-markdown-paragraph\">It typically reaches heights of 80\u2013140 cm indoors and can grow over 2 meters outdoors, with yields ranging from 600\u2013650 g\/m\u00b2 indoors and up to 700 g per plant outdoors. Due to its <strong><a href=\"https:\/\/weedseedsexpress.com\/uk\/collections\/haze-strains\">popularity and cultivation<\/a><\/strong> requirements, the price of Amnesia Haze Weed Strain UK may vary depending on\u00a0<strong>quality<\/strong>\u00a0and availability.<\/p>\n<p class=\"ds-markdown-paragraph\"><strong>Amn\u00e9zia Haze<\/strong>\u00a0is often appreciated for its\u00a0<strong>feminized seeds<\/strong>, making cultivation easier compared to other\u00a0<strong>haze varieties<\/strong>. These features contribute to the strong demand for Amnesia Haze Weed Strain for sale.<\/p>\n<h3 class=\"ds-markdown-paragraph\">Where to buy Amnesia Haze weed online?<\/h3>\n<p class=\"ds-markdown-paragraph\">DankPlugEU is a\u00a0<strong>trusted destination<\/strong>\u00a0to buy\u00a0<strong>Amnesia Haze Weed Strain UK<\/strong>\u00a0with ease. You can quickly order Amnesia Haze Weed Strain online and have it delivered to your preferred location within a short time.<\/p>\n<p class=\"ds-markdown-paragraph\">With a reputation for\u00a0<strong>quality products<\/strong>\u00a0and efficient service, DankPlugEU remains the best place to buy Amnesia Haze Weed Strain online. Choose us today to buy\u00a0<strong>Amnesia Haze Weed Strain UK<\/strong> online and enjoy a smooth and reliable purchasing experience. <a href=\"https:\/\/dankplugeu.com\/hu\/termek\/vasarolni-amnezia-haze-fuvet-torzs-uk\/\"><strong>Hassle-free shopping<\/strong><\/a><\/p>\n<\/div>\n<\/div>\n<\/div>\n<\/div>\n<\/div>\n<\/div>\n<\/section>\n<\/div>\n<\/div>\n<\/div>\n<\/div>\n<\/div>\n<\/div>\n<\/div>\n<\/div>\n<\/div>\n<\/div>","protected":false},"excerpt":{"rendered":"<p>Buy Amnesia Haze Weed Strain UK Real Amnesia Haze\u00a0is now widely available, and you can buy\u00a0Amnesia Haze Weed Strain UK\u00a0online across the UK, Spain, and Ireland through DankPlugEU. We are a\u00a0top-rated online dispensary\u00a0known for delivering\u00a0premium Amnesia Haze Weed Strain\u00a0for sale with\u00a0reliable service. Our\u00a0experienced vendors\u00a0ensure every order is processed according to customer requirements. If you&#8217;re wondering [&hellip;]<\/p>","protected":false},"featured_media":18017,"comment_status":"open","ping_status":"closed","template":"","meta":{"_joinchat":[]},"product_cat":[132,332],"product_tag":[703,694,695,696,689,700,428,691,686,688,687,678,430,429,431,684,704,685,690,683,680,427,682,681,679],"class_list":{"0":"post-18009","1":"product","2":"type-product","3":"status-publish","4":"has-post-thumbnail","6":"product_cat-marijuana-strains-for-sale-uk","7":"product_cat-sativa-strain-for-sale-uk","8":"product_tag-amnesia-haze","9":"product_tag-amnesia-haze-australia","10":"product_tag-amnesia-haze-canada","11":"product_tag-amnesia-haze-china","12":"product_tag-amnesia-haze-ebay","13":"product_tag-amnesia-haze-effects","14":"product_tag-amnesia-haze-for-sale","15":"product_tag-amnesia-haze-online","16":"product_tag-amnesia-haze-quantity","17":"product_tag-amnesia-haze-reddit","18":"product_tag-amnesia-haze-review","19":"product_tag-amnesia-haze-sale","20":"product_tag-amnesia-haze-sativa","21":"product_tag-amnesia-haze-strain","22":"product_tag-amnesia-haze-strain-in-uk","23":"product_tag-amnesia-haze-supplier","24":"product_tag-amnesia-haze-usa","25":"product_tag-amnesia-haze-vendor","26":"product_tag-amnesia-haze-wiki","27":"product_tag-best-amnesia-haze","28":"product_tag-buy-amnesia-haze","29":"product_tag-buy-amnesia-haze-sativa-strain-uk","30":"product_tag-cheap-amnesia-haze","31":"product_tag-order-amnesia-haze","32":"product_tag-purchase-amnesia-haze","34":"first","35":"instock","36":"shipping-taxable","37":"purchasable","38":"product-type-variable","39":"has-default-attributes"},"yoast_head":"<!-- This site is optimized with the Yoast SEO plugin v26.3 - https:\/\/yoast.com\/wordpress\/plugins\/seo\/ -->\n<title>Amnesia haze for Sale \u2013 Buy amnesia Haze strain Online Uk, Eu<\/title>\n<meta name=\"description\" content=\"Buy Amnesia Haze weed strain UK online from DankPlugEU, known for supplying high-quality cannabis. Amnesia Haze weed strain UK for sale with citrus aroma and uplifting characteristics.\" \/>\n<meta name=\"robots\" content=\"index, follow, max-snippet:-1, max-image-preview:large, max-video-preview:-1\" \/>\n<link rel=\"canonical\" href=\"https:\/\/dankplugeu.com\/hu\/termek\/vasarolni-amnezia-haze-fuvet-torzs-uk\/\" \/>\n<meta property=\"og:locale\" content=\"hu_HU\" \/>\n<meta property=\"og:type\" content=\"article\" \/>\n<meta property=\"og:title\" content=\"Amnesia haze for Sale \u2013 Buy amnesia Haze strain Online Uk, Eu\" \/>\n<meta property=\"og:description\" content=\"Buy Amnesia Haze weed strain UK online from DankPlugEU, known for supplying high-quality cannabis. Amnesia Haze weed strain UK for sale with citrus aroma and uplifting characteristics.\" \/>\n<meta property=\"og:url\" content=\"https:\/\/dankplugeu.com\/hu\/termek\/vasarolni-amnezia-haze-fuvet-torzs-uk\/\" \/>\n<meta property=\"og:site_name\" content=\"DankPlugEU\" \/>\n<meta property=\"article:modified_time\" content=\"2026-04-02T13:03:15+00:00\" \/>\n<meta property=\"og:image\" content=\"https:\/\/dankplugeu.com\/wp-content\/uploads\/2021\/04\/amnesia-haze.jpg\" \/>\n\t<meta property=\"og:image:width\" content=\"600\" \/>\n\t<meta property=\"og:image:height\" content=\"600\" \/>\n\t<meta property=\"og:image:type\" content=\"image\/jpeg\" \/>\n<meta name=\"twitter:card\" content=\"summary_large_image\" \/>\n<meta name=\"twitter:label1\" content=\"Becs\u00fclt olvas\u00e1si id\u0151\" \/>\n\t<meta name=\"twitter:data1\" content=\"2 perc\" \/>\n<script type=\"application\/ld+json\" class=\"yoast-schema-graph\">{\"@context\":\"https:\/\/schema.org\",\"@graph\":[{\"@type\":\"WebPage\",\"@id\":\"https:\/\/dankplugeu.com\/product\/buy-amnesia-haze-weed-strain-uk\/\",\"url\":\"https:\/\/dankplugeu.com\/product\/buy-amnesia-haze-weed-strain-uk\/\",\"name\":\"Amnesia haze for Sale \u2013 Buy amnesia Haze strain Online Uk, Eu\",\"isPartOf\":{\"@id\":\"https:\/\/dankplugeu.com\/#website\"},\"primaryImageOfPage\":{\"@id\":\"https:\/\/dankplugeu.com\/product\/buy-amnesia-haze-weed-strain-uk\/#primaryimage\"},\"image\":{\"@id\":\"https:\/\/dankplugeu.com\/product\/buy-amnesia-haze-weed-strain-uk\/#primaryimage\"},\"thumbnailUrl\":\"https:\/\/dankplugeu.com\/wp-content\/uploads\/2021\/04\/amnesia-haze.jpg\",\"datePublished\":\"2021-04-13T08:26:13+00:00\",\"dateModified\":\"2026-04-02T13:03:15+00:00\",\"description\":\"Buy Amnesia Haze weed strain UK online from DankPlugEU, known for supplying high-quality cannabis. Amnesia Haze weed strain UK for sale with citrus aroma and uplifting characteristics.\",\"breadcrumb\":{\"@id\":\"https:\/\/dankplugeu.com\/product\/buy-amnesia-haze-weed-strain-uk\/#breadcrumb\"},\"inLanguage\":\"hu\",\"potentialAction\":[{\"@type\":\"ReadAction\",\"target\":[\"https:\/\/dankplugeu.com\/product\/buy-amnesia-haze-weed-strain-uk\/\"]}]},{\"@type\":\"ImageObject\",\"inLanguage\":\"hu\",\"@id\":\"https:\/\/dankplugeu.com\/product\/buy-amnesia-haze-weed-strain-uk\/#primaryimage\",\"url\":\"https:\/\/dankplugeu.com\/wp-content\/uploads\/2021\/04\/amnesia-haze.jpg\",\"contentUrl\":\"https:\/\/dankplugeu.com\/wp-content\/uploads\/2021\/04\/amnesia-haze.jpg\",\"width\":600,\"height\":600,\"caption\":\"Amnesia Haze Weed Strain\"},{\"@type\":\"BreadcrumbList\",\"@id\":\"https:\/\/dankplugeu.com\/product\/buy-amnesia-haze-weed-strain-uk\/#breadcrumb\",\"itemListElement\":[{\"@type\":\"ListItem\",\"position\":1,\"name\":\"Home\",\"item\":\"https:\/\/dankplugeu.com\/\"},{\"@type\":\"ListItem\",\"position\":2,\"name\":\"Order Weed Online UK\",\"item\":\"https:\/\/dankplugeu.com\/shop\/\"},{\"@type\":\"ListItem\",\"position\":3,\"name\":\"Buy Amnesia Haze Weed Strain UK\"}]},{\"@type\":\"WebSite\",\"@id\":\"https:\/\/dankplugeu.com\/#website\",\"url\":\"https:\/\/dankplugeu.com\/\",\"name\":\"DankPlugEU\",\"description\":\"Order Weed online\",\"publisher\":{\"@id\":\"https:\/\/dankplugeu.com\/#organization\"},\"potentialAction\":[{\"@type\":\"SearchAction\",\"target\":{\"@type\":\"EntryPoint\",\"urlTemplate\":\"https:\/\/dankplugeu.com\/?s={search_term_string}\"},\"query-input\":{\"@type\":\"PropertyValueSpecification\",\"valueRequired\":true,\"valueName\":\"search_term_string\"}}],\"inLanguage\":\"hu\"},{\"@type\":\"Organization\",\"@id\":\"https:\/\/dankplugeu.com\/#organization\",\"name\":\"DankPlugEU\",\"url\":\"https:\/\/dankplugeu.com\/\",\"logo\":{\"@type\":\"ImageObject\",\"inLanguage\":\"hu\",\"@id\":\"https:\/\/dankplugeu.com\/#\/schema\/logo\/image\/\",\"url\":\"https:\/\/dankplugeu.com\/wp-content\/uploads\/2021\/04\/dankplugeu-logo.png\",\"contentUrl\":\"https:\/\/dankplugeu.com\/wp-content\/uploads\/2021\/04\/dankplugeu-logo.png\",\"width\":864,\"height\":216,\"caption\":\"DankPlugEU\"},\"image\":{\"@id\":\"https:\/\/dankplugeu.com\/#\/schema\/logo\/image\/\"}}]}<\/script>\n<!-- \/ Yoast SEO plugin. -->","yoast_head_json":{"title":"Amnesia haze for Sale \u2013 Buy amnesia Haze strain Online Uk, Eu","description":"Buy Amnesia Haze weed strain UK online from DankPlugEU, known for supplying high-quality cannabis. Amnesia Haze weed strain UK for sale with citrus aroma and uplifting characteristics.","robots":{"index":"index","follow":"follow","max-snippet":"max-snippet:-1","max-image-preview":"max-image-preview:large","max-video-preview":"max-video-preview:-1"},"canonical":"https:\/\/dankplugeu.com\/hu\/termek\/vasarolni-amnezia-haze-fuvet-torzs-uk\/","og_locale":"hu_HU","og_type":"article","og_title":"Amnesia haze for Sale \u2013 Buy amnesia Haze strain Online Uk, Eu","og_description":"Buy Amnesia Haze weed strain UK online from DankPlugEU, known for supplying high-quality cannabis. Amnesia Haze weed strain UK for sale with citrus aroma and uplifting characteristics.","og_url":"https:\/\/dankplugeu.com\/hu\/termek\/vasarolni-amnezia-haze-fuvet-torzs-uk\/","og_site_name":"DankPlugEU","article_modified_time":"2026-04-02T13:03:15+00:00","og_image":[{"width":600,"height":600,"url":"https:\/\/dankplugeu.com\/wp-content\/uploads\/2021\/04\/amnesia-haze.jpg","type":"image\/jpeg"}],"twitter_card":"summary_large_image","twitter_misc":{"Becs\u00fclt olvas\u00e1si id\u0151":"2 perc"},"schema":{"@context":"https:\/\/schema.org","@graph":[{"@type":"WebPage","@id":"https:\/\/dankplugeu.com\/product\/buy-amnesia-haze-weed-strain-uk\/","url":"https:\/\/dankplugeu.com\/product\/buy-amnesia-haze-weed-strain-uk\/","name":"Amnesia haze for Sale \u2013 Buy amnesia Haze strain Online Uk, Eu","isPartOf":{"@id":"https:\/\/dankplugeu.com\/#website"},"primaryImageOfPage":{"@id":"https:\/\/dankplugeu.com\/product\/buy-amnesia-haze-weed-strain-uk\/#primaryimage"},"image":{"@id":"https:\/\/dankplugeu.com\/product\/buy-amnesia-haze-weed-strain-uk\/#primaryimage"},"thumbnailUrl":"https:\/\/dankplugeu.com\/wp-content\/uploads\/2021\/04\/amnesia-haze.jpg","datePublished":"2021-04-13T08:26:13+00:00","dateModified":"2026-04-02T13:03:15+00:00","description":"Buy Amnesia Haze weed strain UK online from DankPlugEU, known for supplying high-quality cannabis. Amnesia Haze weed strain UK for sale with citrus aroma and uplifting characteristics.","breadcrumb":{"@id":"https:\/\/dankplugeu.com\/product\/buy-amnesia-haze-weed-strain-uk\/#breadcrumb"},"inLanguage":"hu","potentialAction":[{"@type":"ReadAction","target":["https:\/\/dankplugeu.com\/product\/buy-amnesia-haze-weed-strain-uk\/"]}]},{"@type":"ImageObject","inLanguage":"hu","@id":"https:\/\/dankplugeu.com\/product\/buy-amnesia-haze-weed-strain-uk\/#primaryimage","url":"https:\/\/dankplugeu.com\/wp-content\/uploads\/2021\/04\/amnesia-haze.jpg","contentUrl":"https:\/\/dankplugeu.com\/wp-content\/uploads\/2021\/04\/amnesia-haze.jpg","width":600,"height":600,"caption":"Amnesia Haze Weed Strain"},{"@type":"BreadcrumbList","@id":"https:\/\/dankplugeu.com\/product\/buy-amnesia-haze-weed-strain-uk\/#breadcrumb","itemListElement":[{"@type":"ListItem","position":1,"name":"Home","item":"https:\/\/dankplugeu.com\/"},{"@type":"ListItem","position":2,"name":"Order Weed Online UK","item":"https:\/\/dankplugeu.com\/shop\/"},{"@type":"ListItem","position":3,"name":"Buy Amnesia Haze Weed Strain UK"}]},{"@type":"WebSite","@id":"https:\/\/dankplugeu.com\/#website","url":"https:\/\/dankplugeu.com\/","name":"DankPlugEU","description":"Order Weed online","publisher":{"@id":"https:\/\/dankplugeu.com\/#organization"},"potentialAction":[{"@type":"SearchAction","target":{"@type":"EntryPoint","urlTemplate":"https:\/\/dankplugeu.com\/?s={search_term_string}"},"query-input":{"@type":"PropertyValueSpecification","valueRequired":true,"valueName":"search_term_string"}}],"inLanguage":"hu"},{"@type":"Organization","@id":"https:\/\/dankplugeu.com\/#organization","name":"DankPlugEU","url":"https:\/\/dankplugeu.com\/","logo":{"@type":"ImageObject","inLanguage":"hu","@id":"https:\/\/dankplugeu.com\/#\/schema\/logo\/image\/","url":"https:\/\/dankplugeu.com\/wp-content\/uploads\/2021\/04\/dankplugeu-logo.png","contentUrl":"https:\/\/dankplugeu.com\/wp-content\/uploads\/2021\/04\/dankplugeu-logo.png","width":864,"height":216,"caption":"DankPlugEU"},"image":{"@id":"https:\/\/dankplugeu.com\/#\/schema\/logo\/image\/"}}]}},"_links":{"self":[{"href":"https:\/\/dankplugeu.com\/hu\/wp-json\/wp\/v2\/product\/18009","targetHints":{"allow":["GET"]}}],"collection":[{"href":"https:\/\/dankplugeu.com\/hu\/wp-json\/wp\/v2\/product"}],"about":[{"href":"https:\/\/dankplugeu.com\/hu\/wp-json\/wp\/v2\/types\/product"}],"replies":[{"embeddable":true,"href":"https:\/\/dankplugeu.com\/hu\/wp-json\/wp\/v2\/comments?post=18009"}],"wp:featuredmedia":[{"embeddable":true,"href":"https:\/\/dankplugeu.com\/hu\/wp-json\/wp\/v2\/media\/18017"}],"wp:attachment":[{"href":"https:\/\/dankplugeu.com\/hu\/wp-json\/wp\/v2\/media?parent=18009"}],"wp:term":[{"taxonomy":"product_cat","embeddable":true,"href":"https:\/\/dankplugeu.com\/hu\/wp-json\/wp\/v2\/product_cat?post=18009"},{"taxonomy":"product_tag","embeddable":true,"href":"https:\/\/dankplugeu.com\/hu\/wp-json\/wp\/v2\/product_tag?post=18009"}],"curies":[{"name":"wp","href":"https:\/\/api.w.org\/{rel}","templated":true}]}}