{"id":18125,"date":"2021-04-13T11:50:48","date_gmt":"2021-04-13T11:50:48","guid":{"rendered":"https:\/\/dankpluguk.com\/?post_type=product&#038;p=18125"},"modified":"2026-04-08T11:01:32","modified_gmt":"2026-04-08T11:01:32","slug":"buy-caduceus-afghani-hash-weed-strain-uk","status":"publish","type":"product","link":"https:\/\/dankplugeu.com\/hu\/termek\/vasarolni-caduceus-afgan-hasis-fu-torzs-uk\/","title":{"rendered":"V\u00e1s\u00e1roljon Caduceus Afghani Hash Weed Strain UK-t"},"content":{"rendered":"<h2 style=\"text-align: justify;\">V\u00e1s\u00e1roljon Caduceus Afghani Hash Weed Strain UK-t<\/h2>\n<p data-start=\"132\" data-end=\"618\"><a href=\"https:\/\/dankplugeu.com\/hu\/\">DankPlugEU<\/a> operates across the UK, Ireland, and Spain, offering premium <strong data-start=\"204\" data-end=\"253\">Caduceus Afghani Hash Weed Strain UK for sale<\/strong> at affordable prices. If you are looking to <a href=\"https:\/\/dankplugeu.com\/hu\/termek\/vasarolni-caduceus-afgan-hasis-fu-torzs-uk\/\"><strong data-start=\"298\" data-end=\"342\">V\u00e1s\u00e1roljon Caduceus Afghani Hash Weed Strain UK-t<\/strong><\/a>, our platform is the ideal choice. Recognized as the <strong data-start=\"396\" data-end=\"458\">Best place to buy Caduceus Afghani Hash Weed Strain online<\/strong>, we ensure high-quality products and fast delivery. You can easily <strong data-start=\"526\" data-end=\"574\">Buy Caduceus Afghani Hash Weed Strain online<\/strong> and enjoy a seamless purchasing experience.<\/p>\n<p data-start=\"620\" data-end=\"799\">Our experienced vendors and suppliers make sure that every order to <strong data-start=\"688\" data-end=\"739\">Buy Caduceus Afghani Hash Weed Strain UK online<\/strong> is processed quickly and delivered safely to your doorstep.<\/p>\n<h3 data-section-id=\"g451o6\" data-start=\"801\" data-end=\"839\">What is Caduceus Afghani Hash Weed?<\/h3>\n<p class=\"ds-markdown-paragraph\">Caduceus Afghani Hash is a traditional hash product originating from Afghanistan, particularly from the northern regions between the Hindu Kush mountains and the Russian border, including Balkh and Mazar-i-Sharif. Many users prefer to Buy Caduceus Afghani Hash Weed Strain online due to its authentic production methods and rich heritage.\u00a0<a href=\"https:\/\/hashonlinecanada.com\/caduceus-afghani-hash\/\"><strong>Caduceus Afghani Hash<\/strong><\/a>\u00a0<strong>Caduceus Afghani Hash Weed Strain<\/strong>\u00a0<strong>Afghani hash<\/strong>\u00a0<strong>Traditional hash product<\/strong>\u00a0<strong>Authentic Afghani hash<\/strong><\/p>\n<p class=\"ds-markdown-paragraph\">This hash is produced from small, bushy Indica plants and is handcrafted using traditional techniques. After adding small amounts of tea or water, it is worked until it becomes elastic and develops a\u00a0<a href=\"https:\/\/en.wikipedia.org\/wiki\/Caduceus\"><strong>strong aromatic profile<\/strong><\/a>. It is typically stored as hash balls and later pressed into slabs for distribution, making it a popular option for those searching for Caduceus Afghani Hash Weed Strain for sale.<\/p>\n<p class=\"ds-markdown-paragraph\">The process reflects decades of craftsmanship, with no shortcuts taken, ensuring a\u00a0<strong>premium-quality product<\/strong>\u00a0every time.\u00a0<strong>Premium-quality product<\/strong>\u00a0<strong>Authentic quality<\/strong><\/p>\n<h3 class=\"ds-markdown-paragraph\">Quality and Experience<\/h3>\n<p class=\"ds-markdown-paragraph\">Those exploring the Price of Caduceus Afghani Hash Weed Strain UK will find that it offers\u00a0<strong>excellent value<\/strong>\u00a0for its authenticity and quality.\u00a0<strong>Excellent value hash<\/strong>\u00a0The hash delivers a\u00a0<strong>rich aroma<\/strong>\u00a0and a smooth,\u00a0<a href=\"https:\/\/dankplugeu.com\/hu\/termek\/vasarolni-candyland-fuvet-torzs-uk\/\"><strong>relaxing experience<\/strong><\/a>, making it a preferred choice for users seeking traditional hash products.\u00a0<strong>Rich aroma hash<\/strong>\u00a0<strong>Relaxing experience<\/strong>\u00a0<strong>Smooth relaxing hash<\/strong>\u00a0<strong>Smooth hash experience<\/strong>\u00a0<strong>Traditional hash effects<\/strong>\u00a0<strong>High-quality hash<\/strong><\/p>\n<h3 class=\"ds-markdown-paragraph\">How to Buy Caduceus Afghani Hash Weed Strain Online?<\/h3>\n<p class=\"ds-markdown-paragraph\">If you are wondering Where to buy Caduceus Afghani Hash Weed Strain UK?, DankPlugEU provides a reliable and convenient solution. You can easily Order Caduceus Afghani Hash Weed Strain online through our platform and receive your product within a short timeframe.<\/p>\n<p class=\"ds-markdown-paragraph\">Whether you are searching for the Best place to buy Caduceus Afghani Hash Weed Strain online or looking for high-quality Caduceus Afghani Hash Weed Strain for sale, we ensure <strong>premium products<\/strong>, affordable pricing, and excellent customer service. <a href=\"https:\/\/dankplugeu.com\/hu\/termek\/vasarolni-caduceus-afgan-hasis-fu-torzs-uk\/\"><strong>Get yours today<\/strong><\/a><\/p>","protected":false},"excerpt":{"rendered":"<p>Buy Caduceus Afghani Hash Weed Strain UK DankPlugEU operates across the UK, Ireland, and Spain, offering premium Caduceus Afghani Hash Weed Strain UK for sale at affordable prices. If you are looking to Buy Caduceus Afghani Hash Weed Strain UK, our platform is the ideal choice. Recognized as the Best place to buy Caduceus Afghani [&hellip;]<\/p>","protected":false},"featured_media":18174,"comment_status":"open","ping_status":"closed","template":"","meta":{"_joinchat":[]},"product_cat":[433,132],"product_tag":[930,927,937,938,939,935,940,485,941,942,932,934,933,486,488,943,944,931,936,929,928,926],"class_list":{"0":"post-18125","1":"product","2":"type-product","3":"status-publish","4":"has-post-thumbnail","6":"product_cat-hash-for-sale-online-uk","7":"product_cat-marijuana-strains-for-sale-uk","8":"product_tag-best-caduceus-afghani-hash-supplier","9":"product_tag-buy-caduceus-afghani-hash","10":"product_tag-caduceus-afghani-hash-australia","11":"product_tag-caduceus-afghani-hash-canada","12":"product_tag-caduceus-afghani-hash-china","13":"product_tag-caduceus-afghani-hash-ebay","14":"product_tag-caduceus-afghani-hash-effects","15":"product_tag-caduceus-afghani-hash-for-sale","16":"product_tag-caduceus-afghani-hash-legal","17":"product_tag-caduceus-afghani-hash-legality","18":"product_tag-caduceus-afghani-hash-quantity","19":"product_tag-caduceus-afghani-hash-reddit","20":"product_tag-caduceus-afghani-hash-review","21":"product_tag-caduceus-afghani-hash-strain","22":"product_tag-caduceus-afghani-hash-strain-in-uk","23":"product_tag-caduceus-afghani-hash-supplier","24":"product_tag-caduceus-afghani-hash-uk","25":"product_tag-caduceus-afghani-hash-vendor","26":"product_tag-caduceus-afghani-hash-wiki","27":"product_tag-cheap-caduceus-afghani-hash","28":"product_tag-order-caduceus-afghani-hash","29":"product_tag-purchase-caduceus-afghani-hash","31":"first","32":"instock","33":"shipping-taxable","34":"purchasable","35":"product-type-variable","36":"has-default-attributes"},"yoast_head":"<!-- This site is optimized with the Yoast SEO plugin v26.3 - https:\/\/yoast.com\/wordpress\/plugins\/seo\/ -->\n<title>Buy Caduceus Afghani Hash Weed Strain UK Online | DankPlugEU<\/title>\n<meta name=\"description\" content=\"Buy Caduceus Afghani hash weed strain UK online from DankPlugEU, supplying premium hash selections. Caduceus Afghani hash weed strain UK for sale with rich aroma and classic resin quality.\" \/>\n<meta name=\"robots\" content=\"index, follow, max-snippet:-1, max-image-preview:large, max-video-preview:-1\" \/>\n<link rel=\"canonical\" href=\"https:\/\/dankplugeu.com\/hu\/termek\/vasarolni-caduceus-afgan-hasis-fu-torzs-uk\/\" \/>\n<meta property=\"og:locale\" content=\"hu_HU\" \/>\n<meta property=\"og:type\" content=\"article\" \/>\n<meta property=\"og:title\" content=\"Buy Caduceus Afghani Hash Weed Strain UK Online | DankPlugEU\" \/>\n<meta property=\"og:description\" content=\"Buy Caduceus Afghani hash weed strain UK online from DankPlugEU, supplying premium hash selections. Caduceus Afghani hash weed strain UK for sale with rich aroma and classic resin quality.\" \/>\n<meta property=\"og:url\" content=\"https:\/\/dankplugeu.com\/hu\/termek\/vasarolni-caduceus-afgan-hasis-fu-torzs-uk\/\" \/>\n<meta property=\"og:site_name\" content=\"DankPlugEU\" \/>\n<meta property=\"article:modified_time\" content=\"2026-04-08T11:01:32+00:00\" \/>\n<meta property=\"og:image\" content=\"https:\/\/dankplugeu.com\/wp-content\/uploads\/2021\/04\/caduceus-afghani-hash.jpg\" \/>\n\t<meta property=\"og:image:width\" content=\"600\" \/>\n\t<meta property=\"og:image:height\" content=\"600\" \/>\n\t<meta property=\"og:image:type\" content=\"image\/jpeg\" \/>\n<meta name=\"twitter:card\" content=\"summary_large_image\" \/>\n<meta name=\"twitter:label1\" content=\"Becs\u00fclt olvas\u00e1si id\u0151\" \/>\n\t<meta name=\"twitter:data1\" content=\"3 perc\" \/>\n<script type=\"application\/ld+json\" class=\"yoast-schema-graph\">{\"@context\":\"https:\/\/schema.org\",\"@graph\":[{\"@type\":\"WebPage\",\"@id\":\"https:\/\/dankplugeu.com\/product\/buy-caduceus-afghani-hash-weed-strain-uk\/\",\"url\":\"https:\/\/dankplugeu.com\/product\/buy-caduceus-afghani-hash-weed-strain-uk\/\",\"name\":\"Buy Caduceus Afghani Hash Weed Strain UK Online | DankPlugEU\",\"isPartOf\":{\"@id\":\"https:\/\/dankplugeu.com\/#website\"},\"primaryImageOfPage\":{\"@id\":\"https:\/\/dankplugeu.com\/product\/buy-caduceus-afghani-hash-weed-strain-uk\/#primaryimage\"},\"image\":{\"@id\":\"https:\/\/dankplugeu.com\/product\/buy-caduceus-afghani-hash-weed-strain-uk\/#primaryimage\"},\"thumbnailUrl\":\"https:\/\/dankplugeu.com\/wp-content\/uploads\/2021\/04\/caduceus-afghani-hash.jpg\",\"datePublished\":\"2021-04-13T11:50:48+00:00\",\"dateModified\":\"2026-04-08T11:01:32+00:00\",\"description\":\"Buy Caduceus Afghani hash weed strain UK online from DankPlugEU, supplying premium hash selections. Caduceus Afghani hash weed strain UK for sale with rich aroma and classic resin quality.\",\"breadcrumb\":{\"@id\":\"https:\/\/dankplugeu.com\/product\/buy-caduceus-afghani-hash-weed-strain-uk\/#breadcrumb\"},\"inLanguage\":\"hu\",\"potentialAction\":[{\"@type\":\"ReadAction\",\"target\":[\"https:\/\/dankplugeu.com\/product\/buy-caduceus-afghani-hash-weed-strain-uk\/\"]}]},{\"@type\":\"ImageObject\",\"inLanguage\":\"hu\",\"@id\":\"https:\/\/dankplugeu.com\/product\/buy-caduceus-afghani-hash-weed-strain-uk\/#primaryimage\",\"url\":\"https:\/\/dankplugeu.com\/wp-content\/uploads\/2021\/04\/caduceus-afghani-hash.jpg\",\"contentUrl\":\"https:\/\/dankplugeu.com\/wp-content\/uploads\/2021\/04\/caduceus-afghani-hash.jpg\",\"width\":600,\"height\":600,\"caption\":\"Caduceus Afghani Hash Online UK\"},{\"@type\":\"BreadcrumbList\",\"@id\":\"https:\/\/dankplugeu.com\/product\/buy-caduceus-afghani-hash-weed-strain-uk\/#breadcrumb\",\"itemListElement\":[{\"@type\":\"ListItem\",\"position\":1,\"name\":\"Home\",\"item\":\"https:\/\/dankplugeu.com\/\"},{\"@type\":\"ListItem\",\"position\":2,\"name\":\"Order Weed Online UK\",\"item\":\"https:\/\/dankplugeu.com\/shop\/\"},{\"@type\":\"ListItem\",\"position\":3,\"name\":\"Buy Caduceus Afghani Hash Weed Strain UK\"}]},{\"@type\":\"WebSite\",\"@id\":\"https:\/\/dankplugeu.com\/#website\",\"url\":\"https:\/\/dankplugeu.com\/\",\"name\":\"DankPlugEU\",\"description\":\"Order Weed online\",\"publisher\":{\"@id\":\"https:\/\/dankplugeu.com\/#organization\"},\"potentialAction\":[{\"@type\":\"SearchAction\",\"target\":{\"@type\":\"EntryPoint\",\"urlTemplate\":\"https:\/\/dankplugeu.com\/?s={search_term_string}\"},\"query-input\":{\"@type\":\"PropertyValueSpecification\",\"valueRequired\":true,\"valueName\":\"search_term_string\"}}],\"inLanguage\":\"hu\"},{\"@type\":\"Organization\",\"@id\":\"https:\/\/dankplugeu.com\/#organization\",\"name\":\"DankPlugEU\",\"url\":\"https:\/\/dankplugeu.com\/\",\"logo\":{\"@type\":\"ImageObject\",\"inLanguage\":\"hu\",\"@id\":\"https:\/\/dankplugeu.com\/#\/schema\/logo\/image\/\",\"url\":\"https:\/\/dankplugeu.com\/wp-content\/uploads\/2021\/04\/dankplugeu-logo.png\",\"contentUrl\":\"https:\/\/dankplugeu.com\/wp-content\/uploads\/2021\/04\/dankplugeu-logo.png\",\"width\":864,\"height\":216,\"caption\":\"DankPlugEU\"},\"image\":{\"@id\":\"https:\/\/dankplugeu.com\/#\/schema\/logo\/image\/\"}}]}<\/script>\n<!-- \/ Yoast SEO plugin. -->","yoast_head_json":{"title":"Buy Caduceus Afghani Hash Weed Strain UK Online | DankPlugEU","description":"Buy Caduceus Afghani hash weed strain UK online from DankPlugEU, supplying premium hash selections. Caduceus Afghani hash weed strain UK for sale with rich aroma and classic resin quality.","robots":{"index":"index","follow":"follow","max-snippet":"max-snippet:-1","max-image-preview":"max-image-preview:large","max-video-preview":"max-video-preview:-1"},"canonical":"https:\/\/dankplugeu.com\/hu\/termek\/vasarolni-caduceus-afgan-hasis-fu-torzs-uk\/","og_locale":"hu_HU","og_type":"article","og_title":"Buy Caduceus Afghani Hash Weed Strain UK Online | DankPlugEU","og_description":"Buy Caduceus Afghani hash weed strain UK online from DankPlugEU, supplying premium hash selections. Caduceus Afghani hash weed strain UK for sale with rich aroma and classic resin quality.","og_url":"https:\/\/dankplugeu.com\/hu\/termek\/vasarolni-caduceus-afgan-hasis-fu-torzs-uk\/","og_site_name":"DankPlugEU","article_modified_time":"2026-04-08T11:01:32+00:00","og_image":[{"width":600,"height":600,"url":"https:\/\/dankplugeu.com\/wp-content\/uploads\/2021\/04\/caduceus-afghani-hash.jpg","type":"image\/jpeg"}],"twitter_card":"summary_large_image","twitter_misc":{"Becs\u00fclt olvas\u00e1si id\u0151":"3 perc"},"schema":{"@context":"https:\/\/schema.org","@graph":[{"@type":"WebPage","@id":"https:\/\/dankplugeu.com\/product\/buy-caduceus-afghani-hash-weed-strain-uk\/","url":"https:\/\/dankplugeu.com\/product\/buy-caduceus-afghani-hash-weed-strain-uk\/","name":"Buy Caduceus Afghani Hash Weed Strain UK Online | DankPlugEU","isPartOf":{"@id":"https:\/\/dankplugeu.com\/#website"},"primaryImageOfPage":{"@id":"https:\/\/dankplugeu.com\/product\/buy-caduceus-afghani-hash-weed-strain-uk\/#primaryimage"},"image":{"@id":"https:\/\/dankplugeu.com\/product\/buy-caduceus-afghani-hash-weed-strain-uk\/#primaryimage"},"thumbnailUrl":"https:\/\/dankplugeu.com\/wp-content\/uploads\/2021\/04\/caduceus-afghani-hash.jpg","datePublished":"2021-04-13T11:50:48+00:00","dateModified":"2026-04-08T11:01:32+00:00","description":"Buy Caduceus Afghani hash weed strain UK online from DankPlugEU, supplying premium hash selections. Caduceus Afghani hash weed strain UK for sale with rich aroma and classic resin quality.","breadcrumb":{"@id":"https:\/\/dankplugeu.com\/product\/buy-caduceus-afghani-hash-weed-strain-uk\/#breadcrumb"},"inLanguage":"hu","potentialAction":[{"@type":"ReadAction","target":["https:\/\/dankplugeu.com\/product\/buy-caduceus-afghani-hash-weed-strain-uk\/"]}]},{"@type":"ImageObject","inLanguage":"hu","@id":"https:\/\/dankplugeu.com\/product\/buy-caduceus-afghani-hash-weed-strain-uk\/#primaryimage","url":"https:\/\/dankplugeu.com\/wp-content\/uploads\/2021\/04\/caduceus-afghani-hash.jpg","contentUrl":"https:\/\/dankplugeu.com\/wp-content\/uploads\/2021\/04\/caduceus-afghani-hash.jpg","width":600,"height":600,"caption":"Caduceus Afghani Hash Online UK"},{"@type":"BreadcrumbList","@id":"https:\/\/dankplugeu.com\/product\/buy-caduceus-afghani-hash-weed-strain-uk\/#breadcrumb","itemListElement":[{"@type":"ListItem","position":1,"name":"Home","item":"https:\/\/dankplugeu.com\/"},{"@type":"ListItem","position":2,"name":"Order Weed Online UK","item":"https:\/\/dankplugeu.com\/shop\/"},{"@type":"ListItem","position":3,"name":"Buy Caduceus Afghani Hash Weed Strain UK"}]},{"@type":"WebSite","@id":"https:\/\/dankplugeu.com\/#website","url":"https:\/\/dankplugeu.com\/","name":"DankPlugEU","description":"Order Weed online","publisher":{"@id":"https:\/\/dankplugeu.com\/#organization"},"potentialAction":[{"@type":"SearchAction","target":{"@type":"EntryPoint","urlTemplate":"https:\/\/dankplugeu.com\/?s={search_term_string}"},"query-input":{"@type":"PropertyValueSpecification","valueRequired":true,"valueName":"search_term_string"}}],"inLanguage":"hu"},{"@type":"Organization","@id":"https:\/\/dankplugeu.com\/#organization","name":"DankPlugEU","url":"https:\/\/dankplugeu.com\/","logo":{"@type":"ImageObject","inLanguage":"hu","@id":"https:\/\/dankplugeu.com\/#\/schema\/logo\/image\/","url":"https:\/\/dankplugeu.com\/wp-content\/uploads\/2021\/04\/dankplugeu-logo.png","contentUrl":"https:\/\/dankplugeu.com\/wp-content\/uploads\/2021\/04\/dankplugeu-logo.png","width":864,"height":216,"caption":"DankPlugEU"},"image":{"@id":"https:\/\/dankplugeu.com\/#\/schema\/logo\/image\/"}}]}},"_links":{"self":[{"href":"https:\/\/dankplugeu.com\/hu\/wp-json\/wp\/v2\/product\/18125","targetHints":{"allow":["GET"]}}],"collection":[{"href":"https:\/\/dankplugeu.com\/hu\/wp-json\/wp\/v2\/product"}],"about":[{"href":"https:\/\/dankplugeu.com\/hu\/wp-json\/wp\/v2\/types\/product"}],"replies":[{"embeddable":true,"href":"https:\/\/dankplugeu.com\/hu\/wp-json\/wp\/v2\/comments?post=18125"}],"wp:featuredmedia":[{"embeddable":true,"href":"https:\/\/dankplugeu.com\/hu\/wp-json\/wp\/v2\/media\/18174"}],"wp:attachment":[{"href":"https:\/\/dankplugeu.com\/hu\/wp-json\/wp\/v2\/media?parent=18125"}],"wp:term":[{"taxonomy":"product_cat","embeddable":true,"href":"https:\/\/dankplugeu.com\/hu\/wp-json\/wp\/v2\/product_cat?post=18125"},{"taxonomy":"product_tag","embeddable":true,"href":"https:\/\/dankplugeu.com\/hu\/wp-json\/wp\/v2\/product_tag?post=18125"}],"curies":[{"name":"wp","href":"https:\/\/api.w.org\/{rel}","templated":true}]}}