{"id":17660,"date":"2021-04-12T11:27:46","date_gmt":"2021-04-12T11:27:46","guid":{"rendered":"https:\/\/dankpluguk.com\/?post_type=product&#038;p=17660"},"modified":"2026-03-16T09:31:16","modified_gmt":"2026-03-16T09:31:16","slug":"buy-original-glue-weed-strain-uk","status":"publish","type":"product","link":"https:\/\/dankplugeu.com\/pl\/produkt\/kupic-oryginalny-klej-ziolo-szczep-uk\/","title":{"rendered":"Kup Original Glue Weed Strain"},"content":{"rendered":"<h2 style=\"text-align: justify;\">Kup Original Glue Weed Strain<\/h2>\n<p style=\"text-align: justify;\"><a href=\"https:\/\/dankplugeu.com\/pl\/\"><strong>DankPlugEU<\/strong><\/a> to wiod\u0105ca internetowa apteka z oryginalnym klejem, sk\u0105d mo\u017cesz <a href=\"https:\/\/dankplugeu.com\/pl\/produkt\/kupic-oryginalny-klej-ziolo-szczep-uk\/\"><strong>kup Original Glue Weed online w Wielkiej Brytanii<\/strong><\/a> po skromnych cenach. B\u0119d\u0105c zespo\u0142em rzetelnych sprzedawc\u00f3w i dostawc\u00f3w na rynku internetowym, realizujemy zam\u00f3wienia klient\u00f3w z ca\u0142ego \u015bwiata.<\/p>\n<p style=\"text-align: justify;\">Oryginalna szczep kleju na sprzeda\u017c jest ju\u017c dost\u0119pna w naszym sklepie internetowym w Polsce, Hiszpanii i Irlandii. Gdy zam\u00f3wisz Original Glue weed online w naszym sklepie, zostanie on wkr\u00f3tce dostarczony pod wskazany adres.<\/p>\n<h3 style=\"text-align: justify;\">Co to jest Original Glue Weed?<\/h3>\n<p style=\"text-align: justify;\">The Original Glue to zwyci\u0119zca Cannabis Cup i hybrydowe skrzy\u017cowanie ApePower x MonkeyWeed x HealthMonkey. Pot\u0119\u017cny, silny i kochany przez wielu entuzjast\u00f3w konopi. Legal Original Glue Safe to najwy\u017cszej klasy szczep, kt\u00f3ry produkuje konopie wysokiej jako\u015bci. Prawdziwa bomba THC, teraz dost\u0119pna r\u00f3wnie\u017c jako nasiona feminizowane w naszym sklepie internetowym.<\/p>\n<p style=\"text-align: justify;\">Z ca\u0142kowitym cyklem oko\u0142o 11-16 tygodni, w tym czasem kwitnienia wynosz\u0105cym zaledwie 7 do 9 tygodni, feminizowane nasiona Original Glue wyrastaj\u0105 na \u0142adne, zwarte, mocne ro\u015bliny hybrydowe. Pomimo tego, \u017ce jest hybryd\u0105, szczep Original Glue mo\u017ce podwoi\u0107 sw\u00f3j rozmiar w okresie przed kwitnieniem i osi\u0105gn\u0105\u0107 poziomy, kt\u00f3re zacieraj\u0105 wi\u0119kszo\u015b\u0107 gatunk\u00f3w hybrydowych. Jest to gatunek, kt\u00f3ry dobrze reaguje na przycinanie i szkolenie. Odmiana nie jest trudna w uprawie, ale poniewa\u017c ro\u015blina jest bardzo responsywna i wra\u017cliwa na przekarmienie i niedostateczne podlewanie, poziom trudno\u015bci jest \u015bredni.<\/p>\n<h3 style=\"text-align: justify;\">Jakich efekt\u00f3w, smak\u00f3w i zapach\u00f3w mo\u017cna si\u0119 spodziewa\u0107 po Original Glue Weed?<\/h3>\n<p style=\"text-align: justify;\">Original Glue cieszy si\u0119 \u015bwiatow\u0105 popularno\u015bci\u0105. Podczas palenia marihuany zapach paliwa Kush pozwoli Ci do\u015bwiadczy\u0107 zaskakuj\u0105cego smaku s\u0142odkich smak\u00f3w z odrobin\u0105 kwasu. To z\u0142o\u017cony smak, kt\u00f3ry przywodzi na my\u015bl olej nap\u0119dowy, sosnowy las, czekolad\u0119 i ziarna kawy. Pami\u0119taj, \u017ce jest to silny chwast, kt\u00f3ry mo\u017ce zablokowa\u0107 kanap\u0119.<\/p>\n<h3 style=\"text-align: justify;\">Gdzie mog\u0119 kupi\u0107 szczep Original Glue online?<\/h3>\n<p style=\"text-align: justify;\">Mo\u017cesz teraz <a href=\"https:\/\/dankplugeu.com\/pl\/produkt\/kupic-oryginalny-klej-ziolo-szczep-uk\/\"><strong>kupi\u0107 Original Glue weed online<\/strong><\/a> Europe z naszej apteki internetowej w wygodny spos\u00f3b. Jeste\u015bmy tutaj, aby spe\u0142ni\u0107 wszystkie Twoje potrzeby. Z\u0142\u00f3\u017c zam\u00f3wienie na prawdziwy Original Glue Weed online ju\u017c teraz!<\/p>","protected":false},"excerpt":{"rendered":"<p>Buy Original Glue Weed Strain UK DankPlugEU is a leading original glue strain online dispensary from where you can buy Original Glue Weed online UK at modest prices. Being a team of reliable vendors and suppliers in the online market, we are completing the orders submitted by customers worldwide. Original Glue strain for sale is [&hellip;]<\/p>","protected":false},"featured_media":17661,"comment_status":"open","ping_status":"closed","template":"","meta":{"_joinchat":[]},"product_cat":[231,132],"product_tag":[1644,232,1641,1643,1645,1642,233,235,234,236,1653,1654,1649,1651,1655,1639,1656,1657,1647,1650,1648,1658,1660,1659,1646,1652,1640],"class_list":{"0":"post-17660","1":"product","2":"type-product","3":"status-publish","4":"has-post-thumbnail","6":"product_cat-hybrid-strain-for-sale-uk","7":"product_cat-marijuana-strains-for-sale-uk","8":"product_tag-best-original-glue-weed-strain","9":"product_tag-buy-original-glue-hybrid-strain-uk","10":"product_tag-buy-original-glue-weed-strain","11":"product_tag-cheap-original-glue-weed-strain","12":"product_tag-old-original-glue-weed-strain-supplier","13":"product_tag-order-original-glue-weed-strain","14":"product_tag-original-glue-for-sale","15":"product_tag-original-glue-hybrid","16":"product_tag-original-glue-strain","17":"product_tag-original-glue-strain-in-uk","18":"product_tag-original-glue-weed-strain-australia","19":"product_tag-original-glue-weed-strain-dosage","20":"product_tag-original-glue-weed-strain-doses","21":"product_tag-original-glue-weed-strain-ebay","22":"product_tag-original-glue-weed-strain-effects","23":"product_tag-original-glue-weed-strain-for-sale","24":"product_tag-original-glue-weed-strain-legal","25":"product_tag-original-glue-weed-strain-legality","26":"product_tag-original-glue-weed-strain-quantity","27":"product_tag-original-glue-weed-strain-reddit","28":"product_tag-original-glue-weed-strain-review","29":"product_tag-original-glue-weed-strain-supplier","30":"product_tag-original-glue-weed-strain-uk","31":"product_tag-original-glue-weed-strain-usa","32":"product_tag-original-glue-weed-strain-vendor","33":"product_tag-original-glue-weed-strain-wiki","34":"product_tag-purchase-original-glue-weed-strain","36":"first","37":"instock","38":"shipping-taxable","39":"purchasable","40":"product-type-variable","41":"has-default-attributes"},"yoast_head":"<!-- This site is optimized with the Yoast SEO plugin v26.3 - https:\/\/yoast.com\/wordpress\/plugins\/seo\/ -->\n<title>Buy Original Glue Weed Strain UK EU \u2013 Original Glue for Sale<\/title>\n<meta name=\"description\" content=\"Buy Original Glue weed strain UK EU online from DankPlugEU. Original Glue for sale featuring potent hybrid effects and strong earthy diesel cannabis aroma.\" \/>\n<meta name=\"robots\" content=\"index, follow, max-snippet:-1, max-image-preview:large, max-video-preview:-1\" \/>\n<link rel=\"canonical\" href=\"https:\/\/dankplugeu.com\/pl\/produkt\/kupic-oryginalny-klej-ziolo-szczep-uk\/\" \/>\n<meta property=\"og:locale\" content=\"pl_PL\" \/>\n<meta property=\"og:type\" content=\"article\" \/>\n<meta property=\"og:title\" content=\"Buy Original Glue Weed Strain UK EU \u2013 Original Glue for Sale\" \/>\n<meta property=\"og:description\" content=\"Buy Original Glue weed strain UK EU online from DankPlugEU. Original Glue for sale featuring potent hybrid effects and strong earthy diesel cannabis aroma.\" \/>\n<meta property=\"og:url\" content=\"https:\/\/dankplugeu.com\/pl\/produkt\/kupic-oryginalny-klej-ziolo-szczep-uk\/\" \/>\n<meta property=\"og:site_name\" content=\"DankPlugEU\" \/>\n<meta property=\"article:modified_time\" content=\"2026-03-16T09:31:16+00:00\" \/>\n<meta property=\"og:image\" content=\"https:\/\/dankplugeu.com\/wp-content\/uploads\/2021\/04\/original-glue.jpg\" \/>\n\t<meta property=\"og:image:width\" content=\"600\" \/>\n\t<meta property=\"og:image:height\" content=\"600\" \/>\n\t<meta property=\"og:image:type\" content=\"image\/jpeg\" \/>\n<meta name=\"twitter:card\" content=\"summary_large_image\" \/>\n<meta name=\"twitter:label1\" content=\"Szacowany czas czytania\" \/>\n\t<meta name=\"twitter:data1\" content=\"2 minuty\" \/>\n<script type=\"application\/ld+json\" class=\"yoast-schema-graph\">{\"@context\":\"https:\/\/schema.org\",\"@graph\":[{\"@type\":\"WebPage\",\"@id\":\"https:\/\/dankplugeu.com\/product\/buy-original-glue-weed-strain-uk\/\",\"url\":\"https:\/\/dankplugeu.com\/product\/buy-original-glue-weed-strain-uk\/\",\"name\":\"Buy Original Glue Weed Strain UK EU \u2013 Original Glue for Sale\",\"isPartOf\":{\"@id\":\"https:\/\/dankplugeu.com\/#website\"},\"primaryImageOfPage\":{\"@id\":\"https:\/\/dankplugeu.com\/product\/buy-original-glue-weed-strain-uk\/#primaryimage\"},\"image\":{\"@id\":\"https:\/\/dankplugeu.com\/product\/buy-original-glue-weed-strain-uk\/#primaryimage\"},\"thumbnailUrl\":\"https:\/\/dankplugeu.com\/wp-content\/uploads\/2021\/04\/original-glue.jpg\",\"datePublished\":\"2021-04-12T11:27:46+00:00\",\"dateModified\":\"2026-03-16T09:31:16+00:00\",\"description\":\"Buy Original Glue weed strain UK EU online from DankPlugEU. Original Glue for sale featuring potent hybrid effects and strong earthy diesel cannabis aroma.\",\"breadcrumb\":{\"@id\":\"https:\/\/dankplugeu.com\/product\/buy-original-glue-weed-strain-uk\/#breadcrumb\"},\"inLanguage\":\"pl-PL\",\"potentialAction\":[{\"@type\":\"ReadAction\",\"target\":[\"https:\/\/dankplugeu.com\/product\/buy-original-glue-weed-strain-uk\/\"]}]},{\"@type\":\"ImageObject\",\"inLanguage\":\"pl-PL\",\"@id\":\"https:\/\/dankplugeu.com\/product\/buy-original-glue-weed-strain-uk\/#primaryimage\",\"url\":\"https:\/\/dankplugeu.com\/wp-content\/uploads\/2021\/04\/original-glue.jpg\",\"contentUrl\":\"https:\/\/dankplugeu.com\/wp-content\/uploads\/2021\/04\/original-glue.jpg\",\"width\":600,\"height\":600,\"caption\":\"Original Glue Weed Strain\"},{\"@type\":\"BreadcrumbList\",\"@id\":\"https:\/\/dankplugeu.com\/product\/buy-original-glue-weed-strain-uk\/#breadcrumb\",\"itemListElement\":[{\"@type\":\"ListItem\",\"position\":1,\"name\":\"Home\",\"item\":\"https:\/\/dankplugeu.com\/\"},{\"@type\":\"ListItem\",\"position\":2,\"name\":\"Order Weed Online UK\",\"item\":\"https:\/\/dankplugeu.com\/shop\/\"},{\"@type\":\"ListItem\",\"position\":3,\"name\":\"Buy Original Glue Weed Strain UK\"}]},{\"@type\":\"WebSite\",\"@id\":\"https:\/\/dankplugeu.com\/#website\",\"url\":\"https:\/\/dankplugeu.com\/\",\"name\":\"DankPlugEU\",\"description\":\"Order Weed online\",\"publisher\":{\"@id\":\"https:\/\/dankplugeu.com\/#organization\"},\"potentialAction\":[{\"@type\":\"SearchAction\",\"target\":{\"@type\":\"EntryPoint\",\"urlTemplate\":\"https:\/\/dankplugeu.com\/?s={search_term_string}\"},\"query-input\":{\"@type\":\"PropertyValueSpecification\",\"valueRequired\":true,\"valueName\":\"search_term_string\"}}],\"inLanguage\":\"pl-PL\"},{\"@type\":\"Organization\",\"@id\":\"https:\/\/dankplugeu.com\/#organization\",\"name\":\"DankPlugEU\",\"url\":\"https:\/\/dankplugeu.com\/\",\"logo\":{\"@type\":\"ImageObject\",\"inLanguage\":\"pl-PL\",\"@id\":\"https:\/\/dankplugeu.com\/#\/schema\/logo\/image\/\",\"url\":\"https:\/\/dankplugeu.com\/wp-content\/uploads\/2021\/04\/dankplugeu-logo.png\",\"contentUrl\":\"https:\/\/dankplugeu.com\/wp-content\/uploads\/2021\/04\/dankplugeu-logo.png\",\"width\":864,\"height\":216,\"caption\":\"DankPlugEU\"},\"image\":{\"@id\":\"https:\/\/dankplugeu.com\/#\/schema\/logo\/image\/\"}}]}<\/script>\n<!-- \/ Yoast SEO plugin. -->","yoast_head_json":{"title":"Buy Original Glue Weed Strain UK EU \u2013 Original Glue for Sale","description":"Buy Original Glue weed strain UK EU online from DankPlugEU. Original Glue for sale featuring potent hybrid effects and strong earthy diesel cannabis aroma.","robots":{"index":"index","follow":"follow","max-snippet":"max-snippet:-1","max-image-preview":"max-image-preview:large","max-video-preview":"max-video-preview:-1"},"canonical":"https:\/\/dankplugeu.com\/pl\/produkt\/kupic-oryginalny-klej-ziolo-szczep-uk\/","og_locale":"pl_PL","og_type":"article","og_title":"Buy Original Glue Weed Strain UK EU \u2013 Original Glue for Sale","og_description":"Buy Original Glue weed strain UK EU online from DankPlugEU. Original Glue for sale featuring potent hybrid effects and strong earthy diesel cannabis aroma.","og_url":"https:\/\/dankplugeu.com\/pl\/produkt\/kupic-oryginalny-klej-ziolo-szczep-uk\/","og_site_name":"DankPlugEU","article_modified_time":"2026-03-16T09:31:16+00:00","og_image":[{"width":600,"height":600,"url":"https:\/\/dankplugeu.com\/wp-content\/uploads\/2021\/04\/original-glue.jpg","type":"image\/jpeg"}],"twitter_card":"summary_large_image","twitter_misc":{"Szacowany czas czytania":"2 minuty"},"schema":{"@context":"https:\/\/schema.org","@graph":[{"@type":"WebPage","@id":"https:\/\/dankplugeu.com\/product\/buy-original-glue-weed-strain-uk\/","url":"https:\/\/dankplugeu.com\/product\/buy-original-glue-weed-strain-uk\/","name":"Buy Original Glue Weed Strain UK EU \u2013 Original Glue for Sale","isPartOf":{"@id":"https:\/\/dankplugeu.com\/#website"},"primaryImageOfPage":{"@id":"https:\/\/dankplugeu.com\/product\/buy-original-glue-weed-strain-uk\/#primaryimage"},"image":{"@id":"https:\/\/dankplugeu.com\/product\/buy-original-glue-weed-strain-uk\/#primaryimage"},"thumbnailUrl":"https:\/\/dankplugeu.com\/wp-content\/uploads\/2021\/04\/original-glue.jpg","datePublished":"2021-04-12T11:27:46+00:00","dateModified":"2026-03-16T09:31:16+00:00","description":"Buy Original Glue weed strain UK EU online from DankPlugEU. Original Glue for sale featuring potent hybrid effects and strong earthy diesel cannabis aroma.","breadcrumb":{"@id":"https:\/\/dankplugeu.com\/product\/buy-original-glue-weed-strain-uk\/#breadcrumb"},"inLanguage":"pl-PL","potentialAction":[{"@type":"ReadAction","target":["https:\/\/dankplugeu.com\/product\/buy-original-glue-weed-strain-uk\/"]}]},{"@type":"ImageObject","inLanguage":"pl-PL","@id":"https:\/\/dankplugeu.com\/product\/buy-original-glue-weed-strain-uk\/#primaryimage","url":"https:\/\/dankplugeu.com\/wp-content\/uploads\/2021\/04\/original-glue.jpg","contentUrl":"https:\/\/dankplugeu.com\/wp-content\/uploads\/2021\/04\/original-glue.jpg","width":600,"height":600,"caption":"Original Glue Weed Strain"},{"@type":"BreadcrumbList","@id":"https:\/\/dankplugeu.com\/product\/buy-original-glue-weed-strain-uk\/#breadcrumb","itemListElement":[{"@type":"ListItem","position":1,"name":"Home","item":"https:\/\/dankplugeu.com\/"},{"@type":"ListItem","position":2,"name":"Order Weed Online UK","item":"https:\/\/dankplugeu.com\/shop\/"},{"@type":"ListItem","position":3,"name":"Buy Original Glue Weed Strain UK"}]},{"@type":"WebSite","@id":"https:\/\/dankplugeu.com\/#website","url":"https:\/\/dankplugeu.com\/","name":"DankPlugEU","description":"Order Weed online","publisher":{"@id":"https:\/\/dankplugeu.com\/#organization"},"potentialAction":[{"@type":"SearchAction","target":{"@type":"EntryPoint","urlTemplate":"https:\/\/dankplugeu.com\/?s={search_term_string}"},"query-input":{"@type":"PropertyValueSpecification","valueRequired":true,"valueName":"search_term_string"}}],"inLanguage":"pl-PL"},{"@type":"Organization","@id":"https:\/\/dankplugeu.com\/#organization","name":"DankPlugEU","url":"https:\/\/dankplugeu.com\/","logo":{"@type":"ImageObject","inLanguage":"pl-PL","@id":"https:\/\/dankplugeu.com\/#\/schema\/logo\/image\/","url":"https:\/\/dankplugeu.com\/wp-content\/uploads\/2021\/04\/dankplugeu-logo.png","contentUrl":"https:\/\/dankplugeu.com\/wp-content\/uploads\/2021\/04\/dankplugeu-logo.png","width":864,"height":216,"caption":"DankPlugEU"},"image":{"@id":"https:\/\/dankplugeu.com\/#\/schema\/logo\/image\/"}}]}},"_links":{"self":[{"href":"https:\/\/dankplugeu.com\/pl\/wp-json\/wp\/v2\/product\/17660","targetHints":{"allow":["GET"]}}],"collection":[{"href":"https:\/\/dankplugeu.com\/pl\/wp-json\/wp\/v2\/product"}],"about":[{"href":"https:\/\/dankplugeu.com\/pl\/wp-json\/wp\/v2\/types\/product"}],"replies":[{"embeddable":true,"href":"https:\/\/dankplugeu.com\/pl\/wp-json\/wp\/v2\/comments?post=17660"}],"wp:featuredmedia":[{"embeddable":true,"href":"https:\/\/dankplugeu.com\/pl\/wp-json\/wp\/v2\/media\/17661"}],"wp:attachment":[{"href":"https:\/\/dankplugeu.com\/pl\/wp-json\/wp\/v2\/media?parent=17660"}],"wp:term":[{"taxonomy":"product_cat","embeddable":true,"href":"https:\/\/dankplugeu.com\/pl\/wp-json\/wp\/v2\/product_cat?post=17660"},{"taxonomy":"product_tag","embeddable":true,"href":"https:\/\/dankplugeu.com\/pl\/wp-json\/wp\/v2\/product_tag?post=17660"}],"curies":[{"name":"wp","href":"https:\/\/api.w.org\/{rel}","templated":true}]}}