{"id":18050,"date":"2021-04-13T09:21:02","date_gmt":"2021-04-13T09:21:02","guid":{"rendered":"https:\/\/dankpluguk.com\/?page_id=18050"},"modified":"2021-04-13T09:21:02","modified_gmt":"2021-04-13T09:21:02","slug":"payment-methods","status":"publish","type":"page","link":"https:\/\/dankplugeu.com\/pt\/metodos-de-pagamento\/","title":{"rendered":"Formas de pagamento"},"content":{"rendered":"<div  class=\"vc_row wpb_row vc_row-fluid vc_column-gap-default ts-row-wide\"  ><div class=\"wpb_column vc_column_container vc_col-sm-12\">\n\t<div class=\"wpb_wrapper\">\n\t\n\t<div class=\"wpb_text_column wpb_content_element\" >\n\t\t<div class=\"wpb_wrapper\">\n\t\t\t<p style=\"text-align: justify;\"><strong>Transfer\u00eancia banc\u00e1ria<\/strong><\/p>\n<p style=\"text-align: justify;\">Os pagamentos por transfer\u00eancia banc\u00e1ria s\u00e3o principalmente se n\u00e3o puder utilizar qualquer outro m\u00e9todo de pagamento porque n\u00e3o s\u00e3o instant\u00e2neos e levam at\u00e9 24 horas para transfer\u00eancia local (dentro dos EUA), e at\u00e9 72 horas (3 dias) para transfer\u00eancias internacionais excluindo os fins de semana.<\/p>\n<h4 style=\"text-align: justify;\"><strong>Como pagar atrav\u00e9s de transfer\u00eancia banc\u00e1ria<\/strong><\/h4>\n<p style=\"text-align: justify;\">As transfer\u00eancias banc\u00e1rias significam simplesmente uma transfer\u00eancia banc\u00e1ria do seu banco para a nossa conta banc\u00e1ria (Wells Fargo). Se seleccionar pagamento por transfer\u00eancia banc\u00e1ria na p\u00e1gina de checkout, ent\u00e3o a nossa informa\u00e7\u00e3o de conta banc\u00e1ria aparecer\u00e1 na p\u00e1gina seguinte. Tudo o que precisa de fazer \u00e9 copiar a informa\u00e7\u00e3o, entrar na sua conta banc\u00e1ria online ou ir pessoalmente ao seu banco e transferir os fundos para a informa\u00e7\u00e3o que possui e, quando o fizer, enviar-nos uma captura de ecr\u00e3 da transac\u00e7\u00e3o para o nosso e-mail de servi\u00e7o que \u00e9\u00a0<strong>contact@dankplugeu.com<\/strong>\u00a0com o assunto do seu e-mail sendo o seu n\u00famero de encomenda<\/p>\n<h4 style=\"text-align: justify;\"><strong>Bitcoin<\/strong><\/h4>\n<p style=\"text-align: justify;\">Para os amantes do mundo da moeda criptogr\u00e1fica, oferecemos-lhe a possibilidade de pagar atrav\u00e9s da moeda criptogr\u00e1fica mais popular e mais segura. No entanto, note que as Bitcoins n\u00e3o s\u00e3o amig\u00e1veis \u00e0 primeira vez, portanto, se ainda n\u00e3o tem uma conta Bitcoin e\/ou Bitcoins, ent\u00e3o isto N\u00c3O \u00e9 para si<\/p>\n<h4 style=\"text-align: justify;\"><strong>Como Pagar Atrav\u00e9s de Moedas Bitcoins<\/strong><\/h4>\n<p style=\"text-align: justify;\">O Bitcoins \u00e9 o m\u00e9todo de pagamento online mais seguro, uma vez que \u00e9 indetect\u00e1vel e n\u00e3o regulamentado por nenhuma autoridade banc\u00e1ria. No entanto, se tiver uma conta Bitcoin e\/ou Bitcoins ent\u00e3o j\u00e1 sabe como enviar pagamentos, pelo que tudo o que precisar\u00e1 ser\u00e1 o nosso endere\u00e7o de carteira Bitcoins que aparecer\u00e1 no ecr\u00e3 ap\u00f3s a p\u00e1gina de checkout se seleccionar Pagamento Bitcoins na p\u00e1gina de checkout. No entanto, se ainda n\u00e3o tem uma conta e gostaria de pagar com a bitcoin para obter o nosso\u00a0<strong>Desconto 20%<\/strong>\u00a0siga os passos abaixo.<\/p>\n<blockquote>\n<p style=\"text-align: justify;\">Nota: Bitcoin n\u00e3o \u00e9 amig\u00e1vel \u00e0 primeira vez, por isso, se n\u00e3o o tiver utilizado antes, recomendamos vivamente que utilize outros m\u00e9todos de pagamento simples como a Transfer\u00eancia Banc\u00e1ria.<\/p>\n<\/blockquote>\n\n\t\t<\/div>\n\t<\/div>\n\t<\/div>\n<\/div><\/div>","protected":false},"excerpt":{"rendered":"Bank Transfer Bank transfer payments are mainly if you can not use any other method of payment because they are not instant and take up to 24 hours for local transfer (within the USA), and up to 72 hours (3 days) for international transfers excluding the weekends. How To Pay Through Bank Transfer Bank transfers [...]","protected":false},"author":1,"featured_media":0,"parent":0,"menu_order":0,"comment_status":"closed","ping_status":"closed","template":"","meta":{"_joinchat":[],"footnotes":""},"class_list":["post-18050","page","type-page","status-publish","hentry"],"yoast_head":"<!-- This site is optimized with the Yoast SEO plugin v26.3 - https:\/\/yoast.com\/wordpress\/plugins\/seo\/ -->\n<title>Payment Methods - DankPlugEU<\/title>\n<meta name=\"robots\" content=\"index, follow, max-snippet:-1, max-image-preview:large, max-video-preview:-1\" \/>\n<link rel=\"canonical\" href=\"https:\/\/dankplugeu.com\/pt\/metodos-de-pagamento\/\" \/>\n<meta property=\"og:locale\" content=\"pt_PT\" \/>\n<meta property=\"og:type\" content=\"article\" \/>\n<meta property=\"og:title\" content=\"Payment Methods - DankPlugEU\" \/>\n<meta property=\"og:url\" content=\"https:\/\/dankplugeu.com\/pt\/metodos-de-pagamento\/\" \/>\n<meta property=\"og:site_name\" content=\"DankPlugEU\" \/>\n<meta name=\"twitter:card\" content=\"summary_large_image\" \/>\n<meta name=\"twitter:label1\" content=\"Tempo estimado de leitura\" \/>\n\t<meta name=\"twitter:data1\" content=\"2 minutos\" \/>\n<script type=\"application\/ld+json\" class=\"yoast-schema-graph\">{\"@context\":\"https:\/\/schema.org\",\"@graph\":[{\"@type\":\"WebPage\",\"@id\":\"https:\/\/dankplugeu.com\/payment-methods\/\",\"url\":\"https:\/\/dankplugeu.com\/payment-methods\/\",\"name\":\"Payment Methods - DankPlugEU\",\"isPartOf\":{\"@id\":\"https:\/\/dankplugeu.com\/#website\"},\"datePublished\":\"2021-04-13T09:21:02+00:00\",\"breadcrumb\":{\"@id\":\"https:\/\/dankplugeu.com\/payment-methods\/#breadcrumb\"},\"inLanguage\":\"pt-PT\",\"potentialAction\":[{\"@type\":\"ReadAction\",\"target\":[\"https:\/\/dankplugeu.com\/payment-methods\/\"]}]},{\"@type\":\"BreadcrumbList\",\"@id\":\"https:\/\/dankplugeu.com\/payment-methods\/#breadcrumb\",\"itemListElement\":[{\"@type\":\"ListItem\",\"position\":1,\"name\":\"Home\",\"item\":\"https:\/\/dankplugeu.com\/\"},{\"@type\":\"ListItem\",\"position\":2,\"name\":\"Payment Methods\"}]},{\"@type\":\"WebSite\",\"@id\":\"https:\/\/dankplugeu.com\/#website\",\"url\":\"https:\/\/dankplugeu.com\/\",\"name\":\"DankPlugEU\",\"description\":\"Order Weed online\",\"publisher\":{\"@id\":\"https:\/\/dankplugeu.com\/#organization\"},\"potentialAction\":[{\"@type\":\"SearchAction\",\"target\":{\"@type\":\"EntryPoint\",\"urlTemplate\":\"https:\/\/dankplugeu.com\/?s={search_term_string}\"},\"query-input\":{\"@type\":\"PropertyValueSpecification\",\"valueRequired\":true,\"valueName\":\"search_term_string\"}}],\"inLanguage\":\"pt-PT\"},{\"@type\":\"Organization\",\"@id\":\"https:\/\/dankplugeu.com\/#organization\",\"name\":\"DankPlugEU\",\"url\":\"https:\/\/dankplugeu.com\/\",\"logo\":{\"@type\":\"ImageObject\",\"inLanguage\":\"pt-PT\",\"@id\":\"https:\/\/dankplugeu.com\/#\/schema\/logo\/image\/\",\"url\":\"https:\/\/dankplugeu.com\/wp-content\/uploads\/2021\/04\/dankplugeu-logo.png\",\"contentUrl\":\"https:\/\/dankplugeu.com\/wp-content\/uploads\/2021\/04\/dankplugeu-logo.png\",\"width\":864,\"height\":216,\"caption\":\"DankPlugEU\"},\"image\":{\"@id\":\"https:\/\/dankplugeu.com\/#\/schema\/logo\/image\/\"}}]}<\/script>\n<!-- \/ Yoast SEO plugin. -->","yoast_head_json":{"title":"Payment Methods - DankPlugEU","robots":{"index":"index","follow":"follow","max-snippet":"max-snippet:-1","max-image-preview":"max-image-preview:large","max-video-preview":"max-video-preview:-1"},"canonical":"https:\/\/dankplugeu.com\/pt\/metodos-de-pagamento\/","og_locale":"pt_PT","og_type":"article","og_title":"Payment Methods - DankPlugEU","og_url":"https:\/\/dankplugeu.com\/pt\/metodos-de-pagamento\/","og_site_name":"DankPlugEU","twitter_card":"summary_large_image","twitter_misc":{"Tempo estimado de leitura":"2 minutos"},"schema":{"@context":"https:\/\/schema.org","@graph":[{"@type":"WebPage","@id":"https:\/\/dankplugeu.com\/payment-methods\/","url":"https:\/\/dankplugeu.com\/payment-methods\/","name":"Payment Methods - DankPlugEU","isPartOf":{"@id":"https:\/\/dankplugeu.com\/#website"},"datePublished":"2021-04-13T09:21:02+00:00","breadcrumb":{"@id":"https:\/\/dankplugeu.com\/payment-methods\/#breadcrumb"},"inLanguage":"pt-PT","potentialAction":[{"@type":"ReadAction","target":["https:\/\/dankplugeu.com\/payment-methods\/"]}]},{"@type":"BreadcrumbList","@id":"https:\/\/dankplugeu.com\/payment-methods\/#breadcrumb","itemListElement":[{"@type":"ListItem","position":1,"name":"Home","item":"https:\/\/dankplugeu.com\/"},{"@type":"ListItem","position":2,"name":"Payment Methods"}]},{"@type":"WebSite","@id":"https:\/\/dankplugeu.com\/#website","url":"https:\/\/dankplugeu.com\/","name":"DankPlugEU","description":"Order Weed online","publisher":{"@id":"https:\/\/dankplugeu.com\/#organization"},"potentialAction":[{"@type":"SearchAction","target":{"@type":"EntryPoint","urlTemplate":"https:\/\/dankplugeu.com\/?s={search_term_string}"},"query-input":{"@type":"PropertyValueSpecification","valueRequired":true,"valueName":"search_term_string"}}],"inLanguage":"pt-PT"},{"@type":"Organization","@id":"https:\/\/dankplugeu.com\/#organization","name":"DankPlugEU","url":"https:\/\/dankplugeu.com\/","logo":{"@type":"ImageObject","inLanguage":"pt-PT","@id":"https:\/\/dankplugeu.com\/#\/schema\/logo\/image\/","url":"https:\/\/dankplugeu.com\/wp-content\/uploads\/2021\/04\/dankplugeu-logo.png","contentUrl":"https:\/\/dankplugeu.com\/wp-content\/uploads\/2021\/04\/dankplugeu-logo.png","width":864,"height":216,"caption":"DankPlugEU"},"image":{"@id":"https:\/\/dankplugeu.com\/#\/schema\/logo\/image\/"}}]}},"_links":{"self":[{"href":"https:\/\/dankplugeu.com\/pt\/wp-json\/wp\/v2\/pages\/18050","targetHints":{"allow":["GET"]}}],"collection":[{"href":"https:\/\/dankplugeu.com\/pt\/wp-json\/wp\/v2\/pages"}],"about":[{"href":"https:\/\/dankplugeu.com\/pt\/wp-json\/wp\/v2\/types\/page"}],"author":[{"embeddable":true,"href":"https:\/\/dankplugeu.com\/pt\/wp-json\/wp\/v2\/users\/1"}],"replies":[{"embeddable":true,"href":"https:\/\/dankplugeu.com\/pt\/wp-json\/wp\/v2\/comments?post=18050"}],"version-history":[{"count":1,"href":"https:\/\/dankplugeu.com\/pt\/wp-json\/wp\/v2\/pages\/18050\/revisions"}],"predecessor-version":[{"id":18051,"href":"https:\/\/dankplugeu.com\/pt\/wp-json\/wp\/v2\/pages\/18050\/revisions\/18051"}],"wp:attachment":[{"href":"https:\/\/dankplugeu.com\/pt\/wp-json\/wp\/v2\/media?parent=18050"}],"curies":[{"name":"wp","href":"https:\/\/api.w.org\/{rel}","templated":true}]}}