{"id":17738,"date":"2021-04-12T12:57:41","date_gmt":"2021-04-12T12:57:41","guid":{"rendered":"https:\/\/dankpluguk.com\/?post_type=product&#038;p=17738"},"modified":"2026-03-27T09:11:06","modified_gmt":"2026-03-27T09:11:06","slug":"buy-white-widow-weed-strain-uk","status":"publish","type":"product","link":"https:\/\/dankplugeu.com\/pt\/produto\/comprar-white-widow-weed-strain-uk\/","title":{"rendered":"Comprar White Widow Weed Strain"},"content":{"rendered":"<h2 style=\"text-align: justify;\">Comprar White Widow Weed Strain<\/h2>\n<div class=\"relative basis-auto flex-col -mb-(--composer-overlap-px) [--composer-overlap-px:28px] grow flex\">\n<div class=\"flex flex-col text-sm pb-25\">\n<section class=\"text-token-text-primary w-full focus:outline-none [--shadow-height:45px] has-data-writing-block:pointer-events-none has-data-writing-block:-mt-(--shadow-height) has-data-writing-block:pt-(--shadow-height) [&amp;:has([data-writing-block])&gt;*]:pointer-events-auto scroll-mt-[calc(var(--header-height)+min(200px,max(70px,20svh)))]\" dir=\"auto\" data-turn-id=\"request-69b4f380-d534-8320-8f3a-5301cc612476-7\" data-testid=\"conversation-turn-100\" data-scroll-anchor=\"true\" data-turn=\"assistant\">\n<div class=\"text-base my-auto mx-auto pb-10 [--thread-content-margin:var(--thread-content-margin-xs,calc(var(--spacing)*4))] @w-sm\/main:[--thread-content-margin:var(--thread-content-margin-sm,calc(var(--spacing)*6))] @w-lg\/main:[--thread-content-margin:var(--thread-content-margin-lg,calc(var(--spacing)*16))] px-(--thread-content-margin)\">\n<div class=\"[--thread-content-max-width:40rem] @w-lg\/main:[--thread-content-max-width:48rem] mx-auto max-w-(--thread-content-max-width) flex-1 group\/turn-messages focus-visible:outline-hidden relative flex w-full min-w-0 flex-col agent-turn\">\n<div class=\"flex max-w-full flex-col gap-4 grow\">\n<div class=\"min-h-8 text-message relative flex w-full flex-col items-end gap-2 text-start break-words whitespace-normal outline-none keyboard-focused:focus-ring [.text-message+&amp;]:mt-1\" dir=\"auto\" tabindex=\"0\" data-message-author-role=\"assistant\" data-message-id=\"e8cd7b5b-1ed2-477d-9eb4-c749b969904c\" data-message-model-slug=\"gpt-5-3\" data-turn-start-message=\"true\">\n<div class=\"flex w-full flex-col gap-1 empty:hidden\">\n<div class=\"markdown prose dark:prose-invert w-full wrap-break-word light markdown-new-styling\">\n<p data-start=\"156\" data-end=\"629\">Compre White Widow Weed Strain online no Reino Unido na DankPlugEU, uma loja online de can\u00e1bis de alta qualidade, conhecida pelos seus produtos premium. A DankPlugEU atua neste setor h\u00e1 muito tempo e procura constantemente satisfazer as necessidades dos clientes com produtos de alta qualidade. Pode facilmente <a href=\"https:\/\/dankplugeu.com\/pt\/produto\/comprar-white-widow-weed-strain-uk\/\"><strong data-start=\"451\" data-end=\"489\">Compre online a variedade de can\u00e1bis White Widow.<\/strong><\/a> a pre\u00e7os acess\u00edveis, sem gastar uma fortuna. Oferecemos a estirpe de can\u00e1bis White Widow (UK) para venda, com um servi\u00e7o fi\u00e1vel e entrega segura.<\/p>\n<p data-start=\"631\" data-end=\"988\">Se vive no Reino Unido, Espanha ou Irlanda, \u00e9 simples encomendar a variedade de can\u00e1bis White Widow online a partir de <a href=\"https:\/\/dankplugeu.com\/pt\/\"><strong data-start=\"741\" data-end=\"755\">DankPlugEU<\/strong><\/a>Oferecemos entrega diretamente \u00e0 porta, para que os clientes recebam os seus produtos com seguran\u00e7a e comodidade. Muitos utilizadores que procuram onde comprar a variedade de can\u00e1bis White Widow no Reino Unido escolhem a DankPlugEU devido \u00e0 sua reputa\u00e7\u00e3o fi\u00e1vel e qualidade consistente.<\/p>\n<h3 data-section-id=\"q9n8cl\" data-start=\"990\" data-end=\"1038\">Por que devo comprar ervas daninhas feminizadas White Widow?<\/h3>\n<p data-start=\"1040\" data-end=\"1425\">A White Widow \u00e9 uma variedade altamente consistente e de f\u00e1cil cultivo, adequada a diversas condi\u00e7\u00f5es de cultivo. \u00c9 incrivelmente forte e potente, com a reputa\u00e7\u00e3o de ser uma das variedades de can\u00e1bis mais poderosas alguma vez criadas. Os buds s\u00e3o densos, duros e completamente cobertos por uma espessa camada branca de tricomas, fazendo da White Widow \u2014 dispon\u00edvel para venda \u2014 uma escolha popular entre os entusiastas.<\/p>\n<p data-start=\"1427\" data-end=\"1730\">Se procura a cl\u00e1ssica White Widow dos anos 80 e 90, a DankPlugEU \u00e9 considerada o melhor local para comprar online a variedade de can\u00e1bis White Widow. O seu aroma aut\u00eantico, sabor e efeitos potentes s\u00e3o os motivos pelos quais os clientes continuam a regressar. A White Widow apresenta um aroma picante e amadeirado (pinho), com notas c\u00edtricas e frutadas de fundo. Esta variedade \u00e9 amplamente reconhecida pelos seus potentes brotos, totalmente brancos, que proporcionam uma euforia intensa e duradoura. Em termos de fragr\u00e2ncia e sabor, oferece uma combina\u00e7\u00e3o de notas picantes, amadeiradas e c\u00edtricas, criando uma experi\u00eancia sensorial rica. A qualidade e a pot\u00eancia tamb\u00e9m influenciam o pre\u00e7o da White Widow no Reino Unido, tornando-a uma op\u00e7\u00e3o premium dispon\u00edvel na DankPlugEU.<\/p>\n<h3 data-section-id=\"76mui8\" data-start=\"2102\" data-end=\"2172\">Onde encontrar a melhor loja de can\u00e1bis para comprar a variedade White Widow online?<\/h3>\n<p data-start=\"2174\" data-end=\"2391\">Se pretende comprar a variedade de can\u00e1bis White Widow no Reino Unido, a DankPlugEU \u00e9 uma escolha fi\u00e1vel. Pode encomendar a White Widow facilmente online e receber o seu produto rapidamente, numa embalagem segura e com uma entrega \u00e1gil. Adicione o produto ao carrinho, preencha os seus dados e finalize a sua encomenda atrav\u00e9s da DankPlugEU. Garantimos um processamento sem problemas e um envio r\u00e1pido, facilitando o acesso \u00e0 White Widow dispon\u00edvel para venda no Reino Unido sempre que precisar.<\/p>\n<\/div>\n<\/div>\n<\/div>\n<\/div>\n<\/div>\n<\/div>\n<\/section>\n<\/div>\n<\/div>","protected":false},"excerpt":{"rendered":"<p>Buy White Widow Weed Strain UK Buy White Widow Weed Strain UK online from DankPlugEU, a top-rated online dispensary known for premium cannabis products. DankPlugEU has been operating in this industry for a long time and consistently strives to meet customer requirements with high-quality products. You can easily buy White Widow Weed Strain online at [&hellip;]<\/p>","protected":false},"featured_media":17765,"comment_status":"open","ping_status":"closed","template":"","meta":{"_joinchat":[]},"product_cat":[231,132],"product_tag":[277,278,280,279,281],"class_list":{"0":"post-17738","1":"product","2":"type-product","3":"status-publish","4":"has-post-thumbnail","6":"product_cat-hybrid-strain-for-sale-uk","7":"product_cat-marijuana-strains-for-sale-uk","8":"product_tag-buy-white-widow-strain-uk","9":"product_tag-white-widow-for-sale","10":"product_tag-white-widow-hybrid","11":"product_tag-white-widow-strain","12":"product_tag-white-widow-strain-in-uk","14":"first","15":"instock","16":"shipping-taxable","17":"purchasable","18":"product-type-variable","19":"has-default-attributes"},"yoast_head":"<!-- This site is optimized with the Yoast SEO plugin v26.3 - https:\/\/yoast.com\/wordpress\/plugins\/seo\/ -->\n<title>Buy White Widow Weed Strain UK EU \u2013 White Widow for Sale<\/title>\n<meta name=\"description\" content=\"Buy White Widow weed strain UK EU online from DankPlugEU. White Widow for sale famous for its earthy pine flavor and balanced uplifting cannabis effects.\" \/>\n<meta name=\"robots\" content=\"index, follow, max-snippet:-1, max-image-preview:large, max-video-preview:-1\" \/>\n<link rel=\"canonical\" href=\"https:\/\/dankplugeu.com\/pt\/produto\/comprar-white-widow-weed-strain-uk\/\" \/>\n<meta property=\"og:locale\" content=\"pt_PT\" \/>\n<meta property=\"og:type\" content=\"article\" \/>\n<meta property=\"og:title\" content=\"Buy White Widow Weed Strain UK EU \u2013 White Widow for Sale\" \/>\n<meta property=\"og:description\" content=\"Buy White Widow weed strain UK EU online from DankPlugEU. White Widow for sale famous for its earthy pine flavor and balanced uplifting cannabis effects.\" \/>\n<meta property=\"og:url\" content=\"https:\/\/dankplugeu.com\/pt\/produto\/comprar-white-widow-weed-strain-uk\/\" \/>\n<meta property=\"og:site_name\" content=\"DankPlugEU\" \/>\n<meta property=\"article:modified_time\" content=\"2026-03-27T09:11:06+00:00\" \/>\n<meta property=\"og:image\" content=\"https:\/\/dankplugeu.com\/wp-content\/uploads\/2021\/04\/white-widow.jpg\" \/>\n\t<meta property=\"og:image:width\" content=\"600\" \/>\n\t<meta property=\"og:image:height\" content=\"600\" \/>\n\t<meta property=\"og:image:type\" content=\"image\/jpeg\" \/>\n<meta name=\"twitter:card\" content=\"summary_large_image\" \/>\n<meta name=\"twitter:label1\" content=\"Tempo estimado de leitura\" \/>\n\t<meta name=\"twitter:data1\" content=\"2 minutos\" \/>\n<script type=\"application\/ld+json\" class=\"yoast-schema-graph\">{\"@context\":\"https:\/\/schema.org\",\"@graph\":[{\"@type\":\"WebPage\",\"@id\":\"https:\/\/dankplugeu.com\/product\/buy-white-widow-weed-strain-uk\/\",\"url\":\"https:\/\/dankplugeu.com\/product\/buy-white-widow-weed-strain-uk\/\",\"name\":\"Buy White Widow Weed Strain UK EU \u2013 White Widow for Sale\",\"isPartOf\":{\"@id\":\"https:\/\/dankplugeu.com\/#website\"},\"primaryImageOfPage\":{\"@id\":\"https:\/\/dankplugeu.com\/product\/buy-white-widow-weed-strain-uk\/#primaryimage\"},\"image\":{\"@id\":\"https:\/\/dankplugeu.com\/product\/buy-white-widow-weed-strain-uk\/#primaryimage\"},\"thumbnailUrl\":\"https:\/\/dankplugeu.com\/wp-content\/uploads\/2021\/04\/white-widow.jpg\",\"datePublished\":\"2021-04-12T12:57:41+00:00\",\"dateModified\":\"2026-03-27T09:11:06+00:00\",\"description\":\"Buy White Widow weed strain UK EU online from DankPlugEU. White Widow for sale famous for its earthy pine flavor and balanced uplifting cannabis effects.\",\"breadcrumb\":{\"@id\":\"https:\/\/dankplugeu.com\/product\/buy-white-widow-weed-strain-uk\/#breadcrumb\"},\"inLanguage\":\"pt-PT\",\"potentialAction\":[{\"@type\":\"ReadAction\",\"target\":[\"https:\/\/dankplugeu.com\/product\/buy-white-widow-weed-strain-uk\/\"]}]},{\"@type\":\"ImageObject\",\"inLanguage\":\"pt-PT\",\"@id\":\"https:\/\/dankplugeu.com\/product\/buy-white-widow-weed-strain-uk\/#primaryimage\",\"url\":\"https:\/\/dankplugeu.com\/wp-content\/uploads\/2021\/04\/white-widow.jpg\",\"contentUrl\":\"https:\/\/dankplugeu.com\/wp-content\/uploads\/2021\/04\/white-widow.jpg\",\"width\":600,\"height\":600,\"caption\":\"White Widow Weed for Sale\"},{\"@type\":\"BreadcrumbList\",\"@id\":\"https:\/\/dankplugeu.com\/product\/buy-white-widow-weed-strain-uk\/#breadcrumb\",\"itemListElement\":[{\"@type\":\"ListItem\",\"position\":1,\"name\":\"Home\",\"item\":\"https:\/\/dankplugeu.com\/\"},{\"@type\":\"ListItem\",\"position\":2,\"name\":\"Order Weed Online UK\",\"item\":\"https:\/\/dankplugeu.com\/shop\/\"},{\"@type\":\"ListItem\",\"position\":3,\"name\":\"Buy White Widow Weed Strain UK\"}]},{\"@type\":\"WebSite\",\"@id\":\"https:\/\/dankplugeu.com\/#website\",\"url\":\"https:\/\/dankplugeu.com\/\",\"name\":\"DankPlugEU\",\"description\":\"Order Weed online\",\"publisher\":{\"@id\":\"https:\/\/dankplugeu.com\/#organization\"},\"potentialAction\":[{\"@type\":\"SearchAction\",\"target\":{\"@type\":\"EntryPoint\",\"urlTemplate\":\"https:\/\/dankplugeu.com\/?s={search_term_string}\"},\"query-input\":{\"@type\":\"PropertyValueSpecification\",\"valueRequired\":true,\"valueName\":\"search_term_string\"}}],\"inLanguage\":\"pt-PT\"},{\"@type\":\"Organization\",\"@id\":\"https:\/\/dankplugeu.com\/#organization\",\"name\":\"DankPlugEU\",\"url\":\"https:\/\/dankplugeu.com\/\",\"logo\":{\"@type\":\"ImageObject\",\"inLanguage\":\"pt-PT\",\"@id\":\"https:\/\/dankplugeu.com\/#\/schema\/logo\/image\/\",\"url\":\"https:\/\/dankplugeu.com\/wp-content\/uploads\/2021\/04\/dankplugeu-logo.png\",\"contentUrl\":\"https:\/\/dankplugeu.com\/wp-content\/uploads\/2021\/04\/dankplugeu-logo.png\",\"width\":864,\"height\":216,\"caption\":\"DankPlugEU\"},\"image\":{\"@id\":\"https:\/\/dankplugeu.com\/#\/schema\/logo\/image\/\"}}]}<\/script>\n<!-- \/ Yoast SEO plugin. -->","yoast_head_json":{"title":"Buy White Widow Weed Strain UK EU \u2013 White Widow for Sale","description":"Buy White Widow weed strain UK EU online from DankPlugEU. White Widow for sale famous for its earthy pine flavor and balanced uplifting cannabis effects.","robots":{"index":"index","follow":"follow","max-snippet":"max-snippet:-1","max-image-preview":"max-image-preview:large","max-video-preview":"max-video-preview:-1"},"canonical":"https:\/\/dankplugeu.com\/pt\/produto\/comprar-white-widow-weed-strain-uk\/","og_locale":"pt_PT","og_type":"article","og_title":"Buy White Widow Weed Strain UK EU \u2013 White Widow for Sale","og_description":"Buy White Widow weed strain UK EU online from DankPlugEU. White Widow for sale famous for its earthy pine flavor and balanced uplifting cannabis effects.","og_url":"https:\/\/dankplugeu.com\/pt\/produto\/comprar-white-widow-weed-strain-uk\/","og_site_name":"DankPlugEU","article_modified_time":"2026-03-27T09:11:06+00:00","og_image":[{"width":600,"height":600,"url":"https:\/\/dankplugeu.com\/wp-content\/uploads\/2021\/04\/white-widow.jpg","type":"image\/jpeg"}],"twitter_card":"summary_large_image","twitter_misc":{"Tempo estimado de leitura":"2 minutos"},"schema":{"@context":"https:\/\/schema.org","@graph":[{"@type":"WebPage","@id":"https:\/\/dankplugeu.com\/product\/buy-white-widow-weed-strain-uk\/","url":"https:\/\/dankplugeu.com\/product\/buy-white-widow-weed-strain-uk\/","name":"Buy White Widow Weed Strain UK EU \u2013 White Widow for Sale","isPartOf":{"@id":"https:\/\/dankplugeu.com\/#website"},"primaryImageOfPage":{"@id":"https:\/\/dankplugeu.com\/product\/buy-white-widow-weed-strain-uk\/#primaryimage"},"image":{"@id":"https:\/\/dankplugeu.com\/product\/buy-white-widow-weed-strain-uk\/#primaryimage"},"thumbnailUrl":"https:\/\/dankplugeu.com\/wp-content\/uploads\/2021\/04\/white-widow.jpg","datePublished":"2021-04-12T12:57:41+00:00","dateModified":"2026-03-27T09:11:06+00:00","description":"Buy White Widow weed strain UK EU online from DankPlugEU. White Widow for sale famous for its earthy pine flavor and balanced uplifting cannabis effects.","breadcrumb":{"@id":"https:\/\/dankplugeu.com\/product\/buy-white-widow-weed-strain-uk\/#breadcrumb"},"inLanguage":"pt-PT","potentialAction":[{"@type":"ReadAction","target":["https:\/\/dankplugeu.com\/product\/buy-white-widow-weed-strain-uk\/"]}]},{"@type":"ImageObject","inLanguage":"pt-PT","@id":"https:\/\/dankplugeu.com\/product\/buy-white-widow-weed-strain-uk\/#primaryimage","url":"https:\/\/dankplugeu.com\/wp-content\/uploads\/2021\/04\/white-widow.jpg","contentUrl":"https:\/\/dankplugeu.com\/wp-content\/uploads\/2021\/04\/white-widow.jpg","width":600,"height":600,"caption":"White Widow Weed for Sale"},{"@type":"BreadcrumbList","@id":"https:\/\/dankplugeu.com\/product\/buy-white-widow-weed-strain-uk\/#breadcrumb","itemListElement":[{"@type":"ListItem","position":1,"name":"Home","item":"https:\/\/dankplugeu.com\/"},{"@type":"ListItem","position":2,"name":"Order Weed Online UK","item":"https:\/\/dankplugeu.com\/shop\/"},{"@type":"ListItem","position":3,"name":"Buy White Widow Weed Strain UK"}]},{"@type":"WebSite","@id":"https:\/\/dankplugeu.com\/#website","url":"https:\/\/dankplugeu.com\/","name":"DankPlugEU","description":"Order Weed online","publisher":{"@id":"https:\/\/dankplugeu.com\/#organization"},"potentialAction":[{"@type":"SearchAction","target":{"@type":"EntryPoint","urlTemplate":"https:\/\/dankplugeu.com\/?s={search_term_string}"},"query-input":{"@type":"PropertyValueSpecification","valueRequired":true,"valueName":"search_term_string"}}],"inLanguage":"pt-PT"},{"@type":"Organization","@id":"https:\/\/dankplugeu.com\/#organization","name":"DankPlugEU","url":"https:\/\/dankplugeu.com\/","logo":{"@type":"ImageObject","inLanguage":"pt-PT","@id":"https:\/\/dankplugeu.com\/#\/schema\/logo\/image\/","url":"https:\/\/dankplugeu.com\/wp-content\/uploads\/2021\/04\/dankplugeu-logo.png","contentUrl":"https:\/\/dankplugeu.com\/wp-content\/uploads\/2021\/04\/dankplugeu-logo.png","width":864,"height":216,"caption":"DankPlugEU"},"image":{"@id":"https:\/\/dankplugeu.com\/#\/schema\/logo\/image\/"}}]}},"_links":{"self":[{"href":"https:\/\/dankplugeu.com\/pt\/wp-json\/wp\/v2\/product\/17738","targetHints":{"allow":["GET"]}}],"collection":[{"href":"https:\/\/dankplugeu.com\/pt\/wp-json\/wp\/v2\/product"}],"about":[{"href":"https:\/\/dankplugeu.com\/pt\/wp-json\/wp\/v2\/types\/product"}],"replies":[{"embeddable":true,"href":"https:\/\/dankplugeu.com\/pt\/wp-json\/wp\/v2\/comments?post=17738"}],"wp:featuredmedia":[{"embeddable":true,"href":"https:\/\/dankplugeu.com\/pt\/wp-json\/wp\/v2\/media\/17765"}],"wp:attachment":[{"href":"https:\/\/dankplugeu.com\/pt\/wp-json\/wp\/v2\/media?parent=17738"}],"wp:term":[{"taxonomy":"product_cat","embeddable":true,"href":"https:\/\/dankplugeu.com\/pt\/wp-json\/wp\/v2\/product_cat?post=17738"},{"taxonomy":"product_tag","embeddable":true,"href":"https:\/\/dankplugeu.com\/pt\/wp-json\/wp\/v2\/product_tag?post=17738"}],"curies":[{"name":"wp","href":"https:\/\/api.w.org\/{rel}","templated":true}]}}