{"id":17814,"date":"2021-04-12T15:23:07","date_gmt":"2021-04-12T15:23:07","guid":{"rendered":"https:\/\/dankpluguk.com\/?post_type=product&#038;p=17814"},"modified":"2026-03-14T05:53:05","modified_gmt":"2026-03-14T05:53:05","slug":"buy-cookies-and-cream-weed-strain-uk","status":"publish","type":"product","link":"https:\/\/dankplugeu.com\/pt\/produto\/comprar-cookies-and-cream-weed-strain-uk\/","title":{"rendered":"Comprar bolachas e creme de erva"},"content":{"rendered":"<h2 style=\"text-align: justify;\">Comprar bolachas e creme de erva<\/h2>\n<p style=\"text-align: justify;\"><a href=\"https:\/\/dankplugeu.com\/pt\/\"><strong>DankPlugEU<\/strong><\/a> \u00e9 um dispens\u00e1rio de ervas daninhas online onde voc\u00ea pode comprar Cookies e Cream Weed\u00a0online a pre\u00e7os modestos. Sendo uma equipe de vendedores e fornecedores confi\u00e1veis no mercado online, estamos concluindo os pedidos enviados por clientes em todo o mundo.<\/p>\n<p style=\"text-align: justify;\"><a href=\"https:\/\/dankplugeu.com\/pt\/produto\/comprar-cookies-and-cream-weed-strain-uk\/\"><strong>Venda Erva daninha Cookies and Cream<\/strong><\/a> est\u00e1 agora dispon\u00edvel na nossa loja online no Reino Unido, Irlanda e Espanha. Depois de encomendar Cookies e Cream Weed\u00a0online em nossa loja, os mesmos ser\u00e3o entregues em breve no endere\u00e7o mencionado. Compre Cookies and Cream Weed online\u00a0no Reino Unido agora se quiser aliviar o estresse e as dores!<\/p>\n<h3 style=\"text-align: justify;\">O que \u00e9 biscoitos e erva-doce?<\/h3>\n<p style=\"text-align: justify;\">Criado por Exotic Genetix, Cookies and Cream \u00e9 um cruzamento h\u00edbrido entre Starfighter e um fen\u00f3tipo GSC n\u00e3o revelado. Essa variedade de sabor doce proporciona al\u00edvio duradouro para pacientes que tratam os sintomas ao longo do dia, mas altas doses podem induzir uma noite de sono precoce.<\/p>\n<p style=\"text-align: justify;\">A deliciosa cepa Legal Cookies and Cream recebe o nome da baunilha doce e dos aromas de nozes que produz quando cultivada e curada adequadamente. Sua gen\u00e9tica deriva dos infames Girl Scout Cookies, colocando-o assim no centro das aten\u00e7\u00f5es como potente em seus efeitos, apar\u00eancia, sabor e cheiro.<\/p>\n<p style=\"text-align: justify;\">Os nugs de Cookies and Cream s\u00e3o mais claros do que seus pais, sendo um verde musgo com tons de roxo e pistilos \u00e2mbar. A camada de tricomas ilumina ainda mais sua apar\u00eancia, e os bot\u00f5es costumam ser densos e em forma de p\u00e1s.<\/p>\n<p style=\"text-align: justify;\">Sabe-se que os n\u00edveis de THC atingem os 20 e os usu\u00e1rios, e os usu\u00e1rios dizem que o excesso pode levar a um aumento da ansiedade.<\/p>\n<h3 style=\"text-align: justify;\">Uso medicinal de biscoitos e ervas daninhas<\/h3>\n<p style=\"text-align: justify;\">Foi relatado que Cookies and Cream oferece aos consumidores al\u00edvio de ansiedade, dores, dores de cabe\u00e7a e, em alguns casos, depress\u00e3o em uso moderado. Os consumidores dizem que pode relaxar o corpo enquanto aumenta a atividade cerebral devido \u00e0 sua natureza h\u00edbrida, e muitas vezes a criatividade pode surgir. Eles nos informam que tem a capacidade de causar letargia, portanto, \u00e9 recomend\u00e1vel tomar essa cepa \u00e0 noite ou \u00e0 noite em vez de experiment\u00e1-la durante o dia.<\/p>\n<h3 style=\"text-align: justify;\">Onde posso comprar Cookies e Cream Weed online?<\/h3>\n<p style=\"text-align: justify;\">Agora voc\u00ea pode <strong>comprar Cookies and Cream Weed online Europa<\/strong> de nossa loja de ervas daninhas de maneira conveniente. Estamos aqui para atender todas as suas necessidades. Fa\u00e7a um pedido de Cookies e Cream Weed de verdade\u00a0online agora! Nosso objetivo \u00e9 fornecer a voc\u00ea a qualidade suprema dos produtos Indica e garantir que seus pacotes cheguem \u00e0 sua porta o mais r\u00e1pido poss\u00edvel.<\/p>","protected":false},"excerpt":{"rendered":"<p>Buy Cookies and Cream Weed Strain UK DankPlugEU is an online weed dispensary where you can buy Cookies and Cream Weed\u00a0online at modest prices. Being a team of reliable vendors and suppliers in the online market, we are completing the orders submitted by customers worldwide. Cookies and Cream Weed\u00a0for sale is now accessible at our [&hellip;]<\/p>","protected":false},"featured_media":17816,"comment_status":"open","ping_status":"closed","template":"","meta":{"_joinchat":[]},"product_cat":[231,132],"product_tag":[1066,1063,307,1065,1073,1074,1075,1071,1076,308,310,1077,1078,1068,1070,1069,309,311,1079,1080,1067,1072,1061,1064,1062],"class_list":{"0":"post-17814","1":"product","2":"type-product","3":"status-publish","4":"has-post-thumbnail","6":"product_cat-hybrid-strain-for-sale-uk","7":"product_cat-marijuana-strains-for-sale-uk","8":"product_tag-best-cookies-and-cream-supplier","9":"product_tag-buy-cookies-and-cream-strain","10":"product_tag-buy-cookies-and-cream-strain-uk","11":"product_tag-cheap-cookies-and-cream","12":"product_tag-cookies-and-cream-australia","13":"product_tag-cookies-and-cream-canada","14":"product_tag-cookies-and-cream-china","15":"product_tag-cookies-and-cream-ebay","16":"product_tag-cookies-and-cream-effects","17":"product_tag-cookies-and-cream-for-sale","18":"product_tag-cookies-and-cream-hybrid","19":"product_tag-cookies-and-cream-legal","20":"product_tag-cookies-and-cream-legality","21":"product_tag-cookies-and-cream-quantity","22":"product_tag-cookies-and-cream-reddit","23":"product_tag-cookies-and-cream-review","24":"product_tag-cookies-and-cream-strain","25":"product_tag-cookies-and-cream-strain-in-uk","26":"product_tag-cookies-and-cream-supplier","27":"product_tag-cookies-and-cream-uk","28":"product_tag-cookies-and-cream-vendor","29":"product_tag-cookies-and-cream-wiki","30":"product_tag-cookies-for-sale","31":"product_tag-order-cookies-and-cream","32":"product_tag-purchase-cookies-and-cream-strain","34":"first","35":"instock","36":"featured","37":"shipping-taxable","38":"purchasable","39":"product-type-variable","40":"has-default-attributes"},"yoast_head":"<!-- This site is optimized with the Yoast SEO plugin v26.3 - https:\/\/yoast.com\/wordpress\/plugins\/seo\/ -->\n<title>Buy Cookies and Cream Weed Strain UK \u2013 Cookies for Sale<\/title>\n<meta name=\"description\" content=\"Buy Cookies and Cream weed strain UK for sale online. Potent hybrid cannabis known for its sweet vanilla flavor, euphoric high, and relaxing effects ideal for evening use.\" \/>\n<meta name=\"robots\" content=\"index, follow, max-snippet:-1, max-image-preview:large, max-video-preview:-1\" \/>\n<link rel=\"canonical\" href=\"https:\/\/dankplugeu.com\/pt\/produto\/comprar-cookies-and-cream-weed-strain-uk\/\" \/>\n<meta property=\"og:locale\" content=\"pt_PT\" \/>\n<meta property=\"og:type\" content=\"article\" \/>\n<meta property=\"og:title\" content=\"Buy Cookies and Cream Weed Strain UK \u2013 Cookies for Sale\" \/>\n<meta property=\"og:description\" content=\"Buy Cookies and Cream weed strain UK for sale online. Potent hybrid cannabis known for its sweet vanilla flavor, euphoric high, and relaxing effects ideal for evening use.\" \/>\n<meta property=\"og:url\" content=\"https:\/\/dankplugeu.com\/pt\/produto\/comprar-cookies-and-cream-weed-strain-uk\/\" \/>\n<meta property=\"og:site_name\" content=\"DankPlugEU\" \/>\n<meta property=\"article:modified_time\" content=\"2026-03-14T05:53:05+00:00\" \/>\n<meta property=\"og:image\" content=\"https:\/\/dankplugeu.com\/wp-content\/uploads\/2021\/04\/cookies-and-cream.jpg\" \/>\n\t<meta property=\"og:image:width\" content=\"600\" \/>\n\t<meta property=\"og:image:height\" content=\"600\" \/>\n\t<meta property=\"og:image:type\" content=\"image\/jpeg\" \/>\n<meta name=\"twitter:card\" content=\"summary_large_image\" \/>\n<meta name=\"twitter:label1\" content=\"Tempo estimado de leitura\" \/>\n\t<meta name=\"twitter:data1\" content=\"3 minutos\" \/>\n<script type=\"application\/ld+json\" class=\"yoast-schema-graph\">{\"@context\":\"https:\/\/schema.org\",\"@graph\":[{\"@type\":\"WebPage\",\"@id\":\"https:\/\/dankplugeu.com\/product\/buy-cookies-and-cream-weed-strain-uk\/\",\"url\":\"https:\/\/dankplugeu.com\/product\/buy-cookies-and-cream-weed-strain-uk\/\",\"name\":\"Buy Cookies and Cream Weed Strain UK \u2013 Cookies for Sale\",\"isPartOf\":{\"@id\":\"https:\/\/dankplugeu.com\/#website\"},\"primaryImageOfPage\":{\"@id\":\"https:\/\/dankplugeu.com\/product\/buy-cookies-and-cream-weed-strain-uk\/#primaryimage\"},\"image\":{\"@id\":\"https:\/\/dankplugeu.com\/product\/buy-cookies-and-cream-weed-strain-uk\/#primaryimage\"},\"thumbnailUrl\":\"https:\/\/dankplugeu.com\/wp-content\/uploads\/2021\/04\/cookies-and-cream.jpg\",\"datePublished\":\"2021-04-12T15:23:07+00:00\",\"dateModified\":\"2026-03-14T05:53:05+00:00\",\"description\":\"Buy Cookies and Cream weed strain UK for sale online. Potent hybrid cannabis known for its sweet vanilla flavor, euphoric high, and relaxing effects ideal for evening use.\",\"breadcrumb\":{\"@id\":\"https:\/\/dankplugeu.com\/product\/buy-cookies-and-cream-weed-strain-uk\/#breadcrumb\"},\"inLanguage\":\"pt-PT\",\"potentialAction\":[{\"@type\":\"ReadAction\",\"target\":[\"https:\/\/dankplugeu.com\/product\/buy-cookies-and-cream-weed-strain-uk\/\"]}]},{\"@type\":\"ImageObject\",\"inLanguage\":\"pt-PT\",\"@id\":\"https:\/\/dankplugeu.com\/product\/buy-cookies-and-cream-weed-strain-uk\/#primaryimage\",\"url\":\"https:\/\/dankplugeu.com\/wp-content\/uploads\/2021\/04\/cookies-and-cream.jpg\",\"contentUrl\":\"https:\/\/dankplugeu.com\/wp-content\/uploads\/2021\/04\/cookies-and-cream.jpg\",\"width\":600,\"height\":600,\"caption\":\"Cookies and Cream Weed Strain\"},{\"@type\":\"BreadcrumbList\",\"@id\":\"https:\/\/dankplugeu.com\/product\/buy-cookies-and-cream-weed-strain-uk\/#breadcrumb\",\"itemListElement\":[{\"@type\":\"ListItem\",\"position\":1,\"name\":\"Home\",\"item\":\"https:\/\/dankplugeu.com\/\"},{\"@type\":\"ListItem\",\"position\":2,\"name\":\"Order Weed Online UK\",\"item\":\"https:\/\/dankplugeu.com\/shop\/\"},{\"@type\":\"ListItem\",\"position\":3,\"name\":\"Buy Cookies and Cream Weed Strain UK\"}]},{\"@type\":\"WebSite\",\"@id\":\"https:\/\/dankplugeu.com\/#website\",\"url\":\"https:\/\/dankplugeu.com\/\",\"name\":\"DankPlugEU\",\"description\":\"Order Weed online\",\"publisher\":{\"@id\":\"https:\/\/dankplugeu.com\/#organization\"},\"potentialAction\":[{\"@type\":\"SearchAction\",\"target\":{\"@type\":\"EntryPoint\",\"urlTemplate\":\"https:\/\/dankplugeu.com\/?s={search_term_string}\"},\"query-input\":{\"@type\":\"PropertyValueSpecification\",\"valueRequired\":true,\"valueName\":\"search_term_string\"}}],\"inLanguage\":\"pt-PT\"},{\"@type\":\"Organization\",\"@id\":\"https:\/\/dankplugeu.com\/#organization\",\"name\":\"DankPlugEU\",\"url\":\"https:\/\/dankplugeu.com\/\",\"logo\":{\"@type\":\"ImageObject\",\"inLanguage\":\"pt-PT\",\"@id\":\"https:\/\/dankplugeu.com\/#\/schema\/logo\/image\/\",\"url\":\"https:\/\/dankplugeu.com\/wp-content\/uploads\/2021\/04\/dankplugeu-logo.png\",\"contentUrl\":\"https:\/\/dankplugeu.com\/wp-content\/uploads\/2021\/04\/dankplugeu-logo.png\",\"width\":864,\"height\":216,\"caption\":\"DankPlugEU\"},\"image\":{\"@id\":\"https:\/\/dankplugeu.com\/#\/schema\/logo\/image\/\"}}]}<\/script>\n<!-- \/ Yoast SEO plugin. -->","yoast_head_json":{"title":"Buy Cookies and Cream Weed Strain UK \u2013 Cookies for Sale","description":"Buy Cookies and Cream weed strain UK for sale online. Potent hybrid cannabis known for its sweet vanilla flavor, euphoric high, and relaxing effects ideal for evening use.","robots":{"index":"index","follow":"follow","max-snippet":"max-snippet:-1","max-image-preview":"max-image-preview:large","max-video-preview":"max-video-preview:-1"},"canonical":"https:\/\/dankplugeu.com\/pt\/produto\/comprar-cookies-and-cream-weed-strain-uk\/","og_locale":"pt_PT","og_type":"article","og_title":"Buy Cookies and Cream Weed Strain UK \u2013 Cookies for Sale","og_description":"Buy Cookies and Cream weed strain UK for sale online. Potent hybrid cannabis known for its sweet vanilla flavor, euphoric high, and relaxing effects ideal for evening use.","og_url":"https:\/\/dankplugeu.com\/pt\/produto\/comprar-cookies-and-cream-weed-strain-uk\/","og_site_name":"DankPlugEU","article_modified_time":"2026-03-14T05:53:05+00:00","og_image":[{"width":600,"height":600,"url":"https:\/\/dankplugeu.com\/wp-content\/uploads\/2021\/04\/cookies-and-cream.jpg","type":"image\/jpeg"}],"twitter_card":"summary_large_image","twitter_misc":{"Tempo estimado de leitura":"3 minutos"},"schema":{"@context":"https:\/\/schema.org","@graph":[{"@type":"WebPage","@id":"https:\/\/dankplugeu.com\/product\/buy-cookies-and-cream-weed-strain-uk\/","url":"https:\/\/dankplugeu.com\/product\/buy-cookies-and-cream-weed-strain-uk\/","name":"Buy Cookies and Cream Weed Strain UK \u2013 Cookies for Sale","isPartOf":{"@id":"https:\/\/dankplugeu.com\/#website"},"primaryImageOfPage":{"@id":"https:\/\/dankplugeu.com\/product\/buy-cookies-and-cream-weed-strain-uk\/#primaryimage"},"image":{"@id":"https:\/\/dankplugeu.com\/product\/buy-cookies-and-cream-weed-strain-uk\/#primaryimage"},"thumbnailUrl":"https:\/\/dankplugeu.com\/wp-content\/uploads\/2021\/04\/cookies-and-cream.jpg","datePublished":"2021-04-12T15:23:07+00:00","dateModified":"2026-03-14T05:53:05+00:00","description":"Buy Cookies and Cream weed strain UK for sale online. Potent hybrid cannabis known for its sweet vanilla flavor, euphoric high, and relaxing effects ideal for evening use.","breadcrumb":{"@id":"https:\/\/dankplugeu.com\/product\/buy-cookies-and-cream-weed-strain-uk\/#breadcrumb"},"inLanguage":"pt-PT","potentialAction":[{"@type":"ReadAction","target":["https:\/\/dankplugeu.com\/product\/buy-cookies-and-cream-weed-strain-uk\/"]}]},{"@type":"ImageObject","inLanguage":"pt-PT","@id":"https:\/\/dankplugeu.com\/product\/buy-cookies-and-cream-weed-strain-uk\/#primaryimage","url":"https:\/\/dankplugeu.com\/wp-content\/uploads\/2021\/04\/cookies-and-cream.jpg","contentUrl":"https:\/\/dankplugeu.com\/wp-content\/uploads\/2021\/04\/cookies-and-cream.jpg","width":600,"height":600,"caption":"Cookies and Cream Weed Strain"},{"@type":"BreadcrumbList","@id":"https:\/\/dankplugeu.com\/product\/buy-cookies-and-cream-weed-strain-uk\/#breadcrumb","itemListElement":[{"@type":"ListItem","position":1,"name":"Home","item":"https:\/\/dankplugeu.com\/"},{"@type":"ListItem","position":2,"name":"Order Weed Online UK","item":"https:\/\/dankplugeu.com\/shop\/"},{"@type":"ListItem","position":3,"name":"Buy Cookies and Cream Weed Strain UK"}]},{"@type":"WebSite","@id":"https:\/\/dankplugeu.com\/#website","url":"https:\/\/dankplugeu.com\/","name":"DankPlugEU","description":"Order Weed online","publisher":{"@id":"https:\/\/dankplugeu.com\/#organization"},"potentialAction":[{"@type":"SearchAction","target":{"@type":"EntryPoint","urlTemplate":"https:\/\/dankplugeu.com\/?s={search_term_string}"},"query-input":{"@type":"PropertyValueSpecification","valueRequired":true,"valueName":"search_term_string"}}],"inLanguage":"pt-PT"},{"@type":"Organization","@id":"https:\/\/dankplugeu.com\/#organization","name":"DankPlugEU","url":"https:\/\/dankplugeu.com\/","logo":{"@type":"ImageObject","inLanguage":"pt-PT","@id":"https:\/\/dankplugeu.com\/#\/schema\/logo\/image\/","url":"https:\/\/dankplugeu.com\/wp-content\/uploads\/2021\/04\/dankplugeu-logo.png","contentUrl":"https:\/\/dankplugeu.com\/wp-content\/uploads\/2021\/04\/dankplugeu-logo.png","width":864,"height":216,"caption":"DankPlugEU"},"image":{"@id":"https:\/\/dankplugeu.com\/#\/schema\/logo\/image\/"}}]}},"_links":{"self":[{"href":"https:\/\/dankplugeu.com\/pt\/wp-json\/wp\/v2\/product\/17814","targetHints":{"allow":["GET"]}}],"collection":[{"href":"https:\/\/dankplugeu.com\/pt\/wp-json\/wp\/v2\/product"}],"about":[{"href":"https:\/\/dankplugeu.com\/pt\/wp-json\/wp\/v2\/types\/product"}],"replies":[{"embeddable":true,"href":"https:\/\/dankplugeu.com\/pt\/wp-json\/wp\/v2\/comments?post=17814"}],"wp:featuredmedia":[{"embeddable":true,"href":"https:\/\/dankplugeu.com\/pt\/wp-json\/wp\/v2\/media\/17816"}],"wp:attachment":[{"href":"https:\/\/dankplugeu.com\/pt\/wp-json\/wp\/v2\/media?parent=17814"}],"wp:term":[{"taxonomy":"product_cat","embeddable":true,"href":"https:\/\/dankplugeu.com\/pt\/wp-json\/wp\/v2\/product_cat?post=17814"},{"taxonomy":"product_tag","embeddable":true,"href":"https:\/\/dankplugeu.com\/pt\/wp-json\/wp\/v2\/product_tag?post=17814"}],"curies":[{"name":"wp","href":"https:\/\/api.w.org\/{rel}","templated":true}]}}