{"id":17766,"date":"2021-04-12T13:33:41","date_gmt":"2021-04-12T13:33:41","guid":{"rendered":"https:\/\/dankpluguk.com\/?post_type=product&#038;p=17766"},"modified":"2026-03-27T09:09:41","modified_gmt":"2026-03-27T09:09:41","slug":"buy-trainwreck-weed-strain-uk","status":"publish","type":"product","link":"https:\/\/dankplugeu.com\/sv\/produkt\/kopa-trainwreck-ogras-stam-uk\/","title":{"rendered":"K\u00f6p Trainwreck Weed Stam Storbritannien"},"content":{"rendered":"<div class=\"relative basis-auto flex-col -mb-(--composer-overlap-px) [--composer-overlap-px:28px] grow flex\">\n<div class=\"flex flex-col text-sm pb-25\">\n<section class=\"text-token-text-primary w-full focus:outline-none [--shadow-height:45px] has-data-writing-block:pointer-events-none has-data-writing-block:-mt-(--shadow-height) has-data-writing-block:pt-(--shadow-height) [&amp;:has([data-writing-block])&gt;*]:pointer-events-auto scroll-mt-[calc(var(--header-height)+min(200px,max(70px,20svh)))]\" dir=\"auto\" data-turn-id=\"request-69b4f380-d534-8320-8f3a-5301cc612476-5\" data-testid=\"conversation-turn-96\" data-scroll-anchor=\"true\" data-turn=\"assistant\">\n<div class=\"text-base my-auto mx-auto pb-10 [--thread-content-margin:var(--thread-content-margin-xs,calc(var(--spacing)*4))] @w-sm\/main:[--thread-content-margin:var(--thread-content-margin-sm,calc(var(--spacing)*6))] @w-lg\/main:[--thread-content-margin:var(--thread-content-margin-lg,calc(var(--spacing)*16))] px-(--thread-content-margin)\">\n<div class=\"[--thread-content-max-width:40rem] @w-lg\/main:[--thread-content-max-width:48rem] mx-auto max-w-(--thread-content-max-width) flex-1 group\/turn-messages focus-visible:outline-hidden relative flex w-full min-w-0 flex-col agent-turn\">\n<div class=\"flex max-w-full flex-col gap-4 grow\">\n<div class=\"min-h-8 text-message relative flex w-full flex-col items-end gap-2 text-start break-words whitespace-normal outline-none keyboard-focused:focus-ring [.text-message+&amp;]:mt-1\" dir=\"auto\" tabindex=\"0\" data-message-author-role=\"assistant\" data-message-id=\"f2fb6aac-9e37-4435-b8f0-c320ed62b560\" data-message-model-slug=\"gpt-5-3\" data-turn-start-message=\"true\">\n<div class=\"flex w-full flex-col gap-1 empty:hidden\">\n<div class=\"markdown prose dark:prose-invert w-full wrap-break-word light markdown-new-styling\">\n<h2 data-section-id=\"1hwhgt9\" data-start=\"121\" data-end=\"153\">K\u00f6p Trainwreck Weed Stam Storbritannien<\/h2>\n<p data-start=\"155\" data-end=\"574\"><a href=\"https:\/\/dankplugeu.com\/sv\/produkt\/kopa-trainwreck-ogras-stam-uk\/\"><strong data-start=\"155\" data-end=\"195\">K\u00f6p Trainwreck Weed-sort i Storbritannien online<\/strong><\/a> fr\u00e5n DankPlugEU, en betrodd online-apotek k\u00e4nd f\u00f6r sina premium cannabisprodukter. Du kan nu k\u00f6pa Trainwreck Weed-sorten online fr\u00e5n v\u00e5r apotek, DankPlugEU, en av de fr\u00e4msta leverant\u00f6rerna av Trainwreck Weed-sorter i Storbritannien till salu. V\u00e5r online-apotek har m\u00e5nga \u00e5rs erfarenhet och f\u00f6rst\u00e5r alla aspekter av att leverera h\u00f6gkvalitativa cannabisprodukter.<\/p>\n<p data-start=\"576\" data-end=\"825\">Varje best\u00e4llning av Trainwreck Weed Strain online genomf\u00f6rs professionellt av v\u00e5rt expertteam p\u00e5 DankPlugEU. M\u00e5nga anv\u00e4ndare som s\u00f6ker efter var man kan k\u00f6pa Trainwreck Weed Strain UK f\u00f6rlitar sig p\u00e5... <a href=\"https:\/\/dankplugeu.com\/sv\/\"><strong data-start=\"773\" data-end=\"787\">DankPlugEU<\/strong><\/a> f\u00f6r s\u00e4ker, p\u00e5litlig och snabb service.<\/p>\n<h3 data-section-id=\"1sbo7nr\" data-start=\"827\" data-end=\"880\">Ge detaljerad information om Trainwreck-stammen.<\/h3>\n<p data-start=\"882\" data-end=\"1325\">Trainwreck Feminized \u00e4r en av de starkaste stammarna som finns p\u00e5 Weed Seed Shop. Det heter p\u00e5 l\u00e4mpligt s\u00e4tt Trainwreck p\u00e5 grund av dess f\u00f6rm\u00e5ga att komma in i din hj\u00e4rna med kraften av ett godst\u00e5g. Denna stam \u00e4r en sativa-dominant hybrid. Indica sativa-f\u00f6rh\u00e5llandet \u00e4r cirka 20\/80 respektive. Trainwreck kommer fr\u00e5n mexikanska och thail\u00e4ndska sativa-f\u00f6r\u00e4ldrar med afghansk indica-genetik. S\u00e5 det \u00e4r inte konstigt hur denna stam fick sin mycket kraftfulla genetik. Den feminiserade aspekten av fr\u00f6na g\u00f6r att v\u00e4xten bara kommer att producera v\u00e4xter som blommar som honor.<\/p>\n<p data-start=\"1327\" data-end=\"1557\">Fr\u00f6nas feminiserade natur s\u00e4kerst\u00e4ller att plantorna endast producerar honblommor. Den starka genetiken och potensen p\u00e5verkar ofta priset p\u00e5 Trainwreck Weed Strain UK, vilket g\u00f6r den till ett premiumalternativ tillg\u00e4ngligt hos DankPlugEU.<\/p>\n<h3 data-section-id=\"1fu8z4e\" data-start=\"1559\" data-end=\"1594\">Medicinska egenskaper hos Trainwreck<\/h3>\n<p data-start=\"1596\" data-end=\"1953\">Trainwreck-marijuana \u00e4r ocks\u00e5 ett popul\u00e4rt val bland medicinska cannabisanv\u00e4ndare. Det \u00e4r k\u00e4nt f\u00f6r sina stresslindrande, sm\u00e4rtlindrande och hum\u00f6rh\u00f6jande egenskaper. M\u00e5nga patienter anv\u00e4nder det f\u00f6r att hantera ADD\/ADHD, PTSD, \u00e5ngest, s\u00f6mnl\u00f6shet och aptitl\u00f6shet. Detta g\u00f6r Trainwreck-marijuana till ett f\u00f6redraget alternativ f\u00f6r b\u00e5de rekreations- och terapeutiska \u00e4ndam\u00e5l. Det h\u00f6ga THC-inneh\u00e5llet producerar en intensiv cerebral kick, som stimulerar eufori, kreativitet och en stark k\u00e4nsla av v\u00e4lbefinnande. Indica-komponenten ger en avslappnande kroppseffekt. M\u00e5nga anser att DankPlugEU \u00e4r det b\u00e4sta st\u00e4llet att k\u00f6pa Trainwreck-marijuana online p\u00e5 grund av dess konsekventa kvalitet och service.<\/p>\n<h3 data-section-id=\"k8tryu\" data-start=\"2258\" data-end=\"2299\">Var kan man best\u00e4lla Trainwreck Weed online?<\/h3>\n<p data-start=\"2301\" data-end=\"2544\">K\u00f6p Trainwreck Weed Strain UK till konkurrenskraftiga priser fr\u00e5n DankPlugEU. Vi erbjuder fullst\u00e4ndig support till v\u00e5ra kunder och s\u00e4kerst\u00e4ller en smidig best\u00e4llningsprocess. Best\u00e4ll bara Trainwreck Weed Strain online och f\u00e5 snabb leverans. DankPlugEU \u00e4r verksamt i Storbritannien, Spanien och Irland och erbjuder premiumprodukter med snabb och diskret frakt. Om du letar efter Trainwreck Weed Strain UK \u00e4r DankPlugEU ett p\u00e5litligt val f\u00f6r kvalitet och service.<\/p>\n<\/div>\n<\/div>\n<\/div>\n<\/div>\n<\/div>\n<\/div>\n<\/section>\n<\/div>\n<\/div>","protected":false},"excerpt":{"rendered":"<p>Buy Trainwreck Weed Strain UK Buy Trainwreck Weed Strain UK online from DankPlugEU, a trusted online dispensary known for premium cannabis products. You can now buy Trainwreck Weed Strain online from our dispensary, DankPlugEU, one of the top vendors and suppliers of Trainwreck Weed Strain UK for sale. Our online weed dispensary has years of [&hellip;]<\/p>","protected":false},"featured_media":17805,"comment_status":"open","ping_status":"closed","template":"","meta":{"_joinchat":[]},"product_cat":[231,132],"product_tag":[302,303,305,304,306],"class_list":{"0":"post-17766","1":"product","2":"type-product","3":"status-publish","4":"has-post-thumbnail","6":"product_cat-hybrid-strain-for-sale-uk","7":"product_cat-marijuana-strains-for-sale-uk","8":"product_tag-buy-trainwreck-strain-uk","9":"product_tag-trainwreck-for-sale","10":"product_tag-trainwreck-hybrid","11":"product_tag-trainwreck-strain","12":"product_tag-trainwreck-strain-in-uk","14":"first","15":"instock","16":"shipping-taxable","17":"purchasable","18":"product-type-variable","19":"has-default-attributes"},"yoast_head":"<!-- This site is optimized with the Yoast SEO plugin v26.3 - https:\/\/yoast.com\/wordpress\/plugins\/seo\/ -->\n<title>Buy Trainwreck Weed Strain UK EU \u2013 Trainwreck Weed for Sale<\/title>\n<meta name=\"description\" content=\"Buy Trainwreck weed strain UK EU online from DankPlugEU. Trainwreck for sale featuring spicy citrus flavor and powerful energizing sativa cannabis effects.\" \/>\n<meta name=\"robots\" content=\"index, follow, max-snippet:-1, max-image-preview:large, max-video-preview:-1\" \/>\n<link rel=\"canonical\" href=\"https:\/\/dankplugeu.com\/sv\/produkt\/kopa-trainwreck-ogras-stam-uk\/\" \/>\n<meta property=\"og:locale\" content=\"sv_SE\" \/>\n<meta property=\"og:type\" content=\"article\" \/>\n<meta property=\"og:title\" content=\"Buy Trainwreck Weed Strain UK EU \u2013 Trainwreck Weed for Sale\" \/>\n<meta property=\"og:description\" content=\"Buy Trainwreck weed strain UK EU online from DankPlugEU. Trainwreck for sale featuring spicy citrus flavor and powerful energizing sativa cannabis effects.\" \/>\n<meta property=\"og:url\" content=\"https:\/\/dankplugeu.com\/sv\/produkt\/kopa-trainwreck-ogras-stam-uk\/\" \/>\n<meta property=\"og:site_name\" content=\"DankPlugEU\" \/>\n<meta property=\"article:modified_time\" content=\"2026-03-27T09:09:41+00:00\" \/>\n<meta property=\"og:image\" content=\"https:\/\/dankplugeu.com\/wp-content\/uploads\/2021\/04\/trainwreck.jpg\" \/>\n\t<meta property=\"og:image:width\" content=\"600\" \/>\n\t<meta property=\"og:image:height\" content=\"600\" \/>\n\t<meta property=\"og:image:type\" content=\"image\/jpeg\" \/>\n<meta name=\"twitter:card\" content=\"summary_large_image\" \/>\n<meta name=\"twitter:label1\" content=\"Ber\u00e4knad l\u00e4stid\" \/>\n\t<meta name=\"twitter:data1\" content=\"2 minuter\" \/>\n<script type=\"application\/ld+json\" class=\"yoast-schema-graph\">{\"@context\":\"https:\/\/schema.org\",\"@graph\":[{\"@type\":\"WebPage\",\"@id\":\"https:\/\/dankplugeu.com\/product\/buy-trainwreck-weed-strain-uk\/\",\"url\":\"https:\/\/dankplugeu.com\/product\/buy-trainwreck-weed-strain-uk\/\",\"name\":\"Buy Trainwreck Weed Strain UK EU \u2013 Trainwreck Weed for Sale\",\"isPartOf\":{\"@id\":\"https:\/\/dankplugeu.com\/#website\"},\"primaryImageOfPage\":{\"@id\":\"https:\/\/dankplugeu.com\/product\/buy-trainwreck-weed-strain-uk\/#primaryimage\"},\"image\":{\"@id\":\"https:\/\/dankplugeu.com\/product\/buy-trainwreck-weed-strain-uk\/#primaryimage\"},\"thumbnailUrl\":\"https:\/\/dankplugeu.com\/wp-content\/uploads\/2021\/04\/trainwreck.jpg\",\"datePublished\":\"2021-04-12T13:33:41+00:00\",\"dateModified\":\"2026-03-27T09:09:41+00:00\",\"description\":\"Buy Trainwreck weed strain UK EU online from DankPlugEU. Trainwreck for sale featuring spicy citrus flavor and powerful energizing sativa cannabis effects.\",\"breadcrumb\":{\"@id\":\"https:\/\/dankplugeu.com\/product\/buy-trainwreck-weed-strain-uk\/#breadcrumb\"},\"inLanguage\":\"sv-SE\",\"potentialAction\":[{\"@type\":\"ReadAction\",\"target\":[\"https:\/\/dankplugeu.com\/product\/buy-trainwreck-weed-strain-uk\/\"]}]},{\"@type\":\"ImageObject\",\"inLanguage\":\"sv-SE\",\"@id\":\"https:\/\/dankplugeu.com\/product\/buy-trainwreck-weed-strain-uk\/#primaryimage\",\"url\":\"https:\/\/dankplugeu.com\/wp-content\/uploads\/2021\/04\/trainwreck.jpg\",\"contentUrl\":\"https:\/\/dankplugeu.com\/wp-content\/uploads\/2021\/04\/trainwreck.jpg\",\"width\":600,\"height\":600,\"caption\":\"Trainwreck Strain for Sale\"},{\"@type\":\"BreadcrumbList\",\"@id\":\"https:\/\/dankplugeu.com\/product\/buy-trainwreck-weed-strain-uk\/#breadcrumb\",\"itemListElement\":[{\"@type\":\"ListItem\",\"position\":1,\"name\":\"Home\",\"item\":\"https:\/\/dankplugeu.com\/\"},{\"@type\":\"ListItem\",\"position\":2,\"name\":\"Order Weed Online UK\",\"item\":\"https:\/\/dankplugeu.com\/shop\/\"},{\"@type\":\"ListItem\",\"position\":3,\"name\":\"Buy Trainwreck Weed Strain UK\"}]},{\"@type\":\"WebSite\",\"@id\":\"https:\/\/dankplugeu.com\/#website\",\"url\":\"https:\/\/dankplugeu.com\/\",\"name\":\"DankPlugEU\",\"description\":\"Order Weed online\",\"publisher\":{\"@id\":\"https:\/\/dankplugeu.com\/#organization\"},\"potentialAction\":[{\"@type\":\"SearchAction\",\"target\":{\"@type\":\"EntryPoint\",\"urlTemplate\":\"https:\/\/dankplugeu.com\/?s={search_term_string}\"},\"query-input\":{\"@type\":\"PropertyValueSpecification\",\"valueRequired\":true,\"valueName\":\"search_term_string\"}}],\"inLanguage\":\"sv-SE\"},{\"@type\":\"Organization\",\"@id\":\"https:\/\/dankplugeu.com\/#organization\",\"name\":\"DankPlugEU\",\"url\":\"https:\/\/dankplugeu.com\/\",\"logo\":{\"@type\":\"ImageObject\",\"inLanguage\":\"sv-SE\",\"@id\":\"https:\/\/dankplugeu.com\/#\/schema\/logo\/image\/\",\"url\":\"https:\/\/dankplugeu.com\/wp-content\/uploads\/2021\/04\/dankplugeu-logo.png\",\"contentUrl\":\"https:\/\/dankplugeu.com\/wp-content\/uploads\/2021\/04\/dankplugeu-logo.png\",\"width\":864,\"height\":216,\"caption\":\"DankPlugEU\"},\"image\":{\"@id\":\"https:\/\/dankplugeu.com\/#\/schema\/logo\/image\/\"}}]}<\/script>\n<!-- \/ Yoast SEO plugin. -->","yoast_head_json":{"title":"Buy Trainwreck Weed Strain UK EU \u2013 Trainwreck Weed for Sale","description":"Buy Trainwreck weed strain UK EU online from DankPlugEU. Trainwreck for sale featuring spicy citrus flavor and powerful energizing sativa cannabis effects.","robots":{"index":"index","follow":"follow","max-snippet":"max-snippet:-1","max-image-preview":"max-image-preview:large","max-video-preview":"max-video-preview:-1"},"canonical":"https:\/\/dankplugeu.com\/sv\/produkt\/kopa-trainwreck-ogras-stam-uk\/","og_locale":"sv_SE","og_type":"article","og_title":"Buy Trainwreck Weed Strain UK EU \u2013 Trainwreck Weed for Sale","og_description":"Buy Trainwreck weed strain UK EU online from DankPlugEU. Trainwreck for sale featuring spicy citrus flavor and powerful energizing sativa cannabis effects.","og_url":"https:\/\/dankplugeu.com\/sv\/produkt\/kopa-trainwreck-ogras-stam-uk\/","og_site_name":"DankPlugEU","article_modified_time":"2026-03-27T09:09:41+00:00","og_image":[{"width":600,"height":600,"url":"https:\/\/dankplugeu.com\/wp-content\/uploads\/2021\/04\/trainwreck.jpg","type":"image\/jpeg"}],"twitter_card":"summary_large_image","twitter_misc":{"Ber\u00e4knad l\u00e4stid":"2 minuter"},"schema":{"@context":"https:\/\/schema.org","@graph":[{"@type":"WebPage","@id":"https:\/\/dankplugeu.com\/product\/buy-trainwreck-weed-strain-uk\/","url":"https:\/\/dankplugeu.com\/product\/buy-trainwreck-weed-strain-uk\/","name":"Buy Trainwreck Weed Strain UK EU \u2013 Trainwreck Weed for Sale","isPartOf":{"@id":"https:\/\/dankplugeu.com\/#website"},"primaryImageOfPage":{"@id":"https:\/\/dankplugeu.com\/product\/buy-trainwreck-weed-strain-uk\/#primaryimage"},"image":{"@id":"https:\/\/dankplugeu.com\/product\/buy-trainwreck-weed-strain-uk\/#primaryimage"},"thumbnailUrl":"https:\/\/dankplugeu.com\/wp-content\/uploads\/2021\/04\/trainwreck.jpg","datePublished":"2021-04-12T13:33:41+00:00","dateModified":"2026-03-27T09:09:41+00:00","description":"Buy Trainwreck weed strain UK EU online from DankPlugEU. Trainwreck for sale featuring spicy citrus flavor and powerful energizing sativa cannabis effects.","breadcrumb":{"@id":"https:\/\/dankplugeu.com\/product\/buy-trainwreck-weed-strain-uk\/#breadcrumb"},"inLanguage":"sv-SE","potentialAction":[{"@type":"ReadAction","target":["https:\/\/dankplugeu.com\/product\/buy-trainwreck-weed-strain-uk\/"]}]},{"@type":"ImageObject","inLanguage":"sv-SE","@id":"https:\/\/dankplugeu.com\/product\/buy-trainwreck-weed-strain-uk\/#primaryimage","url":"https:\/\/dankplugeu.com\/wp-content\/uploads\/2021\/04\/trainwreck.jpg","contentUrl":"https:\/\/dankplugeu.com\/wp-content\/uploads\/2021\/04\/trainwreck.jpg","width":600,"height":600,"caption":"Trainwreck Strain for Sale"},{"@type":"BreadcrumbList","@id":"https:\/\/dankplugeu.com\/product\/buy-trainwreck-weed-strain-uk\/#breadcrumb","itemListElement":[{"@type":"ListItem","position":1,"name":"Home","item":"https:\/\/dankplugeu.com\/"},{"@type":"ListItem","position":2,"name":"Order Weed Online UK","item":"https:\/\/dankplugeu.com\/shop\/"},{"@type":"ListItem","position":3,"name":"Buy Trainwreck Weed Strain UK"}]},{"@type":"WebSite","@id":"https:\/\/dankplugeu.com\/#website","url":"https:\/\/dankplugeu.com\/","name":"DankPlugEU","description":"Order Weed online","publisher":{"@id":"https:\/\/dankplugeu.com\/#organization"},"potentialAction":[{"@type":"SearchAction","target":{"@type":"EntryPoint","urlTemplate":"https:\/\/dankplugeu.com\/?s={search_term_string}"},"query-input":{"@type":"PropertyValueSpecification","valueRequired":true,"valueName":"search_term_string"}}],"inLanguage":"sv-SE"},{"@type":"Organization","@id":"https:\/\/dankplugeu.com\/#organization","name":"DankPlugEU","url":"https:\/\/dankplugeu.com\/","logo":{"@type":"ImageObject","inLanguage":"sv-SE","@id":"https:\/\/dankplugeu.com\/#\/schema\/logo\/image\/","url":"https:\/\/dankplugeu.com\/wp-content\/uploads\/2021\/04\/dankplugeu-logo.png","contentUrl":"https:\/\/dankplugeu.com\/wp-content\/uploads\/2021\/04\/dankplugeu-logo.png","width":864,"height":216,"caption":"DankPlugEU"},"image":{"@id":"https:\/\/dankplugeu.com\/#\/schema\/logo\/image\/"}}]}},"_links":{"self":[{"href":"https:\/\/dankplugeu.com\/sv\/wp-json\/wp\/v2\/product\/17766","targetHints":{"allow":["GET"]}}],"collection":[{"href":"https:\/\/dankplugeu.com\/sv\/wp-json\/wp\/v2\/product"}],"about":[{"href":"https:\/\/dankplugeu.com\/sv\/wp-json\/wp\/v2\/types\/product"}],"replies":[{"embeddable":true,"href":"https:\/\/dankplugeu.com\/sv\/wp-json\/wp\/v2\/comments?post=17766"}],"wp:featuredmedia":[{"embeddable":true,"href":"https:\/\/dankplugeu.com\/sv\/wp-json\/wp\/v2\/media\/17805"}],"wp:attachment":[{"href":"https:\/\/dankplugeu.com\/sv\/wp-json\/wp\/v2\/media?parent=17766"}],"wp:term":[{"taxonomy":"product_cat","embeddable":true,"href":"https:\/\/dankplugeu.com\/sv\/wp-json\/wp\/v2\/product_cat?post=17766"},{"taxonomy":"product_tag","embeddable":true,"href":"https:\/\/dankplugeu.com\/sv\/wp-json\/wp\/v2\/product_tag?post=17766"}],"curies":[{"name":"wp","href":"https:\/\/api.w.org\/{rel}","templated":true}]}}