{"id":17810,"date":"2021-04-12T15:22:52","date_gmt":"2021-04-12T15:22:52","guid":{"rendered":"https:\/\/dankpluguk.com\/?post_type=product&#038;p=17810"},"modified":"2026-04-07T11:32:09","modified_gmt":"2026-04-07T11:32:09","slug":"buy-blue-cookies-weed-strain-uk","status":"publish","type":"product","link":"https:\/\/dankplugeu.com\/sv\/produkt\/kopa-bla-kakor-ogras-stam-uk\/","title":{"rendered":"K\u00f6p Blue Cookies Weed Strain Storbritannien"},"content":{"rendered":"<h2 style=\"text-align: justify;\">K\u00f6p Blue Cookies Weed Strain Storbritannien<\/h2>\n<p class=\"ds-markdown-paragraph\"><a href=\"https:\/\/dankplugeu.com\/sv\/\"><strong>DankPlugEU<\/strong><\/a>\u00a0is an ideal choice for people seeking to<strong><a href=\"https:\/\/dankplugeu.com\/sv\/produkt\/kopa-bla-kakor-ogras-stam-uk\/\"> k\u00f6p Blue Cookies ogr\u00e4s online<\/a><\/strong> UK at affordable prices. We are a\u00a0<strong>specialized group of professionals<\/strong>\u00a0who go through every detail and complete orders as stated by the customers. We also have\u00a0<strong>Blue Cookies weed for sale<\/strong>\u00a0here.\u00a0<strong>Order Blue Cookies Weed Strain online<\/strong>\u00a0to enjoy its delicacy!<\/p>\n<p class=\"ds-markdown-paragraph\">Customers can easily\u00a0<strong>Order Blue Cookies Weed Strain online<\/strong>\u00a0and enjoy its well-known flavor and potency. Many cannabis enthusiasts prefer to Buy Blue Cookies Weed Strain because of its strong indica dominance and rich aroma.<\/p>\n<p class=\"ds-markdown-paragraph\">Blue Cookies are famous for their\u00a0<a href=\"https:\/\/dankplugeu.com\/sv\/produkt\/kopa-bla-drom-ogras-stam-uk\/\"><strong>high potency levels<\/strong><\/a>, which many marijuana users find\u00a0<strong>incredible in many ways<\/strong>. The strain&#8217;s\u00a0<strong>Indica dominance<\/strong>, high THC levels, and\u00a0<strong>irresistible flavor and aroma<\/strong>\u00a0make it a darling among marijuana enthusiasts.<\/p>\n<h3 class=\"ds-markdown-paragraph\">Genotypen av bl\u00e5 kakor<\/h3>\n<p class=\"ds-markdown-paragraph\">Legal Blue Cookies strain safe carry the marijuana genotypes that are unique and only found in this strain. First things first, Blue Cookies seeds are Indica-dominant, with the Indica taking 90% of the weed, while the Sativa takes the remaining 10%. The parent strains of Blue Cookies are Girl Scout Cookies and Blueberry.<\/p>\n<p class=\"ds-markdown-paragraph\">Because of its strong lineage, many cannabis enthusiasts search for the\u00a0<strong>Best place to buy Blue Cookies Weed Strain online<\/strong>\u00a0to ensure they receive authentic and high-quality products.<\/p>\n<h3 class=\"ds-markdown-paragraph\">Fenotypen av Blue Cookies fr\u00f6n<\/h3>\n<p class=\"ds-markdown-paragraph\">Blandningen av Blue Cookies ogr\u00e4sfr\u00f6n och odlingsf\u00f6rh\u00e5llanden ger Blue Cookies dess unika egenskaper, som du enkelt kan identifiera genom dess varum\u00e4rkes fysiska egenskaper.<\/p>\n<p class=\"ds-markdown-paragraph\">The <a href=\"https:\/\/leafwell.com\/cannabis-strains\/blue-cookies\">phenotype of Blue Cookies<\/a> plants can vary depending on cultivation methods and environmental conditions. Growers who Buy Blue Cookies Weed Strain seeds will often recognize the strain through its distinctive physical appearance.<\/p>\n<p class=\"ds-markdown-paragraph\">Den f\u00f6rsta anm\u00e4rkningsv\u00e4rda egenskapen i denna marijuana-stam \u00e4r de l\u00e5nga, koniska bladen t\u00e4ckta av orange pistiller. Bladen \u00e4r t\u00e4ckta av en djup spelare av grumliga trikomer, vilket ger dem en silver touch.<\/p>\n<h3 class=\"ds-markdown-paragraph\">Blomningstid<\/h3>\n<p class=\"ds-markdown-paragraph\">After the Blue Cookies feminized seeds successfully germinate, the grower must take good care of the plants until they harvest the flower buds. The period between the germination of Blue Cookies weed seeds and the onset of the flowering phase takes time depending on the technique you plan to apply. The flowering ends between 56 to 63 days, which is relatively short for <strong><a href=\"https:\/\/en.wikipedia.org\/wiki\/List_of_names_for_cannabis\">indoor-grown marijuana<\/a><\/strong>.<\/p>\n<p class=\"ds-markdown-paragraph\">Indoor growers who Order Blue Cookies Weed Strain online often notice that the flowering period lasts between 56 and 63 days, which is relatively short compared with many other cannabis strains. Because of this manageable growth cycle, cultivators often research the\u00a0<strong>Price of Blue Cookies Weed Strain<\/strong>\u00a0when evaluating its value in the cannabis market.<\/p>\n<h3 class=\"ds-markdown-paragraph\">Var kan man k\u00f6pa Blue Cookies weed online?<\/h3>\n<p class=\"ds-markdown-paragraph\">In order to buy Blue Cookies weed online, you can directly get in touch with our\u00a0<strong>online dispensary UK<\/strong>\u00a0in the online market. Our vendors and suppliers will help you buy Blue Cookies weed online conveniently in the UK, Spain and Ireland. As a\u00a0<strong>trusted marketplace<\/strong>\u00a0och\u00a0<strong>trusted marketplace for Blue Cookies<\/strong>, we ensure reliability.<\/p>\n<p class=\"ds-markdown-paragraph\">By choosing a\u00a0<strong>trusted marketplace<\/strong>, customers can easily\u00a0<strong>Order Blue Cookies Weed Strain online<\/strong>\u00a0and receive high-quality cannabis products delivered in a timely manner. For those wondering\u00a0<strong>Where to buy Blue Cookies weed online UK<\/strong>, our dispensary provides the answer. Many buyers also compare the\u00a0<strong>Price of Blue Cookies Weed Strain<\/strong>\u00a0to ensure they receive premium products at competitive rates.<\/p>\n<p class=\"ds-markdown-paragraph\">The\u00a0<strong>potent indica effects<\/strong>,\u00a0<strong>delicate flavor profile<\/strong>, and\u00a0<strong>incredible potency<\/strong>\u00a0of Blue Cookies make it a favorite among cannabis enthusiasts who choose\u00a0<strong>DankPlugEU<\/strong>\u00a0as their preferred\u00a0<strong>online dispensary UK<\/strong>\u00a0och\u00a0<strong>Best place to buy Blue Cookies Weed Strain online<\/strong>. <a href=\"https:\/\/dankplugeu.com\/sv\/produkt\/kopa-bla-kakor-ogras-stam-uk\/\"><strong>Best sellers<\/strong><\/a><\/p>","protected":false},"excerpt":{"rendered":"<p>Buy Blue Cookies Weed Strain UK DankPlugEU\u00a0is an ideal choice for people seeking to buy Blue Cookies weed online UK at affordable prices. We are a\u00a0specialized group of professionals\u00a0who go through every detail and complete orders as stated by the customers. We also have\u00a0Blue Cookies weed for sale\u00a0here.\u00a0Order Blue Cookies Weed Strain online\u00a0to enjoy its [&hellip;]<\/p>","protected":false},"featured_media":17827,"comment_status":"open","ping_status":"closed","template":"","meta":{"_joinchat":[]},"product_cat":[231,132],"product_tag":[802,803,804,807,797,808,318,810,799,320,794,796,795,319,321,792,812,793,798,788,317,790,789,787],"class_list":{"0":"post-17810","1":"product","2":"type-product","3":"status-publish","4":"has-post-thumbnail","6":"product_cat-hybrid-strain-for-sale-uk","7":"product_cat-marijuana-strains-for-sale-uk","8":"product_tag-blue-cookies-australia","9":"product_tag-blue-cookies-canada","10":"product_tag-blue-cookies-china","11":"product_tag-blue-cookies-dosage","12":"product_tag-blue-cookies-ebay","13":"product_tag-blue-cookies-effects","14":"product_tag-blue-cookies-for-sale","15":"product_tag-blue-cookies-legal","16":"product_tag-blue-cookies-online","17":"product_tag-blue-cookies-online-hybrid","18":"product_tag-blue-cookies-quantity","19":"product_tag-blue-cookies-reddit","20":"product_tag-blue-cookies-review","21":"product_tag-blue-cookies-strain","22":"product_tag-blue-cookies-strain-in-uk","23":"product_tag-blue-cookies-supplier","24":"product_tag-blue-cookies-usa","25":"product_tag-blue-cookies-vendor","26":"product_tag-blue-cookies-wiki","27":"product_tag-buy-blue-cookies","28":"product_tag-buy-blue-cookies-strain-uk","29":"product_tag-cheap-blue-cookies","30":"product_tag-order-blue-cookies","31":"product_tag-purchase-blue-cookies","33":"first","34":"instock","35":"featured","36":"shipping-taxable","37":"purchasable","38":"product-type-variable","39":"has-default-attributes"},"yoast_head":"<!-- This site is optimized with the Yoast SEO plugin v26.3 - https:\/\/yoast.com\/wordpress\/plugins\/seo\/ -->\n<title>Blue cookies weed strain Uk - Buy blue cookies online Europe<\/title>\n<meta name=\"description\" content=\"You can now easily order Blue cookies weed strain UK at affordable prices. We will help you buy blue cookies strain online Europe easily. Hit your order today!\" \/>\n<meta name=\"robots\" content=\"index, follow, max-snippet:-1, max-image-preview:large, max-video-preview:-1\" \/>\n<link rel=\"canonical\" href=\"https:\/\/dankplugeu.com\/sv\/produkt\/kopa-bla-kakor-ogras-stam-uk\/\" \/>\n<meta property=\"og:locale\" content=\"sv_SE\" \/>\n<meta property=\"og:type\" content=\"article\" \/>\n<meta property=\"og:title\" content=\"Blue cookies weed strain Uk - Buy blue cookies online Europe\" \/>\n<meta property=\"og:description\" content=\"You can now easily order Blue cookies weed strain UK at affordable prices. We will help you buy blue cookies strain online Europe easily. Hit your order today!\" \/>\n<meta property=\"og:url\" content=\"https:\/\/dankplugeu.com\/sv\/produkt\/kopa-bla-kakor-ogras-stam-uk\/\" \/>\n<meta property=\"og:site_name\" content=\"DankPlugEU\" \/>\n<meta property=\"article:modified_time\" content=\"2026-04-07T11:32:09+00:00\" \/>\n<meta property=\"og:image\" content=\"https:\/\/dankplugeu.com\/wp-content\/uploads\/2021\/04\/blue-cookies-strain.jpg\" \/>\n\t<meta property=\"og:image:width\" content=\"600\" \/>\n\t<meta property=\"og:image:height\" content=\"600\" \/>\n\t<meta property=\"og:image:type\" content=\"image\/jpeg\" \/>\n<meta name=\"twitter:card\" content=\"summary_large_image\" \/>\n<meta name=\"twitter:label1\" content=\"Ber\u00e4knad l\u00e4stid\" \/>\n\t<meta name=\"twitter:data1\" content=\"3 minuter\" \/>\n<script type=\"application\/ld+json\" class=\"yoast-schema-graph\">{\"@context\":\"https:\/\/schema.org\",\"@graph\":[{\"@type\":\"WebPage\",\"@id\":\"https:\/\/dankplugeu.com\/product\/buy-blue-cookies-weed-strain-uk\/\",\"url\":\"https:\/\/dankplugeu.com\/product\/buy-blue-cookies-weed-strain-uk\/\",\"name\":\"Blue cookies weed strain Uk - Buy blue cookies online Europe\",\"isPartOf\":{\"@id\":\"https:\/\/dankplugeu.com\/#website\"},\"primaryImageOfPage\":{\"@id\":\"https:\/\/dankplugeu.com\/product\/buy-blue-cookies-weed-strain-uk\/#primaryimage\"},\"image\":{\"@id\":\"https:\/\/dankplugeu.com\/product\/buy-blue-cookies-weed-strain-uk\/#primaryimage\"},\"thumbnailUrl\":\"https:\/\/dankplugeu.com\/wp-content\/uploads\/2021\/04\/blue-cookies-strain.jpg\",\"datePublished\":\"2021-04-12T15:22:52+00:00\",\"dateModified\":\"2026-04-07T11:32:09+00:00\",\"description\":\"You can now easily order Blue cookies weed strain UK at affordable prices. We will help you buy blue cookies strain online Europe easily. Hit your order today!\",\"breadcrumb\":{\"@id\":\"https:\/\/dankplugeu.com\/product\/buy-blue-cookies-weed-strain-uk\/#breadcrumb\"},\"inLanguage\":\"sv-SE\",\"potentialAction\":[{\"@type\":\"ReadAction\",\"target\":[\"https:\/\/dankplugeu.com\/product\/buy-blue-cookies-weed-strain-uk\/\"]}]},{\"@type\":\"ImageObject\",\"inLanguage\":\"sv-SE\",\"@id\":\"https:\/\/dankplugeu.com\/product\/buy-blue-cookies-weed-strain-uk\/#primaryimage\",\"url\":\"https:\/\/dankplugeu.com\/wp-content\/uploads\/2021\/04\/blue-cookies-strain.jpg\",\"contentUrl\":\"https:\/\/dankplugeu.com\/wp-content\/uploads\/2021\/04\/blue-cookies-strain.jpg\",\"width\":600,\"height\":600,\"caption\":\"Blue Cookies Strain UK\"},{\"@type\":\"BreadcrumbList\",\"@id\":\"https:\/\/dankplugeu.com\/product\/buy-blue-cookies-weed-strain-uk\/#breadcrumb\",\"itemListElement\":[{\"@type\":\"ListItem\",\"position\":1,\"name\":\"Home\",\"item\":\"https:\/\/dankplugeu.com\/\"},{\"@type\":\"ListItem\",\"position\":2,\"name\":\"Order Weed Online UK\",\"item\":\"https:\/\/dankplugeu.com\/shop\/\"},{\"@type\":\"ListItem\",\"position\":3,\"name\":\"Buy Blue Cookies Weed Strain UK\"}]},{\"@type\":\"WebSite\",\"@id\":\"https:\/\/dankplugeu.com\/#website\",\"url\":\"https:\/\/dankplugeu.com\/\",\"name\":\"DankPlugEU\",\"description\":\"Order Weed online\",\"publisher\":{\"@id\":\"https:\/\/dankplugeu.com\/#organization\"},\"potentialAction\":[{\"@type\":\"SearchAction\",\"target\":{\"@type\":\"EntryPoint\",\"urlTemplate\":\"https:\/\/dankplugeu.com\/?s={search_term_string}\"},\"query-input\":{\"@type\":\"PropertyValueSpecification\",\"valueRequired\":true,\"valueName\":\"search_term_string\"}}],\"inLanguage\":\"sv-SE\"},{\"@type\":\"Organization\",\"@id\":\"https:\/\/dankplugeu.com\/#organization\",\"name\":\"DankPlugEU\",\"url\":\"https:\/\/dankplugeu.com\/\",\"logo\":{\"@type\":\"ImageObject\",\"inLanguage\":\"sv-SE\",\"@id\":\"https:\/\/dankplugeu.com\/#\/schema\/logo\/image\/\",\"url\":\"https:\/\/dankplugeu.com\/wp-content\/uploads\/2021\/04\/dankplugeu-logo.png\",\"contentUrl\":\"https:\/\/dankplugeu.com\/wp-content\/uploads\/2021\/04\/dankplugeu-logo.png\",\"width\":864,\"height\":216,\"caption\":\"DankPlugEU\"},\"image\":{\"@id\":\"https:\/\/dankplugeu.com\/#\/schema\/logo\/image\/\"}}]}<\/script>\n<!-- \/ Yoast SEO plugin. -->","yoast_head_json":{"title":"Blue cookies weed strain Uk - Buy blue cookies online Europe","description":"You can now easily order Blue cookies weed strain UK at affordable prices. We will help you buy blue cookies strain online Europe easily. Hit your order today!","robots":{"index":"index","follow":"follow","max-snippet":"max-snippet:-1","max-image-preview":"max-image-preview:large","max-video-preview":"max-video-preview:-1"},"canonical":"https:\/\/dankplugeu.com\/sv\/produkt\/kopa-bla-kakor-ogras-stam-uk\/","og_locale":"sv_SE","og_type":"article","og_title":"Blue cookies weed strain Uk - Buy blue cookies online Europe","og_description":"You can now easily order Blue cookies weed strain UK at affordable prices. We will help you buy blue cookies strain online Europe easily. Hit your order today!","og_url":"https:\/\/dankplugeu.com\/sv\/produkt\/kopa-bla-kakor-ogras-stam-uk\/","og_site_name":"DankPlugEU","article_modified_time":"2026-04-07T11:32:09+00:00","og_image":[{"width":600,"height":600,"url":"https:\/\/dankplugeu.com\/wp-content\/uploads\/2021\/04\/blue-cookies-strain.jpg","type":"image\/jpeg"}],"twitter_card":"summary_large_image","twitter_misc":{"Ber\u00e4knad l\u00e4stid":"3 minuter"},"schema":{"@context":"https:\/\/schema.org","@graph":[{"@type":"WebPage","@id":"https:\/\/dankplugeu.com\/product\/buy-blue-cookies-weed-strain-uk\/","url":"https:\/\/dankplugeu.com\/product\/buy-blue-cookies-weed-strain-uk\/","name":"Blue cookies weed strain Uk - Buy blue cookies online Europe","isPartOf":{"@id":"https:\/\/dankplugeu.com\/#website"},"primaryImageOfPage":{"@id":"https:\/\/dankplugeu.com\/product\/buy-blue-cookies-weed-strain-uk\/#primaryimage"},"image":{"@id":"https:\/\/dankplugeu.com\/product\/buy-blue-cookies-weed-strain-uk\/#primaryimage"},"thumbnailUrl":"https:\/\/dankplugeu.com\/wp-content\/uploads\/2021\/04\/blue-cookies-strain.jpg","datePublished":"2021-04-12T15:22:52+00:00","dateModified":"2026-04-07T11:32:09+00:00","description":"You can now easily order Blue cookies weed strain UK at affordable prices. We will help you buy blue cookies strain online Europe easily. Hit your order today!","breadcrumb":{"@id":"https:\/\/dankplugeu.com\/product\/buy-blue-cookies-weed-strain-uk\/#breadcrumb"},"inLanguage":"sv-SE","potentialAction":[{"@type":"ReadAction","target":["https:\/\/dankplugeu.com\/product\/buy-blue-cookies-weed-strain-uk\/"]}]},{"@type":"ImageObject","inLanguage":"sv-SE","@id":"https:\/\/dankplugeu.com\/product\/buy-blue-cookies-weed-strain-uk\/#primaryimage","url":"https:\/\/dankplugeu.com\/wp-content\/uploads\/2021\/04\/blue-cookies-strain.jpg","contentUrl":"https:\/\/dankplugeu.com\/wp-content\/uploads\/2021\/04\/blue-cookies-strain.jpg","width":600,"height":600,"caption":"Blue Cookies Strain UK"},{"@type":"BreadcrumbList","@id":"https:\/\/dankplugeu.com\/product\/buy-blue-cookies-weed-strain-uk\/#breadcrumb","itemListElement":[{"@type":"ListItem","position":1,"name":"Home","item":"https:\/\/dankplugeu.com\/"},{"@type":"ListItem","position":2,"name":"Order Weed Online UK","item":"https:\/\/dankplugeu.com\/shop\/"},{"@type":"ListItem","position":3,"name":"Buy Blue Cookies Weed Strain UK"}]},{"@type":"WebSite","@id":"https:\/\/dankplugeu.com\/#website","url":"https:\/\/dankplugeu.com\/","name":"DankPlugEU","description":"Order Weed online","publisher":{"@id":"https:\/\/dankplugeu.com\/#organization"},"potentialAction":[{"@type":"SearchAction","target":{"@type":"EntryPoint","urlTemplate":"https:\/\/dankplugeu.com\/?s={search_term_string}"},"query-input":{"@type":"PropertyValueSpecification","valueRequired":true,"valueName":"search_term_string"}}],"inLanguage":"sv-SE"},{"@type":"Organization","@id":"https:\/\/dankplugeu.com\/#organization","name":"DankPlugEU","url":"https:\/\/dankplugeu.com\/","logo":{"@type":"ImageObject","inLanguage":"sv-SE","@id":"https:\/\/dankplugeu.com\/#\/schema\/logo\/image\/","url":"https:\/\/dankplugeu.com\/wp-content\/uploads\/2021\/04\/dankplugeu-logo.png","contentUrl":"https:\/\/dankplugeu.com\/wp-content\/uploads\/2021\/04\/dankplugeu-logo.png","width":864,"height":216,"caption":"DankPlugEU"},"image":{"@id":"https:\/\/dankplugeu.com\/#\/schema\/logo\/image\/"}}]}},"_links":{"self":[{"href":"https:\/\/dankplugeu.com\/sv\/wp-json\/wp\/v2\/product\/17810","targetHints":{"allow":["GET"]}}],"collection":[{"href":"https:\/\/dankplugeu.com\/sv\/wp-json\/wp\/v2\/product"}],"about":[{"href":"https:\/\/dankplugeu.com\/sv\/wp-json\/wp\/v2\/types\/product"}],"replies":[{"embeddable":true,"href":"https:\/\/dankplugeu.com\/sv\/wp-json\/wp\/v2\/comments?post=17810"}],"wp:featuredmedia":[{"embeddable":true,"href":"https:\/\/dankplugeu.com\/sv\/wp-json\/wp\/v2\/media\/17827"}],"wp:attachment":[{"href":"https:\/\/dankplugeu.com\/sv\/wp-json\/wp\/v2\/media?parent=17810"}],"wp:term":[{"taxonomy":"product_cat","embeddable":true,"href":"https:\/\/dankplugeu.com\/sv\/wp-json\/wp\/v2\/product_cat?post=17810"},{"taxonomy":"product_tag","embeddable":true,"href":"https:\/\/dankplugeu.com\/sv\/wp-json\/wp\/v2\/product_tag?post=17810"}],"curies":[{"name":"wp","href":"https:\/\/api.w.org\/{rel}","templated":true}]}}